{"id":116440,"date":"2023-04-22T00:00:00","date_gmt":"2023-04-22T05:00:00","guid":{"rendered":"http:\/\/gpl-love.com\/es\/?post_type=product&#038;p=116440"},"modified":"2026-03-13T17:17:19","modified_gmt":"2026-03-13T22:17:19","slug":"caden-mega-store-responsive-wordpress-theme","status":"publish","type":"product","link":"https:\/\/gpl-love.com\/es\/producto\/caden-mega-store-responsive-wordpress-theme\/","title":{"rendered":"Caden Mega Store Responsive WordPress Theme 1.4.3"},"content":{"rendered":"<h3>Caden Mega Store Responsive WordPress Theme Caracteristicas<\/h3>\n<p>El tema de WordPress receptivo de Caden Mega Store se presenta como la soluci\u00f3n ideal para las personas que buscan establecer una tienda en l\u00ednea con atractivo est\u00e9tico y funcionalidad perfecta. Enfatizando su capacidad de respuesta completa, este tema se adapta sin esfuerzo a varios tama\u00f1os de pantalla, asegurando una experiencia de usuario perfecta y agradable en todos los dispositivos. Con su interfaz intuitiva, la personalizaci\u00f3n se convierte en una brisa, lo que permite a los usuarios adaptar el tema a sus preferencias y necesidades espec\u00edficas, mejorando en \u00faltima instancia la presentaci\u00f3n de sus productos de la manera m\u00e1s \u00f3ptima. Adem\u00e1s, este tema incorpora una multitud de caracter\u00edsticas \u00fatiles, incluidos filtros de productos, funciones de b\u00fasqueda y un carrito de compras, todo lo cual contribuye a la facilidad con la que los clientes pueden navegar y comprar con \u00e9xito sus art\u00edculos deseados. En general, el tema de WordPress de WordPress de Caden Mega Store es una opci\u00f3n vers\u00e1til y confiable para aquellos que buscan una tienda en l\u00ednea visualmente impresionante y altamente funcional.<\/p>\n<ul>\n<li>Tema de WordPress dise\u00f1ado profesionalmente para tiendas en l\u00ednea<\/li>\n<li>Dise\u00f1o totalmente receptivo optimizado para todos los dispositivos<\/li>\n<li>Instalaci\u00f3n de un solo clic con contenido de demostraci\u00f3n incluido<\/li>\n<li>Compatible con complementos de comercio electr\u00f3nico populares como WooCommerce<\/li>\n<li>P\u00e1gina de inicio personalizable con m\u00faltiples opciones de dise\u00f1o<\/li>\n<li>Opciones avanzadas de b\u00fasqueda y filtrado de productos<\/li>\n<li>P\u00e1ginas de productos detalladas con m\u00faltiples vistas y revisiones de im\u00e1genes<\/li>\n<li>Men\u00fa de mega incorporado para una f\u00e1cil navegaci\u00f3n<\/li>\n<li>Integraci\u00f3n con pasarelas de pago populares<\/li>\n<li>SEO optimizado para mejorar la clasificaci\u00f3n del motor de b\u00fasqueda<\/li>\n<li>Velocidades de carga r\u00e1pidas para mejorar la experiencia del usuario<\/li>\n<li>Actualizaciones regulares y atenci\u00f3n al cliente dedicada.<\/li>\n<\/ul>\n","protected":false},"excerpt":{"rendered":"<p>Bienvenido al tema de WordPress receptivo de Caden Mega Store, donde el estilo cumple con la funcionalidad. Este tema f\u00e1cil de usar es perfecto para cualquier mega tienda en l\u00ednea que quiera aumentar su presencia digital. Con su dise\u00f1o receptivo, su sitio web se ver\u00e1 impresionante en todos los dispositivos, ya sea un escritorio, tableta o tel\u00e9fono inteligente. La personalizaci\u00f3n f\u00e1cil le permite adaptar el tema al estilo \u00fanico de su marca, mientras que la integraci\u00f3n de WordPress significa que incluso aquellos con una habilidad t\u00e9cnica m\u00ednima pueden administrar su sitio con facilidad. El tema de la tienda Caden Mega tambi\u00e9n presenta una velocidad de carga r\u00e1pida, asegurando que sus clientes no se queden esperando. Adem\u00e1s, con la optimizaci\u00f3n de SEO, su tienda se ubicar\u00e1 en los resultados de los motores de b\u00fasqueda, aumentando la visibilidad y la conducci\u00f3n del tr\u00e1fico. Transforme su tienda en l\u00ednea con el tema de WordPress de WordPress de Caden Mega Store.<\/p>\n","protected":false},"featured_media":165582,"comment_status":"open","ping_status":"open","template":"","meta":[],"product_brand":[2337],"product_cat":[1263,1264,1237],"product_tag":[1391],"class_list":{"0":"post-116440","1":"product","2":"type-product","3":"status-publish","4":"has-post-thumbnail","6":"product_brand-themeforest","7":"product_cat-comercio-electronico-temas","8":"product_cat-negocio","9":"product_cat-temas","10":"product_tag-themeforest","11":"member-discount","12":"discount-restricted","14":"first","15":"instock","16":"sale","17":"downloadable","18":"virtual","19":"sold-individually","20":"purchasable","21":"product-type-simple"},"_links":{"self":[{"href":"https:\/\/gpl-love.com\/es\/wp-json\/wp\/v2\/product\/116440","targetHints":{"allow":["GET"]}}],"collection":[{"href":"https:\/\/gpl-love.com\/es\/wp-json\/wp\/v2\/product"}],"about":[{"href":"https:\/\/gpl-love.com\/es\/wp-json\/wp\/v2\/types\/product"}],"replies":[{"embeddable":true,"href":"https:\/\/gpl-love.com\/es\/wp-json\/wp\/v2\/comments?post=116440"}],"wp:featuredmedia":[{"embeddable":true,"href":"https:\/\/gpl-love.com\/es\/wp-json\/wp\/v2\/media\/165582"}],"wp:attachment":[{"href":"https:\/\/gpl-love.com\/es\/wp-json\/wp\/v2\/media?parent=116440"}],"wp:term":[{"taxonomy":"product_brand","embeddable":true,"href":"https:\/\/gpl-love.com\/es\/wp-json\/wp\/v2\/product_brand?post=116440"},{"taxonomy":"product_cat","embeddable":true,"href":"https:\/\/gpl-love.com\/es\/wp-json\/wp\/v2\/product_cat?post=116440"},{"taxonomy":"product_tag","embeddable":true,"href":"https:\/\/gpl-love.com\/es\/wp-json\/wp\/v2\/product_tag?post=116440"}],"curies":[{"name":"wp","href":"https:\/\/api.w.org\/{rel}","templated":true}]}}