{"id":116438,"date":"2026-04-07T00:00:00","date_gmt":"2026-04-07T05:00:00","guid":{"rendered":"http:\/\/gpl-love.com\/es\/?post_type=product&#038;p=116438"},"modified":"2026-04-10T11:19:02","modified_gmt":"2026-04-10T16:19:02","slug":"nextend-social-login-pro","status":"publish","type":"product","link":"https:\/\/gpl-love.com\/es\/producto\/nextend-social-login-pro\/","title":{"rendered":"Nextend Social Login Pro 3.1.25"},"content":{"rendered":"<h3>Nextend Social Login Pro Caracteristicas<\/h3>\n<p>Nextend Social Login Pro, un complemento muy robusto, sirve como un facilitador notable, otorgando a los usuarios la capacidad de acceder a la perfecci\u00f3n sus cuentas a trav\u00e9s de varias plataformas de redes sociales como Facebook, Google, Twitter, LinkedIn, Instagram y muchas m\u00e1s. Este complemento, que es incre\u00edblemente f\u00e1cil de usar y abarca una amplia gama de opciones de personalizaci\u00f3n, garantiza una integraci\u00f3n sin esfuerzo en cualquier sitio web o aplicaci\u00f3n. Al emplear a Nextend Social Login Pro, los usuarios pueden registrarse e iniciar sesi\u00f3n r\u00e1pida y sin esfuerzo con solo unos pocos clics, ahorrando as\u00ed un tiempo invaluable y eludir la necesidad de mantener m\u00faltiples nombres de usuario y contrase\u00f1as. Adem\u00e1s, este complemento ofrece caracter\u00edsticas de seguridad sofisticadas, incluida la autenticaci\u00f3n de dos factores y la protecci\u00f3n contra el spam, para garantizar la m\u00e1xima seguridad de los datos del usuario. Independientemente de si usted es propietario de un sitio web, desarrollador o vendedor, Nextend Social Login Pro es una herramienta indispensable, racionalizando los procesos de registro e inicio de sesi\u00f3n del usuario, mejorando significativamente la experiencia general del usuario.<\/p>\n<ul>\n<li>Integraci\u00f3n perfecta de las opciones de inicio de sesi\u00f3n social en su sitio web o aplicaci\u00f3n<\/li>\n<li>Compatible con m\u00e1s de 35 perfiles de redes sociales como Facebook, Google, Twitter, LinkedIn y m\u00e1s<\/li>\n<li>Capacidad para personalizar los estilos de botones de inicio de sesi\u00f3n para que coincidan con la est\u00e9tica de su sitio web<\/li>\n<li>Opci\u00f3n para recopilar datos sociales del usuario como nombre, edad, ubicaci\u00f3n, etc. Al iniciar sesi\u00f3n<\/li>\n<li>Manejo de datos de usuario seguro a trav\u00e9s de los protocolos OAuth, HTTPS y SSL<\/li>\n<li>Compatibilidad con plataformas populares de WordPress, incluidos BuddyPress y WooCommerce<\/li>\n<li>Soporte multiling\u00fce para una audiencia global<\/li>\n<li>An\u00e1lisis e informes detallados, incluidos registros de actividad y estad\u00edsticas de usuario<\/li>\n<li>Atenci\u00f3n al cliente confiable y actualizaciones peri\u00f3dicas para mantenerse al d\u00eda con las \u00faltimas API y protocolos de seguridad de las redes sociales<\/li>\n<li>El precio flexible planea satisfacer diferentes necesidades comerciales, incluida una versi\u00f3n gratuita con caracter\u00edsticas b\u00e1sicas.<\/li>\n<\/ul>\n","protected":false},"excerpt":{"rendered":"<p>Nextend Social Login Pro es un complemento incre\u00edblemente robusto y notablemente f\u00e1cil de usar que se ha dise\u00f1ado cuidadosamente para mejorar en gran medida la experiencia general de inicio de sesi\u00f3n y registro en su sitio web de WordPress. Empodera a los usuarios la capacidad sin esfuerzo para iniciar sesi\u00f3n de manera conveniente y r\u00e1pida utilizando sus diversos perfiles de redes sociales, abarcando plataformas de renombre como Facebook, Google+, Twitter y LinkedIn. Esta funcionalidad efectivamente ahorra a los usuarios un tiempo precioso y los provoca de las molestias innecesarias duraderas. Adem\u00e1s, este complemento extraordinario tambi\u00e9n le brinda la invaluable oportunidad de adaptar h\u00e1bilmente los formularios de inicio de sesi\u00f3n y registro para alinearse con sus preferencias y requisitos espec\u00edficos, lo que permite un nivel de personalizaci\u00f3n sin precedentes. Adem\u00e1s, le otorga la capacidad de recopilar eficientemente los datos de los usuarios pertinentes, lo que puede ser invaluable para sus esfuerzos de marketing. Al aprovechar las capacidades excepcionales de Nextend Social Login Pro, est\u00e1 obligado a presenciar un aumento sustancial y notable en la participaci\u00f3n del usuario y un aumento innegable en el tr\u00e1fico a su estimado sitio web.<\/p>\n","protected":false},"featured_media":166987,"comment_status":"open","ping_status":"open","template":"","meta":[],"product_brand":[2507],"product_cat":[1214,1206,1211],"product_tag":[2198],"class_list":{"0":"post-116438","1":"product","2":"type-product","3":"status-publish","4":"has-post-thumbnail","6":"product_brand-nextend","7":"product_cat-personalizacion","8":"product_cat-plugins","9":"product_cat-wordpress-plugins","10":"product_tag-nextend","11":"member-discount","12":"discount-restricted","14":"first","15":"instock","16":"sale","17":"downloadable","18":"virtual","19":"sold-individually","20":"purchasable","21":"product-type-simple"},"_links":{"self":[{"href":"https:\/\/gpl-love.com\/es\/wp-json\/wp\/v2\/product\/116438","targetHints":{"allow":["GET"]}}],"collection":[{"href":"https:\/\/gpl-love.com\/es\/wp-json\/wp\/v2\/product"}],"about":[{"href":"https:\/\/gpl-love.com\/es\/wp-json\/wp\/v2\/types\/product"}],"replies":[{"embeddable":true,"href":"https:\/\/gpl-love.com\/es\/wp-json\/wp\/v2\/comments?post=116438"}],"wp:featuredmedia":[{"embeddable":true,"href":"https:\/\/gpl-love.com\/es\/wp-json\/wp\/v2\/media\/166987"}],"wp:attachment":[{"href":"https:\/\/gpl-love.com\/es\/wp-json\/wp\/v2\/media?parent=116438"}],"wp:term":[{"taxonomy":"product_brand","embeddable":true,"href":"https:\/\/gpl-love.com\/es\/wp-json\/wp\/v2\/product_brand?post=116438"},{"taxonomy":"product_cat","embeddable":true,"href":"https:\/\/gpl-love.com\/es\/wp-json\/wp\/v2\/product_cat?post=116438"},{"taxonomy":"product_tag","embeddable":true,"href":"https:\/\/gpl-love.com\/es\/wp-json\/wp\/v2\/product_tag?post=116438"}],"curies":[{"name":"wp","href":"https:\/\/api.w.org\/{rel}","templated":true}]}}