{"id":116388,"date":"2023-08-10T00:00:00","date_gmt":"2023-08-10T05:00:00","guid":{"rendered":"http:\/\/gpl-love.com\/es\/?post_type=product&#038;p=116388"},"modified":"2026-03-09T08:32:01","modified_gmt":"2026-03-09T13:32:01","slug":"wpmu-dev-shipper-pro","status":"publish","type":"product","link":"https:\/\/gpl-love.com\/es\/producto\/wpmu-dev-shipper-pro\/","title":{"rendered":"WPMU DEV Shipper Pro 1.2.15"},"content":{"rendered":"<h3>WPMU DEV Shipper Pro Caracteristicas<\/h3>\n<p>WPMU Dev Shipper Pro es un complemento altamente capaz y robusto que se ha creado meticulosamente para racionalizar todo el proceso de migraci\u00f3n, respaldo y clonaci\u00f3n de sitios de WordPress. Esta herramienta excepcional permite a los usuarios transferir sin esfuerzo sus preciados sitios web de WordPress de un servidor a otro con la mayor facilidad y eficiencia, todo con solo unos pocos clics. Lo que distingue a este complemento notable del resto es su capacidad incomparable para ejecutar esta transferencia perfecta sin incurrir en ning\u00fan tiempo de inactividad o arriesgar ninguna p\u00e9rdida de datos invaluables.<\/p>\n<p>Al aprovechar su interfaz notablemente f\u00e1cil de usar y una variedad de caracter\u00edsticas avanzadas, Shipper Pro permite a los usuarios crear copias de seguridad integrales de sus sitios de WordPress. Estas copias de seguridad abarcan todos los elementos vitales, como archivos, bases de datos, temas, complementos y configuraciones, sin dejar piedra sin mover. Adem\u00e1s, Shipper Pro cuenta con la capacidad de realizar copias de seguridad incrementales, lo que facilita a los usuarios para programar copias de seguridad autom\u00e1ticas que garanticen que sus sitios web permanezcan constantemente actualizados y protegidos integralmente.<\/p>\n<p>Adem\u00e1s, este complemento excepcional est\u00e1 cuidadosamente equipado con una variedad de herramientas indispensables que est\u00e1n espec\u00edficamente adaptadas para abordar los problemas de migraci\u00f3n comunes. Estas herramientas abarcan funcionalidades como el reemplazo de URL, la b\u00fasqueda y el reemplazo de la base de datos, y el soporte SSL impecable. Esta combinaci\u00f3n de caracter\u00edsticas esenciales sirve para elevar a\u00fan m\u00e1s la experiencia general del usuario, lo que hace que todo el proceso de migraci\u00f3n, clonaci\u00f3n y respaldo de los sitios de WordPress sea una brisa absoluta.<\/p>\n<p>Quiz\u00e1s el aspecto m\u00e1s notable de WPMU Dev Shipper Pro es su gran accesibilidad y facilidad de uso. Este complemento incomparable ha sido ingeniosamente dise\u00f1ado para ser navegable sin esfuerzo, por lo que es accesible para los usuarios de todos los niveles de experiencia t\u00e9cnica. Atr\u00e1s quedaron los d\u00edas de procesos de migraci\u00f3n tediosos y complejos que exigir\u00edan conocimientos t\u00e9cnicos extensos. Con Shipper Pro, los usuarios ahora pueden embarcarse sin esfuerzo en el proceso de migraci\u00f3n, clonaci\u00f3n y respaldo de sus sitios de WordPress, todo sin experiencia t\u00e9cnica o complicaciones innecesarias.<\/p>\n<ul>\n<li>F\u00e1cil migraci\u00f3n de sitios web de un dominio a otro sin ning\u00fan tiempo de inactividad<\/li>\n<li>Opci\u00f3n para agrupar o excluir ciertos archivos y tablas de bases de datos para una migraci\u00f3n eficiente<\/li>\n<li>Funci\u00f3n autom\u00e1tica de copia de seguridad y restauraci\u00f3n para garantizar la seguridad de los datos durante la migraci\u00f3n<\/li>\n<li>Capacidad para crear sitios de estadificaci\u00f3n para probar los cambios en el sitio web antes de hacerlos en vivo<\/li>\n<li>Compatibilidad con proveedores de alojamiento populares y configuraciones de WordPress<\/li>\n<li>Interfaz f\u00e1cil de usar con instrucciones paso a paso para procesos de migraci\u00f3n sin problemas<\/li>\n<li>Soporte 24\/7 del equipo de desarrollo de WPMU para ayudar con cualquier problema o pregunta de migraci\u00f3n<\/li>\n<li>Soluci\u00f3n que ahorra tiempo para propietarios de sitios web o desarrolladores que con frecuencia migran sitios web<\/li>\n<\/ul>\n","protected":false},"excerpt":{"rendered":"<p>WPMU Dev Shipper Pro, la herramienta incomparable para los propietarios de sitios web en busca de una migraci\u00f3n perfecta, copia de seguridad o proceso de restauraci\u00f3n para sus sitios de WordPress, est\u00e1 aqu\u00ed. Shipper Pro simplifica la tarea de transferir su sitio web de un proveedor de alojamiento a otro o salvaguardarlo para uso futuro. Este complemento robusto cuenta con una gran cantidad de caracter\u00edsticas, incluida la optimizaci\u00f3n autom\u00e1tica de la base de datos, la puesta en escena de un solo clic y las copias de seguridad incrementales, todas destinadas a garantizar la mayor seguridad de sus valiosos datos. \u00a1D\u00e9jate despedir a las arduas migraciones manuales y los procedimientos de respaldo enrevesados \u200b\u200badoptando el shitidor de desarrollo de WPMU sin demora!<\/p>\n","protected":false},"featured_media":168543,"comment_status":"open","ping_status":"open","template":"","meta":[],"product_brand":[2648],"product_cat":[1212,1206,1211],"product_tag":[1454],"class_list":{"0":"post-116388","1":"product","2":"type-product","3":"status-publish","4":"has-post-thumbnail","6":"product_brand-wpmu","7":"product_cat-administracion-wordpress-plugins","8":"product_cat-plugins","9":"product_cat-wordpress-plugins","10":"product_tag-wpmu","11":"member-discount","12":"discount-restricted","14":"first","15":"instock","16":"sale","17":"downloadable","18":"virtual","19":"sold-individually","20":"purchasable","21":"product-type-simple"},"_links":{"self":[{"href":"https:\/\/gpl-love.com\/es\/wp-json\/wp\/v2\/product\/116388","targetHints":{"allow":["GET"]}}],"collection":[{"href":"https:\/\/gpl-love.com\/es\/wp-json\/wp\/v2\/product"}],"about":[{"href":"https:\/\/gpl-love.com\/es\/wp-json\/wp\/v2\/types\/product"}],"replies":[{"embeddable":true,"href":"https:\/\/gpl-love.com\/es\/wp-json\/wp\/v2\/comments?post=116388"}],"wp:featuredmedia":[{"embeddable":true,"href":"https:\/\/gpl-love.com\/es\/wp-json\/wp\/v2\/media\/168543"}],"wp:attachment":[{"href":"https:\/\/gpl-love.com\/es\/wp-json\/wp\/v2\/media?parent=116388"}],"wp:term":[{"taxonomy":"product_brand","embeddable":true,"href":"https:\/\/gpl-love.com\/es\/wp-json\/wp\/v2\/product_brand?post=116388"},{"taxonomy":"product_cat","embeddable":true,"href":"https:\/\/gpl-love.com\/es\/wp-json\/wp\/v2\/product_cat?post=116388"},{"taxonomy":"product_tag","embeddable":true,"href":"https:\/\/gpl-love.com\/es\/wp-json\/wp\/v2\/product_tag?post=116388"}],"curies":[{"name":"wp","href":"https:\/\/api.w.org\/{rel}","templated":true}]}}