{"id":116361,"date":"2026-04-18T00:00:00","date_gmt":"2026-04-18T05:00:00","guid":{"rendered":"http:\/\/gpl-love.com\/es\/?post_type=product&#038;p=116361"},"modified":"2026-04-18T17:16:50","modified_gmt":"2026-04-18T22:16:50","slug":"woocommerce-stampscom-api","status":"publish","type":"product","link":"https:\/\/gpl-love.com\/es\/producto\/woocommerce-stampscom-api\/","title":{"rendered":"WooCommerce Stamps.com API 2.3.0"},"content":{"rendered":"<h3>WooCommerce Stamps.com API Caracteristicas<\/h3>\n<p>La API de WooCommerce Stamps.com es una herramienta excepcionalmente robusta y altamente efectiva que ofrece a los usuarios la incre\u00edble oportunidad de integrar sin problemas su tienda en l\u00ednea con la reconocida plataforma Stamps.com. Al aprovechar el inmenso poder de esta API, los usuarios pueden generar sin esfuerzo etiquetas de env\u00edo, administrar meticulosamente los pedidos y rastrear meticulosamente los env\u00edos, todo desde los l\u00edmites de su tablero de WooCommerce. Esta notable API no solo sirve para ahorrar tiempo valioso, sino que tambi\u00e9n acelera todo el proceso de env\u00edo, desde el momento en que se crea un pedido a su entrega eventual. Si uno es propietario de un negocio diminuto o una empresa colosal, la API de WooCommerce Stamps.com representa indiscutiblemente una herramienta indispensable para cualquier compromiso de comercio electr\u00f3nico que aspira a aumentar la eficiencia operativa y optimizar las complejidades nutivas de su esfuerzo de env\u00edo.<\/p>\n<ul>\n<li>Permite a los usuarios integrar f\u00e1cilmente la funcionalidad de env\u00edo de selloss.com en su tienda WooCommerce<\/li>\n<li>Permite la impresi\u00f3n de etiquetas de env\u00edo e informaci\u00f3n de seguimiento directamente desde WooCommerce<\/li>\n<li>Proporciona el c\u00e1lculo de la tarifa en tiempo real y las opciones de env\u00edo para pedidos nacionales e internacionales<\/li>\n<li>Actualiza autom\u00e1ticamente la informaci\u00f3n de seguimiento y el estado del pedido en WooCommerce<\/li>\n<li>Ofrece configuraciones de env\u00edo personalizables y opciones para satisfacer necesidades comerciales espec\u00edficas<\/li>\n<li>Proceso de cumplimiento de la l\u00ednea de racionalizaci\u00f3n, ahorrar tiempo y mejorar la eficiencia<\/li>\n<li>Elimina la necesidad de entrada manual de datos y reduce el error humano<\/li>\n<li>Facilita una integraci\u00f3n perfecta entre WooCommerce y Stamps.com para una soluci\u00f3n de env\u00edo m\u00e1s completa<\/li>\n<li>Accesible para los usuarios de todos los niveles de habilidad t\u00e9cnica con f\u00e1cil instalaci\u00f3n y proceso de configuraci\u00f3n<\/li>\n<li>Actualizado regularmente con nuevas caracter\u00edsticas y mejoras para proporcionar la mejor experiencia de usuario posible.<\/li>\n<\/ul>\n","protected":false},"excerpt":{"rendered":"<p>La API de WooCommerce Stamps.com es una herramienta extremadamente potente que ofrece la facilitaci\u00f3n perfecta de su proceso de env\u00edo. Al aprovechar este complemento notable, tiene la clara ventaja de integrar su tienda WooCommerce con Stamps.com, que le permite generar sin esfuerzo etiquetas de env\u00edo y administrar sus pedidos de manera efectiva. La integraci\u00f3n de esta API optimiza efectivamente el procedimiento de env\u00edo al obviar la necesidad de la laboriosa entrada de datos manuales, al tiempo que permite simularmente el seguimiento de env\u00edo autom\u00e1tico. En consecuencia, la API WooCommerce Stamps.com no solo le permite proporcionar a sus estimados clientes informaci\u00f3n de env\u00edo precisa y actualizada, sino que tambi\u00e9n disminuye efectivamente sus costos operativos y aumenta su retorno general de la inversi\u00f3n.<\/p>\n","protected":false},"featured_media":168278,"comment_status":"open","ping_status":"open","template":"","meta":[],"product_brand":[2344],"product_cat":[1207,1248,1206],"product_tag":[1423],"class_list":{"0":"post-116361","1":"product","2":"type-product","3":"status-publish","4":"has-post-thumbnail","6":"product_brand-woocommerce","7":"product_cat-comercio-electronico-plugins","8":"product_cat-personalizacion-comercio-electronico-plugins","9":"product_cat-plugins","10":"product_tag-woocommerce","11":"member-discount","12":"discount-restricted","14":"first","15":"instock","16":"sale","17":"downloadable","18":"virtual","19":"sold-individually","20":"purchasable","21":"product-type-simple"},"_links":{"self":[{"href":"https:\/\/gpl-love.com\/es\/wp-json\/wp\/v2\/product\/116361","targetHints":{"allow":["GET"]}}],"collection":[{"href":"https:\/\/gpl-love.com\/es\/wp-json\/wp\/v2\/product"}],"about":[{"href":"https:\/\/gpl-love.com\/es\/wp-json\/wp\/v2\/types\/product"}],"replies":[{"embeddable":true,"href":"https:\/\/gpl-love.com\/es\/wp-json\/wp\/v2\/comments?post=116361"}],"wp:featuredmedia":[{"embeddable":true,"href":"https:\/\/gpl-love.com\/es\/wp-json\/wp\/v2\/media\/168278"}],"wp:attachment":[{"href":"https:\/\/gpl-love.com\/es\/wp-json\/wp\/v2\/media?parent=116361"}],"wp:term":[{"taxonomy":"product_brand","embeddable":true,"href":"https:\/\/gpl-love.com\/es\/wp-json\/wp\/v2\/product_brand?post=116361"},{"taxonomy":"product_cat","embeddable":true,"href":"https:\/\/gpl-love.com\/es\/wp-json\/wp\/v2\/product_cat?post=116361"},{"taxonomy":"product_tag","embeddable":true,"href":"https:\/\/gpl-love.com\/es\/wp-json\/wp\/v2\/product_tag?post=116361"}],"curies":[{"name":"wp","href":"https:\/\/api.w.org\/{rel}","templated":true}]}}