{"id":116351,"date":"2022-02-01T00:00:00","date_gmt":"2022-02-01T05:00:00","guid":{"rendered":"http:\/\/gpl-love.com\/es\/?post_type=product&#038;p=116351"},"modified":"2026-04-10T11:18:26","modified_gmt":"2026-04-10T16:18:26","slug":"mythemeshop-tabloid","status":"publish","type":"product","link":"https:\/\/gpl-love.com\/es\/producto\/mythemeshop-tabloid\/","title":{"rendered":"MyThemeShop Tabloid 1.0.11"},"content":{"rendered":"<h3>MyThemeShop Tabloid Caracteristicas<\/h3>\n<p>El tabloide, desarrollado por Mythemeshop, es un tema exquisito de WordPress que atiende a las necesidades de revistas en l\u00ednea, sitios web de noticias y otras plataformas en l\u00ednea ricas en contenido. Su dise\u00f1o meticulosamente elaborado cuenta con un dise\u00f1o contempor\u00e1neo y ordenado, que garantiza una experiencia de lectura \u00f3ptima y una navegaci\u00f3n perfecta para su audiencia. Adem\u00e1s, este tema abarca una variedad de dise\u00f1os postales, widgets personalizables y un panel de opciones empoderadas, todo lo cual le permite personalizar sin esfuerzo la apariencia y la funcionalidad de su sitio web sin requerir ninguna experiencia de codificaci\u00f3n. Adem\u00e1s, el tabloide se ha optimizado meticulosamente para los motores de b\u00fasqueda y la velocidad, asegurando tiempos de carga r\u00e1pidos y una clasificaci\u00f3n prominente en las p\u00e1ginas de resultados del motor de b\u00fasqueda. Por lo tanto, ya sea que aspira a establecer un sitio web de noticias, una revista en l\u00ednea o cualquier otra plataforma rica en contenido, el tabloide emerge como la soluci\u00f3n definitiva, que ofrece una flexibilidad, funcionalidad y rendimiento incomparables.<\/p>\n<ul>\n<li>Dise\u00f1o receptivo que se ve muy bien en cualquier dispositivo<\/li>\n<li>Opciones de personalizaci\u00f3n f\u00e1ciles, incluidos esquemas de color y tipograf\u00eda.<\/li>\n<li>Botones integrados de intercambio de redes sociales para la m\u00e1xima exposici\u00f3n<\/li>\n<li>Opciones de dise\u00f1o flexibles, incluida la colocaci\u00f3n de la barra lateral y m\u00faltiples formatos de publicaci\u00f3n<\/li>\n<li>Herramientas de gesti\u00f3n de anuncios incorporadas para ayudar a monetizar su sitio web<\/li>\n<li>Caracter\u00edsticas de optimizaci\u00f3n de SEO para mejorar la visibilidad del motor de b\u00fasqueda<\/li>\n<li>Actualizaciones regulares y excelente soporte del equipo de Mythemeshop<\/li>\n<li>Velocidades de carga r\u00e1pidas para mejorar la experiencia del usuario<\/li>\n<li>Lista de traducci\u00f3n para audiencias internacionales<\/li>\n<li>Compatible con una variedad de complementos populares.<\/li>\n<\/ul>\n","protected":false},"excerpt":{"rendered":"<p>El tabloide Mythemeshop es un tema excepcional de WordPress de calidad premium que est\u00e1 espec\u00edficamente dise\u00f1ada para sitios web de noticias o revistas, lo que lo hace realmente ideal para tales fines. Cuenta con un dise\u00f1o elegante y contempor\u00e1neo que no solo es visualmente atractivo sino tambi\u00e9n totalmente receptivo, garantizando que su contenido valioso e informativo se muestre de manera est\u00e9ticamente agradable en todos los dispositivos, independientemente de su tama\u00f1o o resoluci\u00f3n de pantalla. Adem\u00e1s, este notable tema ofrece una multitud de dise\u00f1os de p\u00e1gina de inicio, proporcion\u00e1ndole la capacidad de personalizar y adaptar su sitio web de acuerdo con sus preferencias y requisitos espec\u00edficos. Adem\u00e1s, la disponibilidad de widgets personalizables mejora a\u00fan m\u00e1s la apariencia general y la funcionalidad de su sitio web, lo que le permite crear una presencia en l\u00ednea verdaderamente \u00fanica y cautivadora. Adem\u00e1s, el tema ofrece una amplia gama de formatos de publicaci\u00f3n para elegir, lo que le permite presentar su contenido de varias maneras atractivas y convincentes. Adem\u00e1s, vale la pena se\u00f1alar que el tabloide Mythemeshop est\u00e1 meticulosamente optimizado tanto para la optimizaci\u00f3n de motores de b\u00fasqueda (SEO), lo que garantiza que su sitio web alcance y mantenga altas clasificaciones en los resultados de los motores de b\u00fasqueda, atrayendo posteriormente un mayor volumen de tr\u00e1fico org\u00e1nico. Adem\u00e1s, esta optimizaci\u00f3n para la velocidad garantiza una experiencia del usuario r\u00e1pida y perfecta, mejorando as\u00ed la satisfacci\u00f3n y retenci\u00f3n del usuario. Con su flexibilidad incomparable y sus caracter\u00edsticas f\u00e1ciles de usar, el tabloide Mythemeshop es, sin duda, una opci\u00f3n excepcional y altamente encomiable para cualquier sitio web que busque ofrecer una presentaci\u00f3n profesional y pulida que sea visualmente atractiva y funcionalmente eficiente.<\/p>\n","protected":false},"featured_media":166937,"comment_status":"open","ping_status":"open","template":"","meta":[],"product_brand":[2505],"product_cat":[1245,1237,1238],"product_tag":[1334],"class_list":{"0":"post-116351","1":"product","2":"type-product","3":"status-publish","4":"has-post-thumbnail","6":"product_brand-my-theme-shop","7":"product_cat-blog-revista","8":"product_cat-temas","9":"product_cat-wordpress-temas","10":"product_tag-my-theme-shop","11":"member-discount","12":"discount-restricted","14":"first","15":"instock","16":"sale","17":"downloadable","18":"virtual","19":"sold-individually","20":"purchasable","21":"product-type-simple"},"_links":{"self":[{"href":"https:\/\/gpl-love.com\/es\/wp-json\/wp\/v2\/product\/116351","targetHints":{"allow":["GET"]}}],"collection":[{"href":"https:\/\/gpl-love.com\/es\/wp-json\/wp\/v2\/product"}],"about":[{"href":"https:\/\/gpl-love.com\/es\/wp-json\/wp\/v2\/types\/product"}],"replies":[{"embeddable":true,"href":"https:\/\/gpl-love.com\/es\/wp-json\/wp\/v2\/comments?post=116351"}],"wp:featuredmedia":[{"embeddable":true,"href":"https:\/\/gpl-love.com\/es\/wp-json\/wp\/v2\/media\/166937"}],"wp:attachment":[{"href":"https:\/\/gpl-love.com\/es\/wp-json\/wp\/v2\/media?parent=116351"}],"wp:term":[{"taxonomy":"product_brand","embeddable":true,"href":"https:\/\/gpl-love.com\/es\/wp-json\/wp\/v2\/product_brand?post=116351"},{"taxonomy":"product_cat","embeddable":true,"href":"https:\/\/gpl-love.com\/es\/wp-json\/wp\/v2\/product_cat?post=116351"},{"taxonomy":"product_tag","embeddable":true,"href":"https:\/\/gpl-love.com\/es\/wp-json\/wp\/v2\/product_tag?post=116351"}],"curies":[{"name":"wp","href":"https:\/\/api.w.org\/{rel}","templated":true}]}}