{"id":116335,"date":"2025-07-29T00:00:00","date_gmt":"2025-07-29T05:00:00","guid":{"rendered":"http:\/\/gpl-love.com\/es\/?post_type=product&#038;p=116335"},"modified":"2026-03-09T07:39:26","modified_gmt":"2026-03-09T12:39:26","slug":"gravity-forms-akismet","status":"publish","type":"product","link":"https:\/\/gpl-love.com\/es\/producto\/gravity-forms-akismet\/","title":{"rendered":"Gravity Forms Akismet 1.1.0"},"content":{"rendered":"<h3>Gravity Forms Akismet Caracteristicas<\/h3>\n<p>Gravity Forms Akismet es un complemento anti-Spam impecablemente potente, que demuestra ser bastante fundamental en el proceso de evadir las presentaciones de spam en su estimado sitio web. Este extraordinario complemento aprovecha los algoritmos complejos y avanzados para analizar meticulosamente cada sumisi\u00f3n de formulario, tamizando efectivamente a trav\u00e9s de cualquier actividad dudosa o cuestionable. En virtud de este notable complemento, podr\u00e1 proteger de manera efectiva su sitio web desde las nocivas embragues de los spammers, asegurando que solo los usuarios leg\u00edtimos y de buena fe est\u00e9n dotados del privilegio de enviar formularios. La gravedad forma el complemento Akismet le otorga la conveniencia de la instalaci\u00f3n y la configuraci\u00f3n sin esfuerzo, todo el tiempo que se integra sin problemas con el complemento de formularios de gravedad. Este complemento indudablemente se erige como una soluci\u00f3n inquebrantable y altamente confiable cuando se trata de fortalecer su sitio web contra los efectos nocivos de SPAM.<\/p>\n<ul>\n<li>Proporciona una protecci\u00f3n de spam eficiente para las formas de gravedad<\/li>\n<li>Bloquea los env\u00edos de spam verificando los datos del usuario contra la base de datos de spam de Akismet<\/li>\n<li>Reduce la necesidad de filtrarse con spam manual, ahorrar tiempo y recursos<\/li>\n<li>La configuraci\u00f3n personalizable permite flexibilidad en las preferencias de filtrado de spam<\/li>\n<li>Se integra a la perfecci\u00f3n con las formas de gravedad, lo que permite una f\u00e1cil configuraci\u00f3n y uso<\/li>\n<li>Asegura una experiencia de usuario segura y sin spam para los visitantes del sitio web<\/li>\n<li>Filtra autom\u00e1ticamente comentarios y env\u00edos para contenido potencial de spam<\/li>\n<li>Ajusta la protecci\u00f3n de spam en funci\u00f3n del tr\u00e1fico del sitio y el nivel de actividad<\/li>\n<li>Proporciona una detecci\u00f3n confiable y precisa de spam, reduciendo falsos positivos<\/li>\n<li>Las actualizaciones y mantenimiento regulares aseguran una efectividad y protecci\u00f3n continuas contra las amenazas de spam evolucionadas.<\/li>\n<\/ul>\n","protected":false},"excerpt":{"rendered":"<p>La gravedad forma Akismet, un complemento formidable, sirve para proteger sus formularios web contra la infiltraci\u00f3n de spam. Se integra perfectamente en la configuraci\u00f3n de sus formularios de gravedad existentes, dimensionando diligentemente a trav\u00e9s de la afluencia de contenido y comentarios, discerniendo activamente lo que no es deseable. Otorgado con una variedad de filtros sofisticados y funcionalidades de vanguardia, la gravedad forma akismet protege asiduamente sus formas de las actividades perjudiciales de los spammers y otras personas nefastas. Por lo tanto, si se esfuerza por fortalecer la seguridad de sus formularios web de manera confiable, no busque m\u00e1s que las capacidades incomparables de las formas de gravedad Akismet.<\/p>\n","protected":false},"featured_media":166291,"comment_status":"open","ping_status":"open","template":"","meta":[],"product_brand":[2469],"product_cat":[1214,1206,1211],"product_tag":[1300],"class_list":{"0":"post-116335","1":"product","2":"type-product","3":"status-publish","4":"has-post-thumbnail","6":"product_brand-gravityforms","7":"product_cat-personalizacion","8":"product_cat-plugins","9":"product_cat-wordpress-plugins","10":"product_tag-gravityforms","11":"member-discount","12":"discount-restricted","14":"first","15":"instock","16":"sale","17":"downloadable","18":"virtual","19":"sold-individually","20":"purchasable","21":"product-type-simple"},"_links":{"self":[{"href":"https:\/\/gpl-love.com\/es\/wp-json\/wp\/v2\/product\/116335","targetHints":{"allow":["GET"]}}],"collection":[{"href":"https:\/\/gpl-love.com\/es\/wp-json\/wp\/v2\/product"}],"about":[{"href":"https:\/\/gpl-love.com\/es\/wp-json\/wp\/v2\/types\/product"}],"replies":[{"embeddable":true,"href":"https:\/\/gpl-love.com\/es\/wp-json\/wp\/v2\/comments?post=116335"}],"wp:featuredmedia":[{"embeddable":true,"href":"https:\/\/gpl-love.com\/es\/wp-json\/wp\/v2\/media\/166291"}],"wp:attachment":[{"href":"https:\/\/gpl-love.com\/es\/wp-json\/wp\/v2\/media?parent=116335"}],"wp:term":[{"taxonomy":"product_brand","embeddable":true,"href":"https:\/\/gpl-love.com\/es\/wp-json\/wp\/v2\/product_brand?post=116335"},{"taxonomy":"product_cat","embeddable":true,"href":"https:\/\/gpl-love.com\/es\/wp-json\/wp\/v2\/product_cat?post=116335"},{"taxonomy":"product_tag","embeddable":true,"href":"https:\/\/gpl-love.com\/es\/wp-json\/wp\/v2\/product_tag?post=116335"}],"curies":[{"name":"wp","href":"https:\/\/api.w.org\/{rel}","templated":true}]}}