{"id":116333,"date":"2026-04-07T00:00:00","date_gmt":"2026-04-07T05:00:00","guid":{"rendered":"http:\/\/gpl-love.com\/es\/?post_type=product&#038;p=116333"},"modified":"2026-04-07T17:15:30","modified_gmt":"2026-04-07T22:15:30","slug":"gamipress-buddyboss-notifications","status":"publish","type":"product","link":"https:\/\/gpl-love.com\/es\/producto\/gamipress-buddyboss-notifications\/","title":{"rendered":"GamiPress BuddyBoss Notifications 1.1.2"},"content":{"rendered":"<h3>GamiPress BuddyBoss Notifications Caracteristicas<\/h3>\n<p>Gamipress BuddyBoss Notifications, un complemento excepcionalmente potente, sirve como una mejora valiosa para la plataforma BuddyBoss ya formidable al dotar a los administradores con la capacidad de enviar notificaciones personalizadas a los usuarios. Este complemento se integra sin problemas con Gamipress, conferir as\u00ed a los usuarios la capacidad incomparable para obtener logros y recompensas contingentes en su interacci\u00f3n con BuddyBoss. En virtud de las notificaciones de BuddyBoss de Gamipress, los administradores est\u00e1n facultados para transmitir notificaciones en relaci\u00f3n con acciones particulares realizadas por los usuarios, como la finalizaci\u00f3n de un curso o el logro de un nivel espec\u00edfico, asegurando as\u00ed que los usuarios permanecen perpetuamente comprometidos y motivados. Adem\u00e1s, este complemento cuenta con una gran cantidad de caracter\u00edsticas avanzadas, sobre todo la capacidad de programar notificaciones y provocar su activaci\u00f3n basada en la manifestaci\u00f3n de comportamientos espec\u00edficos del usuario. En su totalidad, las notificaciones de Gamipress BuddyBoss surgen como una herramienta indispensable para cualquier sitio web de BuddyBoss que aspira a amplificar la participaci\u00f3n del usuario y la retenci\u00f3n.<\/p>\n<ul>\n<li>Integraci\u00f3n con la plataforma BuddyBoss<\/li>\n<li>Proporciona notificaciones automatizadas para los logros y eventos de Gamipress<\/li>\n<li>Configuraci\u00f3n personalizable para notificaciones<\/li>\n<li>Admite notificaciones para usuarios o grupos individuales<\/li>\n<li>Env\u00eda notificaciones a trav\u00e9s de m\u00faltiples canales (correo electr\u00f3nico, notificaciones push, etc.)<\/li>\n<li>Ayuda a aumentar el compromiso y la motivaci\u00f3n para los usuarios en la plataforma Buddyboss<\/li>\n<li>Proceso de instalaci\u00f3n simple y f\u00e1cil<\/li>\n<li>Actualizado y mejorado continuamente con nuevas caracter\u00edsticas y correcciones de errores<\/li>\n<li>Opciones de precios asequibles y accesibles<\/li>\n<li>Ofrece servicios de atenci\u00f3n al cliente amigables y \u00fatiles<\/li>\n<\/ul>\n","protected":false},"excerpt":{"rendered":"<p>Las notificaciones de Gamipress BuddyBoss, una herramienta extremadamente potente, le otorga la capacidad de orquestar desencadenantes de notificaci\u00f3n personalizados que est\u00e1n intrincadamente entrelazados con las acciones y logros de sus estimados usuarios dentro de los l\u00edmites de su venerada plataforma de BuddyBoss. Esta notable herramienta permite la gratificante e incentivaci\u00f3n de los usuarios, fomentando as\u00ed un mayor compromiso y garantizando su rendimiento continuo. En particular, estas notificaciones son completamente adaptables a las preferencias de uno y se difunden sin esfuerzo a trav\u00e9s de los canales de correo electr\u00f3nico, notificaciones push y mensajes en el sitio. Al aprovechar el poder de las notificaciones de Gamipress BuddyBoss, uno puede mejorar indiscutiblemente la experiencia del usuario incentivando y rastreando meticulosamente su progresi\u00f3n hacia los objetivos deseados.<\/p>\n","protected":false},"featured_media":166175,"comment_status":"open","ping_status":"open","template":"","meta":[],"product_brand":[2461],"product_cat":[1214,1206,1211],"product_tag":[2196],"class_list":{"0":"post-116333","1":"product","2":"type-product","3":"status-publish","4":"has-post-thumbnail","6":"product_brand-gami-press","7":"product_cat-personalizacion","8":"product_cat-plugins","9":"product_cat-wordpress-plugins","10":"product_tag-gami-press","11":"member-discount","12":"discount-restricted","14":"first","15":"instock","16":"sale","17":"downloadable","18":"virtual","19":"sold-individually","20":"purchasable","21":"product-type-simple"},"_links":{"self":[{"href":"https:\/\/gpl-love.com\/es\/wp-json\/wp\/v2\/product\/116333","targetHints":{"allow":["GET"]}}],"collection":[{"href":"https:\/\/gpl-love.com\/es\/wp-json\/wp\/v2\/product"}],"about":[{"href":"https:\/\/gpl-love.com\/es\/wp-json\/wp\/v2\/types\/product"}],"replies":[{"embeddable":true,"href":"https:\/\/gpl-love.com\/es\/wp-json\/wp\/v2\/comments?post=116333"}],"wp:featuredmedia":[{"embeddable":true,"href":"https:\/\/gpl-love.com\/es\/wp-json\/wp\/v2\/media\/166175"}],"wp:attachment":[{"href":"https:\/\/gpl-love.com\/es\/wp-json\/wp\/v2\/media?parent=116333"}],"wp:term":[{"taxonomy":"product_brand","embeddable":true,"href":"https:\/\/gpl-love.com\/es\/wp-json\/wp\/v2\/product_brand?post=116333"},{"taxonomy":"product_cat","embeddable":true,"href":"https:\/\/gpl-love.com\/es\/wp-json\/wp\/v2\/product_cat?post=116333"},{"taxonomy":"product_tag","embeddable":true,"href":"https:\/\/gpl-love.com\/es\/wp-json\/wp\/v2\/product_tag?post=116333"}],"curies":[{"name":"wp","href":"https:\/\/api.w.org\/{rel}","templated":true}]}}