{"id":116331,"date":"2026-04-07T00:00:00","date_gmt":"2026-04-07T05:00:00","guid":{"rendered":"http:\/\/gpl-love.com\/es\/?post_type=product&#038;p=116331"},"modified":"2026-04-07T17:15:30","modified_gmt":"2026-04-07T22:15:30","slug":"gamipress-buddypress-notifications","status":"publish","type":"product","link":"https:\/\/gpl-love.com\/es\/producto\/gamipress-buddypress-notifications\/","title":{"rendered":"GamiPress BuddyPress Notifications 1.0.9"},"content":{"rendered":"<h3>GamiPress BuddyPress Notifications Caracteristicas<\/h3>\n<p>Gamipress BuddyPress Notifications, un complemento incre\u00edblemente potente, sirve como un medio notable para aumentar su red social de BuddyPress a trav\u00e9s de la incorporaci\u00f3n de un sistema de notificaci\u00f3n de vanguardia. A trav\u00e9s de la utilizaci\u00f3n de este complemento, obtiene la capacidad de generar desencadenantes de notificaci\u00f3n personalizados y recompensar debidamente a sus usuarios con una estimada insignias y puntos codiciados para la finalizaci\u00f3n exitosa de acciones espec\u00edficas en su sitio web. Adem\u00e1s, el complemento le brinda la libertad de adaptar los mensajes de notificaci\u00f3n a su gusto y sello de mano que las acciones se consideran dignas de notificaci\u00f3n. Esta ingeniosa caracter\u00edstica fomenta efectivamente la participaci\u00f3n del usuario y garantiza su lealtad inquebrantable a su estimada plataforma. Independientemente de si se encuentra al frente de un bullicioso foro, una red social extensa o un sitio comunitario vibrante, la indispensabilidad de las notificaciones de Gamipress BuddyPress como la herramienta por excelencia para vigorizar la participaci\u00f3n del usuario y mantener su compromiso inquebrantable simplemente no puede ser exagerado.<\/p>\n<ul>\n<li>Instalaci\u00f3n simple de complementos con interfaz f\u00e1cil de usar<\/li>\n<li>Integraci\u00f3n del sistema de notificaciones de Gamipress y BuddyPress<\/li>\n<li>Notificaciones personalizadas para los usuarios basados \u200b\u200ben sus acciones en su sitio web<\/li>\n<li>Opci\u00f3n para personalizar y priorizar notificaciones basadas en roles de usuario<\/li>\n<li>Alertas de logros, avances y actualizaciones de progreso<\/li>\n<li>Notificaciones en tiempo real para todo tipo de actividades e interacciones<\/li>\n<li>Control completo sobre la visualizaci\u00f3n de notificaciones y el estilo de formato<\/li>\n<li>Se agreg\u00f3 compromiso y motivaci\u00f3n para que los usuarios participen activamente en su sitio web<\/li>\n<li>Sistema de seguimiento eficiente para todas las actividades de usuario en su sitio web<\/li>\n<li>Atenci\u00f3n al cliente dedicada y documentaci\u00f3n disponible.<\/li>\n<\/ul>\n","protected":false},"excerpt":{"rendered":"<p>Gamipress BuddyPress Notifications es un complemento inmensamente robusto que amplifica las notificaciones en su sitio de BuddyPress al incorporar notificaciones de logros y rango a trav\u00e9s de la utilizaci\u00f3n de Gamipress. Al integrar este complemento, sus usuarios podr\u00e1n recibir notificaciones cada vez que obtengan logros o obtengan nuevos rangos, lo que sin duda servir\u00e1 como un catalizador para alentarlos a involucrarse m\u00e1s activamente en su sitio. El complemento cuenta con un proceso de configuraci\u00f3n y configuraci\u00f3n directo, y se integra perfectamente con Gamipress y BuddyPress. Otorgue a sus usuarios el reconocimiento que realmente merecen y mejoran el compromiso en su sitio con el poder formidable de las notificaciones de Gamipress BuddyPress.<\/p>\n","protected":false},"featured_media":166176,"comment_status":"open","ping_status":"open","template":"","meta":[],"product_brand":[2461],"product_cat":[1214,1206,1211],"product_tag":[2196],"class_list":{"0":"post-116331","1":"product","2":"type-product","3":"status-publish","4":"has-post-thumbnail","6":"product_brand-gami-press","7":"product_cat-personalizacion","8":"product_cat-plugins","9":"product_cat-wordpress-plugins","10":"product_tag-gami-press","11":"member-discount","12":"discount-restricted","14":"first","15":"instock","16":"sale","17":"downloadable","18":"virtual","19":"sold-individually","20":"purchasable","21":"product-type-simple"},"_links":{"self":[{"href":"https:\/\/gpl-love.com\/es\/wp-json\/wp\/v2\/product\/116331","targetHints":{"allow":["GET"]}}],"collection":[{"href":"https:\/\/gpl-love.com\/es\/wp-json\/wp\/v2\/product"}],"about":[{"href":"https:\/\/gpl-love.com\/es\/wp-json\/wp\/v2\/types\/product"}],"replies":[{"embeddable":true,"href":"https:\/\/gpl-love.com\/es\/wp-json\/wp\/v2\/comments?post=116331"}],"wp:featuredmedia":[{"embeddable":true,"href":"https:\/\/gpl-love.com\/es\/wp-json\/wp\/v2\/media\/166176"}],"wp:attachment":[{"href":"https:\/\/gpl-love.com\/es\/wp-json\/wp\/v2\/media?parent=116331"}],"wp:term":[{"taxonomy":"product_brand","embeddable":true,"href":"https:\/\/gpl-love.com\/es\/wp-json\/wp\/v2\/product_brand?post=116331"},{"taxonomy":"product_cat","embeddable":true,"href":"https:\/\/gpl-love.com\/es\/wp-json\/wp\/v2\/product_cat?post=116331"},{"taxonomy":"product_tag","embeddable":true,"href":"https:\/\/gpl-love.com\/es\/wp-json\/wp\/v2\/product_tag?post=116331"}],"curies":[{"name":"wp","href":"https:\/\/api.w.org\/{rel}","templated":true}]}}