{"id":116327,"date":"2025-08-15T00:00:00","date_gmt":"2025-08-15T05:00:00","guid":{"rendered":"http:\/\/gpl-love.com\/es\/?post_type=product&#038;p=116327"},"modified":"2026-04-10T11:20:26","modified_gmt":"2026-04-10T16:20:26","slug":"ora-travel-booking-wordpress-theme","status":"publish","type":"product","link":"https:\/\/gpl-love.com\/es\/producto\/ora-travel-booking-wordpress-theme\/","title":{"rendered":"Ora Travel Booking WordPress Theme 2.6"},"content":{"rendered":"<h3>Ora Travel Booking WordPress Theme Caracteristicas<\/h3>\n<p>El tema de WordPress de la reserva de viajes ORA, que est\u00e1 dirigida a compa\u00f1\u00edas de viajes que buscan establecer una presencia en l\u00ednea que exuda profesionalismo y facilidad de uso, es una herramienta inmensamente potente. Este tema cuenta con una variedad de caracter\u00edsticas meticulosamente adaptadas para satisfacer las necesidades \u00fanicas de la industria de viajes, que abarca un sistema de reserva, una funci\u00f3n de b\u00fasqueda que se puede personalizar para adaptarse a las preferencias individuales y una variedad de widgets personalizados que muestran sin esfuerzo buscados destinos en los destinos. y acuerdos atractivos. Con un dise\u00f1o elegante y contempor\u00e1neo, el tema ofrece un dise\u00f1o navegable sin esfuerzo que permite a los usuarios localizar f\u00e1cilmente la informaci\u00f3n que buscan. Adem\u00e1s, debido a su dise\u00f1o receptivo y su optimizaci\u00f3n de SEO de vanguardia, el tema de WordPress de WordPress de Ora Travel exhibe un atractivo indispensable para cualquier compa\u00f1\u00eda de viajes que anhele expandir su presencia digital y cautivar una base de clientes m\u00e1s grande.<\/p>\n<ul>\n<li>Un tema de WordPress f\u00e1cil de usar dise\u00f1ado espec\u00edficamente para sitios web de reservas de viajes<\/li>\n<li>Viene con plantillas preconstruidas y contenido de demostraci\u00f3n para ayudarlo a comenzar r\u00e1pidamente<\/li>\n<li>Incluye un potente motor de reserva que permite a los clientes buscar y reservar f\u00e1cilmente alojamientos de viajes<\/li>\n<li>Dise\u00f1o totalmente personalizable, para que pueda adaptar la apariencia para que coincida con su marca<\/li>\n<li>Integraci\u00f3n perfecta con plataformas de reserva de viajes populares como Booking.com y Expedia<\/li>\n<li>El dise\u00f1o que responde a dispositivos m\u00f3viles asegura que su sitio web sea accesible y f\u00e1cil de usar en cualquier dispositivo<\/li>\n<li>Herramientas de optimizaci\u00f3n de SEO incorporadas para ayudar a su sitio web a clasificar m\u00e1s alto en los resultados de los motores de b\u00fasqueda<\/li>\n<li>Incluye una variedad de widgets y c\u00f3digos cortos personalizados para que la creaci\u00f3n de su sitio web sea r\u00e1pida y f\u00e1cil<\/li>\n<li>Opciones de precios flexibles para adaptarse a cualquier modelo de negocio, incluidas las opciones de tarifas basadas en suscripci\u00f3n y \u00fanicas<\/li>\n<li>Documentaci\u00f3n integral y atenci\u00f3n al cliente dedicada para ayudarlo a aprovechar al m\u00e1ximo su tema<\/li>\n<\/ul>\n","protected":false},"excerpt":{"rendered":"<p>El tema de WordPress de la reserva de viajes de ORA, que se adapta espec\u00edficamente a las necesidades de las empresas y agencias de viajes, se presenta como una opci\u00f3n impecable para aquellos en busca de una plantilla de sitio web perfecta caracterizada por la facilidad de uso, la profesionalidad y la funcionalidad. Este tema cuenta con un dise\u00f1o receptivo y una variedad de opciones de personalizaci\u00f3n que son notablemente f\u00e1ciles de navegar, lo que le permite dise\u00f1ar un sitio web sin esfuerzo que exude un aura profesional. Su repertorio de caracter\u00edsticas abarca un sistema de reserva, p\u00e1ginas que se pueden personalizar de acuerdo con sus preferencias y una variedad diversa de herramientas de constructor de p\u00e1ginas. Al aprovechar el poder de estas caracter\u00edsticas de vanguardia, puede mostrar de manera efectiva su negocio de viajes y atraer a una clientela en constante expansi\u00f3n para participar en sus servicios excepcionales. Sin lugar a dudas, el tema de WordPress de la reserva de viajes de ORA le ofrece la codiciada oportunidad de elevar su negocio de viajes a alturas sin precedentes en el \u00e1mbito digital.<\/p>\n","protected":false},"featured_media":167111,"comment_status":"open","ping_status":"open","template":"","meta":[],"product_brand":[2337],"product_cat":[1548,1237,1238],"product_tag":[1391],"class_list":{"0":"post-116327","1":"product","2":"type-product","3":"status-publish","4":"has-post-thumbnail","6":"product_brand-themeforest","7":"product_cat-resort-hotel","8":"product_cat-temas","9":"product_cat-wordpress-temas","10":"product_tag-themeforest","11":"member-discount","12":"discount-restricted","14":"first","15":"instock","16":"sale","17":"downloadable","18":"virtual","19":"sold-individually","20":"purchasable","21":"product-type-simple"},"_links":{"self":[{"href":"https:\/\/gpl-love.com\/es\/wp-json\/wp\/v2\/product\/116327","targetHints":{"allow":["GET"]}}],"collection":[{"href":"https:\/\/gpl-love.com\/es\/wp-json\/wp\/v2\/product"}],"about":[{"href":"https:\/\/gpl-love.com\/es\/wp-json\/wp\/v2\/types\/product"}],"replies":[{"embeddable":true,"href":"https:\/\/gpl-love.com\/es\/wp-json\/wp\/v2\/comments?post=116327"}],"wp:featuredmedia":[{"embeddable":true,"href":"https:\/\/gpl-love.com\/es\/wp-json\/wp\/v2\/media\/167111"}],"wp:attachment":[{"href":"https:\/\/gpl-love.com\/es\/wp-json\/wp\/v2\/media?parent=116327"}],"wp:term":[{"taxonomy":"product_brand","embeddable":true,"href":"https:\/\/gpl-love.com\/es\/wp-json\/wp\/v2\/product_brand?post=116327"},{"taxonomy":"product_cat","embeddable":true,"href":"https:\/\/gpl-love.com\/es\/wp-json\/wp\/v2\/product_cat?post=116327"},{"taxonomy":"product_tag","embeddable":true,"href":"https:\/\/gpl-love.com\/es\/wp-json\/wp\/v2\/product_tag?post=116327"}],"curies":[{"name":"wp","href":"https:\/\/api.w.org\/{rel}","templated":true}]}}