{"id":116325,"date":"2024-02-19T00:00:00","date_gmt":"2024-02-19T05:00:00","guid":{"rendered":"http:\/\/gpl-love.com\/es\/?post_type=product&#038;p=116325"},"modified":"2026-03-09T07:45:47","modified_gmt":"2026-03-09T12:45:47","slug":"laser-loader-stylish-progress-bar-preloader","status":"publish","type":"product","link":"https:\/\/gpl-love.com\/es\/producto\/laser-loader-stylish-progress-bar-preloader\/","title":{"rendered":"Laser Loader Stylish Progress Bar Preloader 2.0.1"},"content":{"rendered":"<h3>Laser Loader Stylish Progress Bar Preloader Caracteristicas<\/h3>\n<p>El estilo de progreso de la barra de cargador l\u00e1ser es un producto innovador e innovador que ha sido dise\u00f1ado meticulosamente para elevar la experiencia de carga de sitios web y aplicaciones a niveles sin precedentes. Su est\u00e9tica elegante y elegante no solo tiene el prop\u00f3sito de facilitar un proceso de carga altamente eficiente, sino que tambi\u00e9n imbuye cualquier sitio web o aplicaci\u00f3n con un aire innegable de sofisticaci\u00f3n y refinamiento. La interfaz de usuario intuitivamente dise\u00f1ada asegura que los usuarios puedan navegar sin esfuerzo a trav\u00e9s del proceso de carga y al mismo tiempo se les proporciona actualizaciones en tiempo real que los mantienen informados sobre el estado de progreso. Al aprovechar el poder de la tecnolog\u00eda l\u00e1ser de vanguardia, este precargado garantiza una experiencia de carga que es r\u00e1pida y perfecta, lo que hace que sea un esencial absoluto para cualquier sitio web o aplicaci\u00f3n que realmente valora y aprecie el tiempo y la experiencia de sus usuarios. Adem\u00e1s, el l\u00e1ser de la barra de progreso del cargador l\u00e1ser es una soluci\u00f3n incre\u00edblemente vers\u00e1til que puede adaptarse y personalizarse f\u00e1cilmente para atender los requisitos \u00fanicos y distintivos de cualquier sitio web o aplicaci\u00f3n, lo que solidifica a\u00fan m\u00e1s su estado como un activo verdaderamente indispensable.<\/p>\n<ul>\n<li>Animaci\u00f3n de l\u00e1ser cargador de l\u00e1ser de alta calidad<\/li>\n<li>F\u00e1cil de instalar y usar<\/li>\n<li>Dise\u00f1o de barra de progreso suave y elegante<\/li>\n<li>Totalmente personalizable para su sitio web o aplicaci\u00f3n espec\u00edfica<\/li>\n<li>Ayuda a mejorar los tiempos de carga del sitio web y la experiencia del usuario<\/li>\n<li>Adecuado para una variedad de sitios web y aplicaciones, desde comercio electr\u00f3nico hasta juegos<\/li>\n<li>Compatible con una gama de dispositivos y plataformas, incluidos los dispositivos m\u00f3viles y de escritorio<\/li>\n<li>Ayuda a reducir las tasas de rebote y aumentar el compromiso<\/li>\n<li>Se puede usar para indicar el progreso durante las cargas de archivos u otros procesos<\/li>\n<li>Proporciona una apariencia profesional y pulida en su sitio web o aplicaci\u00f3n.<\/li>\n<\/ul>\n","protected":false},"excerpt":{"rendered":"<p>El estilo de progreso de l\u00e1ser cargador de la barra de progreso es un remedio ejemplar para aumentar el atractivo est\u00e9tico de su sitio web al introducir un toque elegante y contempor\u00e1neo. Al emplear este precargado, puede construir una animaci\u00f3n de carga que sea viva y cautivadora, cautivando efectivamente la atenci\u00f3n de los visitantes de su sitio web durante el per\u00edodo de espera para que su contenido se cargue por completo. Gracias a su funcionalidad f\u00e1cil de usar y su dise\u00f1o intuitivo, este precargado le permite mejorar la experiencia general del usuario de su sitio web y mantener el inter\u00e9s de su audiencia. Por lo tanto, independientemente de si posee experiencia en dise\u00f1o o desarrollo web, o simplemente aspira a elevar la experiencia de carga en su sitio web, el cargador l\u00e1ser indudablemente representa una herramienta indispensable que se asombra.<\/p>\n","protected":false},"featured_media":166569,"comment_status":"open","ping_status":"open","template":"","meta":[],"product_brand":[2339],"product_cat":[1214,1206,1211],"product_tag":[1256],"class_list":{"0":"post-116325","1":"product","2":"type-product","3":"status-publish","4":"has-post-thumbnail","6":"product_brand-codecanyon","7":"product_cat-personalizacion","8":"product_cat-plugins","9":"product_cat-wordpress-plugins","10":"product_tag-codecanyon","11":"member-discount","12":"discount-restricted","14":"first","15":"instock","16":"sale","17":"downloadable","18":"virtual","19":"sold-individually","20":"purchasable","21":"product-type-simple"},"_links":{"self":[{"href":"https:\/\/gpl-love.com\/es\/wp-json\/wp\/v2\/product\/116325","targetHints":{"allow":["GET"]}}],"collection":[{"href":"https:\/\/gpl-love.com\/es\/wp-json\/wp\/v2\/product"}],"about":[{"href":"https:\/\/gpl-love.com\/es\/wp-json\/wp\/v2\/types\/product"}],"replies":[{"embeddable":true,"href":"https:\/\/gpl-love.com\/es\/wp-json\/wp\/v2\/comments?post=116325"}],"wp:featuredmedia":[{"embeddable":true,"href":"https:\/\/gpl-love.com\/es\/wp-json\/wp\/v2\/media\/166569"}],"wp:attachment":[{"href":"https:\/\/gpl-love.com\/es\/wp-json\/wp\/v2\/media?parent=116325"}],"wp:term":[{"taxonomy":"product_brand","embeddable":true,"href":"https:\/\/gpl-love.com\/es\/wp-json\/wp\/v2\/product_brand?post=116325"},{"taxonomy":"product_cat","embeddable":true,"href":"https:\/\/gpl-love.com\/es\/wp-json\/wp\/v2\/product_cat?post=116325"},{"taxonomy":"product_tag","embeddable":true,"href":"https:\/\/gpl-love.com\/es\/wp-json\/wp\/v2\/product_tag?post=116325"}],"curies":[{"name":"wp","href":"https:\/\/api.w.org\/{rel}","templated":true}]}}