{"id":116323,"date":"2022-06-11T00:00:00","date_gmt":"2022-06-11T05:00:00","guid":{"rendered":"http:\/\/gpl-love.com\/es\/?post_type=product&#038;p=116323"},"modified":"2026-03-09T07:44:51","modified_gmt":"2026-03-09T12:44:51","slug":"jobsearch-job-board-wordpress-plugin","status":"publish","type":"product","link":"https:\/\/gpl-love.com\/es\/producto\/jobsearch-job-board-wordpress-plugin\/","title":{"rendered":"JobSearch Job Board WordPress Plugin 2.0.8"},"content":{"rendered":"<h3>JobSearch Job Board WordPress Plugin Caracteristicas<\/h3>\n<p>El complemento de WordPress de Jobsearch Job Boord, una herramienta excepcionalmente potente, presenta a los usuarios la oportunidad de establecer ampliamente y sin esfuerzo una junta de trabajo en su sitio de WordPress. Este complemento cuenta con una variedad de caracter\u00edsticas beneficiosas, que incluyen, entre otros, la funcionalidad de b\u00fasqueda avanzada, la provisi\u00f3n de plantillas de listado de empleos personalizados y la capacidad de acomodar las presentaciones de empleos de los empleadores. En consecuencia, este complemento sirve como una soluci\u00f3n ideal para las personas que buscan forjar una junta de trabajo que abarca todo. La interfaz, que es notablemente f\u00e1cil de usar, y el dise\u00f1o, que exuda intuitividad, contribuye a la facilidad con la que se puede configurar y administrar este complemento. Adem\u00e1s, el dise\u00f1o receptivo garantiza que la junta de trabajo mantenga una apariencia est\u00e9ticamente agradable en cada dispositivo concebible. En resumen, el complemento de WordPress de Jobsearch Job es un activo indispensable para cualquier propietario de sitios web que se esfuerce por establecer una junta de trabajo que sea profesionalmente pulida y sorprendentemente efectiva.<\/p>\n<ul>\n<li>Se integra a la perfecci\u00f3n con su sitio web de WordPress para proporcionar una junta de trabajo para empleadores y solicitantes de empleo<\/li>\n<li>Ofrece una presentaci\u00f3n de trabajo f\u00e1cil para empleadores y listados de trabajo de b\u00fasqueda para solicitantes de empleo<\/li>\n<li>Formularios de trabajo y campos personalizables para adaptarse a su industria y necesidades espec\u00edficas<\/li>\n<li>Dise\u00f1o totalmente receptivo para visualizaci\u00f3n m\u00f3vil y de tabletas<\/li>\n<li>Tablero de trabajo seguro con opciones para el registro e inicio de sesi\u00f3n del usuario<\/li>\n<li>Compatible con temas y complementos populares de WordPress<\/li>\n<li>Potentes opciones de b\u00fasqueda y filtrado para que los solicitantes de empleo encuentren f\u00e1cilmente trabajos relevantes<\/li>\n<li>Integraci\u00f3n con pasarelas de pago populares para monetizar las presentaciones de trabajo<\/li>\n<li>Soporte multiling\u00fce con opciones de traducci\u00f3n para una audiencia global<\/li>\n<li>Actualizaciones peri\u00f3dicas y atenci\u00f3n al cliente para garantizar una experiencia sin problemas tanto para los solicitantes de empleo como para los empleadores.<\/li>\n<\/ul>\n","protected":false},"excerpt":{"rendered":"<p>El complemento de WordPress de Jobsearch Job Board es una herramienta incre\u00edblemente robusta y eficiente que est\u00e1 espec\u00edficamente dise\u00f1ada para los propietarios de sitios web que desean incorporar a la perfecci\u00f3n un tablero de trabajo en su sitio. Al utilizar este complemento notable, las personas est\u00e1n facultadas para mostrar sin esfuerzo sus aperturas de trabajo, otorgar a los posibles solicitantes de empleo la capacidad de enviar sus curr\u00edculums con la mayor comodidad y administrar efectivamente las aplicaciones, todas desde la comodidad y conveniencia de su tablero de WordPress. El complemento en s\u00ed cuenta con un proceso de instalaci\u00f3n f\u00e1cil de usar y una interfaz intuitiva, al tiempo que ofrece una amplia gama de opciones de personalizaci\u00f3n que permiten a los usuarios personalizarlo y adaptarlo precisamente a cumplir con sus requisitos \u00fanicos y espec\u00edficos. En consecuencia, si se encuentra buscando transformar su sitio web en un tablero de trabajo totalmente funcional y din\u00e1mico, tenga la seguridad de que el complemento de WordPress de Jobsearch Job representa la soluci\u00f3n definitiva que exceder\u00e1 sus expectativas.<\/p>\n","protected":false},"featured_media":166527,"comment_status":"open","ping_status":"open","template":"","meta":[],"product_brand":[2339],"product_cat":[1214,1206,1211],"product_tag":[1256],"class_list":{"0":"post-116323","1":"product","2":"type-product","3":"status-publish","4":"has-post-thumbnail","6":"product_brand-codecanyon","7":"product_cat-personalizacion","8":"product_cat-plugins","9":"product_cat-wordpress-plugins","10":"product_tag-codecanyon","11":"member-discount","12":"discount-restricted","14":"first","15":"instock","16":"sale","17":"downloadable","18":"virtual","19":"sold-individually","20":"purchasable","21":"product-type-simple"},"_links":{"self":[{"href":"https:\/\/gpl-love.com\/es\/wp-json\/wp\/v2\/product\/116323","targetHints":{"allow":["GET"]}}],"collection":[{"href":"https:\/\/gpl-love.com\/es\/wp-json\/wp\/v2\/product"}],"about":[{"href":"https:\/\/gpl-love.com\/es\/wp-json\/wp\/v2\/types\/product"}],"replies":[{"embeddable":true,"href":"https:\/\/gpl-love.com\/es\/wp-json\/wp\/v2\/comments?post=116323"}],"wp:featuredmedia":[{"embeddable":true,"href":"https:\/\/gpl-love.com\/es\/wp-json\/wp\/v2\/media\/166527"}],"wp:attachment":[{"href":"https:\/\/gpl-love.com\/es\/wp-json\/wp\/v2\/media?parent=116323"}],"wp:term":[{"taxonomy":"product_brand","embeddable":true,"href":"https:\/\/gpl-love.com\/es\/wp-json\/wp\/v2\/product_brand?post=116323"},{"taxonomy":"product_cat","embeddable":true,"href":"https:\/\/gpl-love.com\/es\/wp-json\/wp\/v2\/product_cat?post=116323"},{"taxonomy":"product_tag","embeddable":true,"href":"https:\/\/gpl-love.com\/es\/wp-json\/wp\/v2\/product_tag?post=116323"}],"curies":[{"name":"wp","href":"https:\/\/api.w.org\/{rel}","templated":true}]}}