{"id":116308,"date":"2025-01-16T00:00:00","date_gmt":"2025-01-16T05:00:00","guid":{"rendered":"http:\/\/gpl-love.com\/es\/?post_type=product&#038;p=116308"},"modified":"2026-03-09T07:23:46","modified_gmt":"2026-03-09T12:23:46","slug":"citadela-pro","status":"publish","type":"product","link":"https:\/\/gpl-love.com\/es\/producto\/citadela-pro\/","title":{"rendered":"Citadela Pro 6.2.4"},"content":{"rendered":"<h3>Citadela Pro Caracteristicas<\/h3>\n<p>Citadela Pro, un tema de WordPress que est\u00e1 espec\u00edficamente dise\u00f1ado para sitios web profesionales y comerciales, cuenta con una gran cantidad de caracter\u00edsticas y funcionalidades poderosas. Proporciona una amplia gama de opciones de personalizaci\u00f3n, lo que lo hace muy flexible y adaptable para satisfacer las necesidades \u00fanicas de su sitio web. Adem\u00e1s, su sistema de navegaci\u00f3n est\u00e1 dise\u00f1ado intuitivamente, lo que permite a los visitantes explorar e interactuar sin esfuerzo con el contenido. El dise\u00f1o altamente receptivo del tema asegura que los usuarios tengan una experiencia de navegaci\u00f3n \u00f3ptima, independientemente del dispositivo que est\u00e9n utilizando. Adem\u00e1s, Citadela Pro ofrece una amplia selecci\u00f3n de plantillas y bloques preconstruidos, lo que le permite crear p\u00e1ginas visualmente impresionantes y cautivadoras sin esfuerzo. Adem\u00e1s, se integra perfectamente con complementos populares como WooCommerce y Yoast SEO, mejorando la funcionalidad y el rendimiento de su sitio web. Al utilizar Citadela Pro, tiene la capacidad de crear un sitio web que no solo capte la atenci\u00f3n, sino que transmita efectivamente el mensaje de su marca a su p\u00fablico objetivo, lo que lo distingue de la competencia.<\/p>\n<ul>\n<li>Herramienta potente para construir sitios web de directorio con WordPress.<\/li>\n<li>Viene con una variedad de plantillas preconstruidas para elegir.<\/li>\n<li>Le permite personalizar el dise\u00f1o y el dise\u00f1o de su sitio web con facilidad.<\/li>\n<li>Ofrece una interfaz f\u00e1cil de usar que es f\u00e1cil de navegar y comprender.<\/li>\n<li>Admite la integraci\u00f3n con complementos populares como WooCommerce y Elementor.<\/li>\n<li>Incluye funcionalidad avanzada como campos personalizados y tipos de publicaciones personalizadas.<\/li>\n<li>Permite la creaci\u00f3n de un n\u00famero ilimitado de listados de directorio.<\/li>\n<li>Proporciona una funcionalidad de b\u00fasqueda robusta para que los visitantes encuentren listados espec\u00edficos.<\/li>\n<li>Permite la monetizaci\u00f3n de su sitio de directorio con procesamiento de pagos incorporado.<\/li>\n<li>Ofrece una excelente atenci\u00f3n al cliente y actualizaciones peri\u00f3dicas para garantizar un rendimiento continuo.<\/li>\n<\/ul>\n","protected":false},"excerpt":{"rendered":"<p>Citadela Pro es una soluci\u00f3n multifac\u00e9tica de alto valor para las necesidades de su sitio web. Este producto premium ofrece una gran cantidad de caracter\u00edsticas dise\u00f1adas para mejorar su presencia en l\u00ednea. Con Citadela Pro, puede personalizar sin esfuerzo su sitio web, asegurando que se destaque en la multitud en l\u00ednea. Esta herramienta din\u00e1mica le permite crear mapas interactivos, crear listados que participen y administrar directorios con facilidad. Es m\u00e1s que un simple complemento, es una soluci\u00f3n todo en uno que ofrece una integraci\u00f3n perfecta con su sitio web existente, proporcionando una actualizaci\u00f3n que trae beneficios significativos. Citadela Pro es realmente un cambio de juego en el campo de la mejora del sitio web. Explore el potencial de su espacio en l\u00ednea con Citadela Pro.<\/p>\n","protected":false},"featured_media":165624,"comment_status":"open","ping_status":"open","template":"","meta":[],"product_brand":[2397],"product_cat":[1214,1206,1211],"product_tag":[2194],"class_list":{"0":"post-116308","1":"product","2":"type-product","3":"status-publish","4":"has-post-thumbnail","6":"product_brand-affinity-information-technology","7":"product_cat-personalizacion","8":"product_cat-plugins","9":"product_cat-wordpress-plugins","10":"product_tag-affinity-information-technology","11":"member-discount","12":"discount-restricted","14":"first","15":"instock","16":"sale","17":"downloadable","18":"virtual","19":"sold-individually","20":"purchasable","21":"product-type-simple"},"_links":{"self":[{"href":"https:\/\/gpl-love.com\/es\/wp-json\/wp\/v2\/product\/116308","targetHints":{"allow":["GET"]}}],"collection":[{"href":"https:\/\/gpl-love.com\/es\/wp-json\/wp\/v2\/product"}],"about":[{"href":"https:\/\/gpl-love.com\/es\/wp-json\/wp\/v2\/types\/product"}],"replies":[{"embeddable":true,"href":"https:\/\/gpl-love.com\/es\/wp-json\/wp\/v2\/comments?post=116308"}],"wp:featuredmedia":[{"embeddable":true,"href":"https:\/\/gpl-love.com\/es\/wp-json\/wp\/v2\/media\/165624"}],"wp:attachment":[{"href":"https:\/\/gpl-love.com\/es\/wp-json\/wp\/v2\/media?parent=116308"}],"wp:term":[{"taxonomy":"product_brand","embeddable":true,"href":"https:\/\/gpl-love.com\/es\/wp-json\/wp\/v2\/product_brand?post=116308"},{"taxonomy":"product_cat","embeddable":true,"href":"https:\/\/gpl-love.com\/es\/wp-json\/wp\/v2\/product_cat?post=116308"},{"taxonomy":"product_tag","embeddable":true,"href":"https:\/\/gpl-love.com\/es\/wp-json\/wp\/v2\/product_tag?post=116308"}],"curies":[{"name":"wp","href":"https:\/\/api.w.org\/{rel}","templated":true}]}}