{"id":116306,"date":"2024-10-29T00:00:00","date_gmt":"2024-10-29T05:00:00","guid":{"rendered":"http:\/\/gpl-love.com\/es\/?post_type=product&#038;p=116306"},"modified":"2026-03-09T07:23:44","modified_gmt":"2026-03-09T12:23:44","slug":"citadela-directory","status":"publish","type":"product","link":"https:\/\/gpl-love.com\/es\/producto\/citadela-directory\/","title":{"rendered":"Citadela Directory 6.2.2"},"content":{"rendered":"<h3>Citadela Directory Caracteristicas<\/h3>\n<p>El directorio de Citadela, una herramienta incre\u00edblemente robusta, ofrece una oportunidad excepcional para la creaci\u00f3n y gesti\u00f3n de directorios en su sitio web de WordPress. Su interfaz altamente f\u00e1cil de usar junto con su impresionante variedad de caracter\u00edsticas avanzadas hace que sea f\u00e1cil organizar y mostrar sus listados de una manera que sea profesional y f\u00e1cilmente navegable para los usuarios. Adem\u00e1s, el directorio de Citadela le otorga la libertad de personalizar la apariencia y la funcionalidad de su directorio, otorg\u00e1ndole la capacidad de incorporar campos y etiquetas personalizados en sus listados. Adem\u00e1s, presenta una amplia gama de opciones de pago, lo que permite una monetizaci\u00f3n efectiva de su directorio, con la inclusi\u00f3n de planes de pago por lista o basados \u200b\u200ben suscripci\u00f3n. Ya sea que se encuentre en el proceso de dise\u00f1o de un directorio comercial, p\u00e1gina clasificada o cualquier otro tipo de directorio, tenga la seguridad de que el directorio de Citadela es la soluci\u00f3n \u00f3ptima adaptada para satisfacer sus necesidades espec\u00edficas.<\/p>\n<ul>\n<li>El potente y integral complemento de directorio dise\u00f1ado para sitios web de WordPress.<\/li>\n<li>Se puede utilizar para crear varios tipos de directorios, como directorios de negocios, directorios de eventos y directorios de miembros.<\/li>\n<li>Ofrece una interfaz f\u00e1cil de usar y personalizable que se puede adaptar para adaptarse a la marca y el dise\u00f1o del sitio web.<\/li>\n<li>Viene con opciones de b\u00fasqueda y filtrado incorporadas, lo que facilita a los usuarios encontrar lo que est\u00e1n buscando.<\/li>\n<li>Permite la creaci\u00f3n de detalles de listado, incluyendo horario comercial, informaci\u00f3n de contacto, ubicaci\u00f3n y m\u00e1s.<\/li>\n<li>Proporciona caracter\u00edsticas avanzadas como campos personalizados y tipos de publicaciones personalizadas, lo que lo hace altamente flexible y adaptable a las diferentes necesidades.<\/li>\n<li>Se integra con complementos y herramientas populares como WooCommerce, Gravity Forms, Google Maps y Yoast SEO.<\/li>\n<li>Ofrece varias opciones de pago y monetizaci\u00f3n para propietarios de directores, como planes de pago por lista y suscripci\u00f3n.<\/li>\n<li>Proporciona an\u00e1lisis detallados y opciones de informes, lo que permite a los propietarios de directores rastrear el uso y el rendimiento con el tiempo.<\/li>\n<li>Ofrece un excelente soporte t\u00e9cnico y actualizaciones regulares para mantener el directorio funcionando sin problemas y actualizados.<\/li>\n<\/ul>\n","protected":false},"excerpt":{"rendered":"<p>Citadela Directory es una herramienta avanzada rica en caracter\u00edsticas dise\u00f1ada para una amplia gama de empresas y organizaciones. Nuestro directorio ofrece una interfaz \u00fanica y f\u00e1cil de usar, con una gran cantidad de caracter\u00edsticas que lo convierten en un recurso poderoso para las empresas. Integrando con Google Maps, el directorio Citadela proporciona un servicio integral basado en la ubicaci\u00f3n que permite a los usuarios buscar f\u00e1cilmente y encontrar negocios en su \u00e1rea local. Con la capacidad de agregar rese\u00f1as, calificaciones e incluso listados de reclamos, es una herramienta que no solo proporciona informaci\u00f3n valiosa, sino que tambi\u00e9n ayuda a construir una comunidad en torno a las empresas locales. Ya sea que sea una peque\u00f1a empresa local o una gran corporaci\u00f3n, el directorio de Citadela se puede adaptar a sus necesidades, ofreciendo una gama de opciones personalizables para adaptarse a su marca e industria. Con el directorio Citadela, puede optimizar sus operaciones comerciales, mejorar su visibilidad y conectarse con sus clientes de una manera m\u00e1s significativa. Pruebe el directorio de Citadela hoy y experimente los beneficios de un directorio de negocios moderno y eficiente.<\/p>\n","protected":false},"featured_media":165623,"comment_status":"open","ping_status":"open","template":"","meta":[],"product_brand":[2397],"product_cat":[1214,1206,1211],"product_tag":[2194],"class_list":{"0":"post-116306","1":"product","2":"type-product","3":"status-publish","4":"has-post-thumbnail","6":"product_brand-affinity-information-technology","7":"product_cat-personalizacion","8":"product_cat-plugins","9":"product_cat-wordpress-plugins","10":"product_tag-affinity-information-technology","11":"member-discount","12":"discount-restricted","14":"first","15":"instock","16":"sale","17":"downloadable","18":"virtual","19":"sold-individually","20":"purchasable","21":"product-type-simple"},"_links":{"self":[{"href":"https:\/\/gpl-love.com\/es\/wp-json\/wp\/v2\/product\/116306","targetHints":{"allow":["GET"]}}],"collection":[{"href":"https:\/\/gpl-love.com\/es\/wp-json\/wp\/v2\/product"}],"about":[{"href":"https:\/\/gpl-love.com\/es\/wp-json\/wp\/v2\/types\/product"}],"replies":[{"embeddable":true,"href":"https:\/\/gpl-love.com\/es\/wp-json\/wp\/v2\/comments?post=116306"}],"wp:featuredmedia":[{"embeddable":true,"href":"https:\/\/gpl-love.com\/es\/wp-json\/wp\/v2\/media\/165623"}],"wp:attachment":[{"href":"https:\/\/gpl-love.com\/es\/wp-json\/wp\/v2\/media?parent=116306"}],"wp:term":[{"taxonomy":"product_brand","embeddable":true,"href":"https:\/\/gpl-love.com\/es\/wp-json\/wp\/v2\/product_brand?post=116306"},{"taxonomy":"product_cat","embeddable":true,"href":"https:\/\/gpl-love.com\/es\/wp-json\/wp\/v2\/product_cat?post=116306"},{"taxonomy":"product_tag","embeddable":true,"href":"https:\/\/gpl-love.com\/es\/wp-json\/wp\/v2\/product_tag?post=116306"}],"curies":[{"name":"wp","href":"https:\/\/api.w.org\/{rel}","templated":true}]}}