{"id":116304,"date":"2021-12-13T00:00:00","date_gmt":"2021-12-13T05:00:00","guid":{"rendered":"http:\/\/gpl-love.com\/es\/?post_type=product&#038;p=116304"},"modified":"2026-03-09T07:23:43","modified_gmt":"2026-03-09T12:23:43","slug":"citadela-blocks","status":"publish","type":"product","link":"https:\/\/gpl-love.com\/es\/producto\/citadela-blocks\/","title":{"rendered":"Citadela Blocks 2.5.12"},"content":{"rendered":"<h3>Citadela Blocks Caracteristicas<\/h3>\n<p>Los bloques de la ciudadela, que consisten en una variedad de bloques de construcci\u00f3n, tienen como objetivo fomentar la creatividad y las habilidades imaginativas de los ni\u00f1os. Hecho a partir de materiales de la m\u00e1xima calidad, estos bloques est\u00e1n disponibles en una variedad de formas y tama\u00f1os, facilitando la construcci\u00f3n de varias estructuras, como castillos, casas y similares. Distinguido por su dise\u00f1o y funcionalidad incomparables, los bloques de la ciudadela sirven como herramientas invaluables para inculcar razonamiento espacial, ingenier\u00eda y propiedades de resoluci\u00f3n de problemas en las mentes j\u00f3venes. Adecuado para ni\u00f1os que abarcan todos los grupos de edad, estos bloques son igualmente \u00fatiles en entornos educativos, as\u00ed como para el tiempo de juego recreativo en el hogar. Tanto los padres como los educadores encontrar\u00e1n que los bloques de la Ciudadela son indispensables para nutrir la inventiva de sus hijos y fomentar el desarrollo intelectual.<\/p>\n<ul>\n<li>Bloques de construcci\u00f3n de alta calidad hechos tanto para ni\u00f1os como para adultos<\/li>\n<li>Totalmente compatible con sistemas de bloques de construcci\u00f3n similares en el mercado<\/li>\n<li>Hecho de materiales no t\u00f3xicos, asegurando la seguridad para todas las edades<\/li>\n<li>Disponible en una variedad de colores y tama\u00f1os para adaptarse a cualquier proyecto<\/li>\n<li>La construcci\u00f3n resistente asegura que sus creaciones se mantengan con el tiempo<\/li>\n<li>Proporciona infinitas oportunidades para la creatividad y el juego imaginativo<\/li>\n<li>Se puede usar para construir cualquier cosa, desde edificios hasta veh\u00edculos y arte abstracto.<\/li>\n<li>Fomenta el desarrollo de habilidades motoras finas, pensamiento l\u00f3gico y habilidades de resoluci\u00f3n de problemas<\/li>\n<li>Ideal para el juego en solitario o actividades grupales, promoviendo la socializaci\u00f3n y el trabajo en equipo<\/li>\n<li>El embalaje conveniente los hace f\u00e1cil de almacenar y transportar.<\/li>\n<li>Perfecto para ni\u00f1os y adultos que aman construir y crear.<\/li>\n<\/ul>\n","protected":false},"excerpt":{"rendered":"<p>Citadela Blocks es un complemento excepcional de WordPress que mejora en gran medida la funcionalidad de la experiencia de construcci\u00f3n de su sitio web. Esta herramienta de cambio de juego te permite construir dise\u00f1os web impresionantes de una manera m\u00e1s intuitiva y directa. El complemento viene con una amplia gama de bloques personalizables que se pueden manipular f\u00e1cilmente para satisfacer sus necesidades espec\u00edficas. Desde agregar im\u00e1genes de alta calidad hasta incrustar mapas interactivos, Citadela Blocks garantiza que sus visiones cobren vida en el lienzo digital. Tambi\u00e9n apreciar\u00e1 los beneficios de SEO que vienen con este complemento. Al ofrecer un c\u00f3digo limpio y eficiente, ayuda a mejorar la visibilidad de su sitio web en los resultados del motor de b\u00fasqueda. Esto asegura que atraiga a m\u00e1s visitantes y clientes potenciales a su sitio. Experimente el poder y la flexibilidad de los bloques de la ciudadela y eleve el proceso de creaci\u00f3n de su sitio web hoy.<\/p>\n","protected":false},"featured_media":165622,"comment_status":"open","ping_status":"open","template":"","meta":[],"product_brand":[2397],"product_cat":[1214,1206,1211],"product_tag":[2194],"class_list":{"0":"post-116304","1":"product","2":"type-product","3":"status-publish","4":"has-post-thumbnail","6":"product_brand-affinity-information-technology","7":"product_cat-personalizacion","8":"product_cat-plugins","9":"product_cat-wordpress-plugins","10":"product_tag-affinity-information-technology","11":"member-discount","12":"discount-restricted","14":"first","15":"instock","16":"sale","17":"downloadable","18":"virtual","19":"sold-individually","20":"purchasable","21":"product-type-simple"},"_links":{"self":[{"href":"https:\/\/gpl-love.com\/es\/wp-json\/wp\/v2\/product\/116304","targetHints":{"allow":["GET"]}}],"collection":[{"href":"https:\/\/gpl-love.com\/es\/wp-json\/wp\/v2\/product"}],"about":[{"href":"https:\/\/gpl-love.com\/es\/wp-json\/wp\/v2\/types\/product"}],"replies":[{"embeddable":true,"href":"https:\/\/gpl-love.com\/es\/wp-json\/wp\/v2\/comments?post=116304"}],"wp:featuredmedia":[{"embeddable":true,"href":"https:\/\/gpl-love.com\/es\/wp-json\/wp\/v2\/media\/165622"}],"wp:attachment":[{"href":"https:\/\/gpl-love.com\/es\/wp-json\/wp\/v2\/media?parent=116304"}],"wp:term":[{"taxonomy":"product_brand","embeddable":true,"href":"https:\/\/gpl-love.com\/es\/wp-json\/wp\/v2\/product_brand?post=116304"},{"taxonomy":"product_cat","embeddable":true,"href":"https:\/\/gpl-love.com\/es\/wp-json\/wp\/v2\/product_cat?post=116304"},{"taxonomy":"product_tag","embeddable":true,"href":"https:\/\/gpl-love.com\/es\/wp-json\/wp\/v2\/product_tag?post=116304"}],"curies":[{"name":"wp","href":"https:\/\/api.w.org\/{rel}","templated":true}]}}