{"id":116303,"date":"2025-03-28T00:00:00","date_gmt":"2025-03-28T05:00:00","guid":{"rendered":"http:\/\/gpl-love.com\/es\/?post_type=product&#038;p=116303"},"modified":"2026-03-09T08:28:17","modified_gmt":"2026-03-09T13:28:17","slug":"wp-fusion-enhanced-ecommerce","status":"publish","type":"product","link":"https:\/\/gpl-love.com\/es\/producto\/wp-fusion-enhanced-ecommerce\/","title":{"rendered":"WP Fusion Enhanced Ecommerce 1.26.0"},"content":{"rendered":"<h3>WP Fusion Enhanced Ecommerce Caracteristicas<\/h3>\n<p>El comercio electr\u00f3nico mejorado de WP Fusion es una soluci\u00f3n incre\u00edblemente robusta e innovadora que permite la integraci\u00f3n perfecta de su tienda de comercio electr\u00f3nico con su sitio de WordPress, asegurando una funcionalidad y eficiencia \u00f3ptimas. Esta notable herramienta ofrece una amplia gama de caracter\u00edsticas y funcionalidades, todas dise\u00f1adas para mejorar y optimizar sus operaciones comerciales, lo que resulta en un impulso significativo en la generaci\u00f3n de ingresos. Al aprovechar el poder del comercio electr\u00f3nico mejorado de WP Fusion, obtiene la capacidad de monitorear y analizar sin esfuerzo el comportamiento de sus clientes, accediendo sin esfuerzo a datos cr\u00edticos, como su historial de compras integral e incluso carros abandonados, proporcionando ideas invaluables que pueden impulsar su toma de decisiones estrat\u00e9gicas para tomar decisiones estrat\u00e9gicas. procesos. Adem\u00e1s, el comercio electr\u00f3nico mejorado de WP Fusion se integra perfectamente con plataformas de comercio electr\u00f3nico l\u00edderes y ampliamente reconocidas como WooCommerce, Shopify y descargas digitales f\u00e1ciles, lo que le permite administrar y supervisar sin esfuerzo sus campa\u00f1as de ventas y marketing, lo que resulta en una mayor productividad y rentabilidad. Ya sea que sea una empresa a peque\u00f1a escala o una organizaci\u00f3n a gran escala, WP Fusion mejor\u00f3 el comercio electr\u00f3nico es una elecci\u00f3n ejemplar para empresas de todos los tama\u00f1os, lo que lo permite mejorar y fortalecer sus capacidades de comercio electr\u00f3nico mientras expanden simult\u00e1neamente su presencia en l\u00ednea, finalmente su crecimiento, su crecimiento, su crecimiento, finalmente, supe su crecimiento. y \u00e9xito en el reino digital.<\/p>\n<ul>\n<li>Conecta su tienda WooCommerce con plataformas CRM populares<\/li>\n<li>Proporciona un seguimiento avanzado de comercio electr\u00f3nico para un mejor an\u00e1lisis<\/li>\n<li>Sincrita el comportamiento y las compras del cliente con su CRM para el marketing dirigido<\/li>\n<li>Automatizar correos electr\u00f3nicos de recuperaci\u00f3n de carritos abandonados<\/li>\n<li>Personaliza las experiencias de los clientes con contenido din\u00e1mico basado en datos de CRM<\/li>\n<li>F\u00e1cil integraci\u00f3n con WordPress y complementos de WooCommerce<\/li>\n<li>Transmisi\u00f3n y almacenamiento de datos seguro para la privacidad del cliente<\/li>\n<li>Desencadenantes y acciones personalizables para la automatizaci\u00f3n<\/li>\n<\/ul>\n","protected":false},"excerpt":{"rendered":"<p>El comercio electr\u00f3nico mejorado de WP Fusion, una herramienta altamente formidable, ofrece la notable capacidad para integrar sin esfuerzo su plataforma de comercio electr\u00f3nico con su sitio de WordPress. Su funcionalidad de complemento le permite monitorear meticulosamente los datos de los clientes, el an\u00e1lisis de ventas e incluso construir iniciativas de marketing a medida. Al aprovechar el poder del comercio electr\u00f3nico mejorado de WP Fusion, puede impulsar su tienda en l\u00ednea a alturas incomparables, amplificando sus flujos de ingresos al tiempo que eleva simult\u00e1neamente la experiencia general del cliente a niveles de satisfacci\u00f3n sin precedentes.<\/p>\n","protected":false},"featured_media":168388,"comment_status":"open","ping_status":"open","template":"","meta":[],"product_brand":[2624],"product_cat":[1207,1225,1206],"product_tag":[1449],"class_list":{"0":"post-116303","1":"product","2":"type-product","3":"status-publish","4":"has-post-thumbnail","6":"product_brand-wp-fusion","7":"product_cat-comercio-electronico-plugins","8":"product_cat-marketing","9":"product_cat-plugins","10":"product_tag-wp-fusion","11":"member-discount","12":"discount-restricted","14":"first","15":"instock","16":"sale","17":"downloadable","18":"virtual","19":"sold-individually","20":"purchasable","21":"product-type-simple"},"_links":{"self":[{"href":"https:\/\/gpl-love.com\/es\/wp-json\/wp\/v2\/product\/116303","targetHints":{"allow":["GET"]}}],"collection":[{"href":"https:\/\/gpl-love.com\/es\/wp-json\/wp\/v2\/product"}],"about":[{"href":"https:\/\/gpl-love.com\/es\/wp-json\/wp\/v2\/types\/product"}],"replies":[{"embeddable":true,"href":"https:\/\/gpl-love.com\/es\/wp-json\/wp\/v2\/comments?post=116303"}],"wp:featuredmedia":[{"embeddable":true,"href":"https:\/\/gpl-love.com\/es\/wp-json\/wp\/v2\/media\/168388"}],"wp:attachment":[{"href":"https:\/\/gpl-love.com\/es\/wp-json\/wp\/v2\/media?parent=116303"}],"wp:term":[{"taxonomy":"product_brand","embeddable":true,"href":"https:\/\/gpl-love.com\/es\/wp-json\/wp\/v2\/product_brand?post=116303"},{"taxonomy":"product_cat","embeddable":true,"href":"https:\/\/gpl-love.com\/es\/wp-json\/wp\/v2\/product_cat?post=116303"},{"taxonomy":"product_tag","embeddable":true,"href":"https:\/\/gpl-love.com\/es\/wp-json\/wp\/v2\/product_tag?post=116303"}],"curies":[{"name":"wp","href":"https:\/\/api.w.org\/{rel}","templated":true}]}}