{"id":116301,"date":"2025-03-10T00:00:00","date_gmt":"2025-03-10T05:00:00","guid":{"rendered":"http:\/\/gpl-love.com\/es\/?post_type=product&#038;p=116301"},"modified":"2026-03-09T07:35:19","modified_gmt":"2026-03-09T12:35:19","slug":"flexible-checkout-fields-pro","status":"publish","type":"product","link":"https:\/\/gpl-love.com\/es\/producto\/flexible-checkout-fields-pro\/","title":{"rendered":"Flexible Checkout Fields Pro 4.0.14"},"content":{"rendered":"<h3>Flexible Checkout Fields Pro Caracteristicas<\/h3>\n<p>Flexible Checkout Fields Pro es un complemento incre\u00edblemente impresionante que ofrece una soluci\u00f3n notablemente f\u00e1cil de usar para crear e incorporar campos de pago personalizados en su tienda WooCommerce. Este complemento le permite agregar y administrar sin esfuerzo un n\u00famero ilimitado de campos de pago, incluidos, entre otros, campos de texto, botones de radio, cargas de archivos, men\u00fas desplegables y m\u00e1s. Su interfaz de arrastre y ca\u00edda proporciona una forma perfecta e intuitiva de colocar estos campos de acuerdo con su preferencia, lo que le otorg\u00f3 un control completo sobre el dise\u00f1o de su p\u00e1gina de pago. En particular, este complemento es totalmente compatible con las pasarelas de pago populares, sirviendo as\u00ed como una herramienta excepcional para mejorar su proceso de pago y proporcionar una experiencia de compra elevada para sus valiosos clientes. Independientemente del tama\u00f1o de su tienda en l\u00ednea, ya sea de una escala m\u00e1s peque\u00f1a o m\u00e1s grande, es innegable que Flexible Chield Fields Pro es una necesidad absoluta para optimizar su proceso de pago y cultivar una mayor satisfacci\u00f3n del cliente.<\/p>\n<ul>\n<li>Agrega campos personalizados a la p\u00e1gina de pago en su sitio web<\/li>\n<li>Permite una f\u00e1cil recopilaci\u00f3n de informaci\u00f3n adicional al cliente<\/li>\n<li>Los campos personalizables incluyen cuadros de texto, men\u00fas desplegables, casillas de verificaci\u00f3n y m\u00e1s<\/li>\n<li>Proporciona un proceso de pago optimizado para los clientes<\/li>\n<li>Se integra a la perfecci\u00f3n con las populares plataformas de comercio electr\u00f3nico como WooCommerce y Shopify<\/li>\n<li>Ofrece una interfaz f\u00e1cil de usar para una f\u00e1cil configuraci\u00f3n y administraci\u00f3n de campos<\/li>\n<li>Admite la l\u00f3gica condicional para mostrar campos basados \u200b\u200ben criterios espec\u00edficos del cliente<\/li>\n<li>Incluye opciones de validaci\u00f3n avanzada para garantizar que se recopile informaci\u00f3n precisa.<\/li>\n<li>Guarda datos recopilados a los detalles del pedido del cliente para una referencia f\u00e1cil<\/li>\n<li>Ayuda a mejorar la experiencia del cliente y a aumentar las tasas de conversi\u00f3n<\/li>\n<\/ul>\n","protected":false},"excerpt":{"rendered":"<p>Flexible Chickout Fields Pro es un complemento altamente vers\u00e1til e integral dise\u00f1ado espec\u00edficamente para sitios web de comercio electr\u00f3nico, lo que empodera a los propietarios de tiendas con la capacidad de personalizar y modificar la p\u00e1gina de pago a trav\u00e9s de la integraci\u00f3n perfecta de campos adicionales. Al incorporar este complemento, obtiene la invaluable oportunidad de acumular datos cruciales, como instrucciones de entrega y mensajes de regalo, mejorando en gran medida la experiencia de compra general para su estimada clientela. Con un proceso de instalaci\u00f3n sencillo, una interfaz intuitivamente navegable y una notable compatibilidad con plataformas de comercio electr\u00f3nico de renombre como WooCommerce, Shopify y Magento, los campos de pago flexibles Pro surgen como la soluci\u00f3n final para simplificar el proceso de checkout y, finalmente, elevar la satisfacci\u00f3n del cliente a alturas sin precedentes.<\/p>\n","protected":false},"featured_media":166119,"comment_status":"open","ping_status":"open","template":"","meta":[],"product_brand":[2454],"product_cat":[1207,1248,1206],"product_tag":[1716],"class_list":{"0":"post-116301","1":"product","2":"type-product","3":"status-publish","4":"has-post-thumbnail","6":"product_brand-wp-desk","7":"product_cat-comercio-electronico-plugins","8":"product_cat-personalizacion-comercio-electronico-plugins","9":"product_cat-plugins","10":"product_tag-wp-desk","11":"member-discount","12":"discount-restricted","14":"first","15":"instock","16":"sale","17":"downloadable","18":"virtual","19":"sold-individually","20":"purchasable","21":"product-type-simple"},"_links":{"self":[{"href":"https:\/\/gpl-love.com\/es\/wp-json\/wp\/v2\/product\/116301","targetHints":{"allow":["GET"]}}],"collection":[{"href":"https:\/\/gpl-love.com\/es\/wp-json\/wp\/v2\/product"}],"about":[{"href":"https:\/\/gpl-love.com\/es\/wp-json\/wp\/v2\/types\/product"}],"replies":[{"embeddable":true,"href":"https:\/\/gpl-love.com\/es\/wp-json\/wp\/v2\/comments?post=116301"}],"wp:featuredmedia":[{"embeddable":true,"href":"https:\/\/gpl-love.com\/es\/wp-json\/wp\/v2\/media\/166119"}],"wp:attachment":[{"href":"https:\/\/gpl-love.com\/es\/wp-json\/wp\/v2\/media?parent=116301"}],"wp:term":[{"taxonomy":"product_brand","embeddable":true,"href":"https:\/\/gpl-love.com\/es\/wp-json\/wp\/v2\/product_brand?post=116301"},{"taxonomy":"product_cat","embeddable":true,"href":"https:\/\/gpl-love.com\/es\/wp-json\/wp\/v2\/product_cat?post=116301"},{"taxonomy":"product_tag","embeddable":true,"href":"https:\/\/gpl-love.com\/es\/wp-json\/wp\/v2\/product_tag?post=116301"}],"curies":[{"name":"wp","href":"https:\/\/api.w.org\/{rel}","templated":true}]}}