{"id":116299,"date":"2025-11-20T00:00:00","date_gmt":"2025-11-20T05:00:00","guid":{"rendered":"http:\/\/gpl-love.com\/es\/?post_type=product&#038;p=116299"},"modified":"2026-03-09T07:58:07","modified_gmt":"2026-03-09T12:58:07","slug":"olx-woocommerce","status":"publish","type":"product","link":"https:\/\/gpl-love.com\/es\/producto\/olx-woocommerce\/","title":{"rendered":"OLX WooCommerce 2.1.24"},"content":{"rendered":"<h3>OLX WooCommerce Caracteristicas<\/h3>\n<p>OLX WooCommerce, un complemento de comercio electr\u00f3nico muy robusto, presenta una integraci\u00f3n perfecta del mercado OLX con su tienda WooCommerce. Al ofrecer un proceso sencillo de configuraci\u00f3n y configuraci\u00f3n, puede comenzar r\u00e1pidamente la venta de su amplia gama de productos en OLX, conectando as\u00ed con millones de clientes potenciales. Este complemento extiende su soporte a varios tipos de productos y opciones de precios, lo que le brinda la conveniencia de administrar su inventario, pedidos y env\u00edo desde una ubicaci\u00f3n centralizada. Adem\u00e1s, OLX WooCommerce ofrece una serie de funcionalidades avanzadas, incluida la sincronizaci\u00f3n autom\u00e1tica, las opciones de pago flexibles y el soporte de chat en tiempo real, todo lo cual contribuye colectivamente a garantizar que su clientela encuentre una experiencia sin problemas y sin problemas. Independientemente de si usted es propietario de una peque\u00f1a empresa o una gran empresa, el empleo de OLX WooCommerce sin duda lo ayudar\u00e1 a aumentar sus ventas y ampliar su presencia en el mercado global en constante expansi\u00f3n.<\/p>\n<ul>\n<li>Integra la funcionalidad OLX en WooCommerce<\/li>\n<li>Permite a los usuarios vender sus productos en OLX directamente desde su tienda en l\u00ednea<\/li>\n<li>Agiliza el proceso de venta al sincronizar el inventario y el precio entre las dos plataformas<\/li>\n<li>Aumenta la visibilidad y el alcance de los productos aprovechando la extensa base de usuarios de OLX<\/li>\n<li>Facilita los pagos seguros a trav\u00e9s del sistema de procesamiento de pagos incorporado de WooCommerce<\/li>\n<li>Mejora la experiencia del cliente al proporcionar una experiencia de comercio electr\u00f3nico sin problemas en las plataformas<\/li>\n<li>Ofrece configuraciones personalizables para garantizar que la integraci\u00f3n satisfaga las necesidades espec\u00edficas del negocio<\/li>\n<li>Requiere conocimientos t\u00e9cnicos m\u00ednimos, lo que lo hace accesible para empresas de todos los tama\u00f1os<\/li>\n<li>Ofrece soporte de WooCommerce y OLX para garantizar un proceso de integraci\u00f3n sin problemas.<\/li>\n<\/ul>\n","protected":false},"excerpt":{"rendered":"<p>OLX WooCommerce, una ingeniosa soluci\u00f3n de mercado en l\u00ednea, sirve como intermediario entre vendedores y compradores, conect\u00e1ndolos sin problemas para transacciones sin esfuerzo. Al amalgamando la flexibilidad de WooCommerce con el extenso alcance de OLX, esta herramienta robusta ofrece una plataforma confiable y f\u00e1cil de usar para realizar negocios en el \u00e1mbito digital. Empoderar a los vendedores para que enumere y administre sin esfuerzo sus productos, al tiempo que permite a los compradores localizar y comprar r\u00e1pidamente los art\u00edculos deseados con la m\u00e1xima confianza, esta plataforma abarca una variedad de caracter\u00edsticas notables, como m\u00e9todos de pago seguros, revisiones de productos, alternativas de env\u00edo y una variedad de otras otras cosas. funcionalidades. Estas ofertas integrales aseguran una experiencia de compra y venta perfecta y gratificante para todas las partes involucradas. En consecuencia, las empresas que aprovechan OLX WooCommerce pueden acceder sin esfuerzo a su p\u00fablico objetivo y expandir sus empresas sin encontrar ning\u00fan obst\u00e1culo u obst\u00e1culos innecesarios.<\/p>\n","protected":false},"featured_media":167097,"comment_status":"open","ping_status":"open","template":"","meta":[],"product_brand":[2454],"product_cat":[1207,1225,1206],"product_tag":[1716],"class_list":{"0":"post-116299","1":"product","2":"type-product","3":"status-publish","4":"has-post-thumbnail","6":"product_brand-wp-desk","7":"product_cat-comercio-electronico-plugins","8":"product_cat-marketing","9":"product_cat-plugins","10":"product_tag-wp-desk","11":"member-discount","12":"discount-restricted","14":"first","15":"instock","16":"sale","17":"downloadable","18":"virtual","19":"sold-individually","20":"purchasable","21":"product-type-simple"},"_links":{"self":[{"href":"https:\/\/gpl-love.com\/es\/wp-json\/wp\/v2\/product\/116299","targetHints":{"allow":["GET"]}}],"collection":[{"href":"https:\/\/gpl-love.com\/es\/wp-json\/wp\/v2\/product"}],"about":[{"href":"https:\/\/gpl-love.com\/es\/wp-json\/wp\/v2\/types\/product"}],"replies":[{"embeddable":true,"href":"https:\/\/gpl-love.com\/es\/wp-json\/wp\/v2\/comments?post=116299"}],"wp:featuredmedia":[{"embeddable":true,"href":"https:\/\/gpl-love.com\/es\/wp-json\/wp\/v2\/media\/167097"}],"wp:attachment":[{"href":"https:\/\/gpl-love.com\/es\/wp-json\/wp\/v2\/media?parent=116299"}],"wp:term":[{"taxonomy":"product_brand","embeddable":true,"href":"https:\/\/gpl-love.com\/es\/wp-json\/wp\/v2\/product_brand?post=116299"},{"taxonomy":"product_cat","embeddable":true,"href":"https:\/\/gpl-love.com\/es\/wp-json\/wp\/v2\/product_cat?post=116299"},{"taxonomy":"product_tag","embeddable":true,"href":"https:\/\/gpl-love.com\/es\/wp-json\/wp\/v2\/product_tag?post=116299"}],"curies":[{"name":"wp","href":"https:\/\/api.w.org\/{rel}","templated":true}]}}