{"id":116297,"date":"2025-11-06T00:00:00","date_gmt":"2025-11-06T05:00:00","guid":{"rendered":"http:\/\/gpl-love.com\/es\/?post_type=product&#038;p=116297"},"modified":"2026-03-09T07:29:34","modified_gmt":"2026-03-09T12:29:34","slug":"easy-digital-downloads-reviews","status":"publish","type":"product","link":"https:\/\/gpl-love.com\/es\/producto\/easy-digital-downloads-reviews\/","title":{"rendered":"Easy Digital Downloads Reviews 2.2.6"},"content":{"rendered":"<h3>Easy Digital Downloads Reviews Caracteristicas<\/h3>\n<p>El magn\u00edfico complemento de revisiones de descargas digitales f\u00e1ciles sirve como una herramienta fenomenal para que los usuarios integren sin esfuerzo revisiones en sus productos digitales que utilizan la extraordinaria plataforma de descargas digitales f\u00e1ciles. Sorprendentemente, este notable complemento faculta poderosamente a los propietarios de las tiendas para motivar efectivamente a los clientes estimados a proporcionar generosamente rese\u00f1as en su espl\u00e9ndido sitio web, inevitablemente fomentando un sentido incomparable de confianza y confiabilidad entre compradores potenciales, al tiempo que catapule simult\u00e1neamente sus clasificaciones de SEO a alturas asombrosas. Impresionantemente, los procesos de instalaci\u00f3n y personalizaci\u00f3n asociados con este complemento incomparable son asombrosamente simples y f\u00e1ciles de usar, lo que brinda a los clientes la oportunidad de oro para calificar astutamente el producto en una escala de cinco estrellas por excelencia, adem\u00e1s de lujo en la capacidad de incluir una meticulosamente elaborada elaborado. comentario. Incre\u00edblemente, la caracter\u00edstica invaluable de moderar y responder r\u00e1pidamente a estas invaluables revisiones se teje sin problemas en el complemento, inculcando as\u00ed un sentido estimulante de control y autoridad dentro del propietario de la tienda. Implacablemente, el impresionante complemento de revisiones de descargas digitales f\u00e1ciles de inspiraci\u00f3n permite ingeniosamente a los propietarios de tiendas mejorar sin esfuerzo su ilustre presencia en l\u00ednea, inevitablemente culminando en un tremendo aumento en las ventas y un futuro pr\u00f3spero para su venerada empresa comercial.<\/p>\n<ul>\n<li>Proporciona una plataforma f\u00e1cil de usar para que los clientes dejen revisiones en productos f\u00e1ciles de descargas digitales<\/li>\n<li>Permite una f\u00e1cil moderaci\u00f3n y gesti\u00f3n de revisiones por parte de los propietarios de las tiendas<\/li>\n<li>Env\u00eda autom\u00e1ticamente los recordatorios de revisi\u00f3n a los clientes despu\u00e9s de su compra, aumentando la probabilidad de recibir comentarios<\/li>\n<li>Muestra rese\u00f1as en un formato atractivo y personalizable en las p\u00e1ginas de productos<\/li>\n<li>Incluye una variedad de opciones para filtrar y clasificar las revisiones, lo que facilita a los clientes encontrar la informaci\u00f3n que necesitan<\/li>\n<li>Se integra con plataformas de redes sociales populares para permitir el intercambio f\u00e1cil de las rese\u00f1as<\/li>\n<li>Proporciona an\u00e1lisis detallados y ideas sobre los comentarios de los clientes, lo que permite a los propietarios de las tiendas tomar decisiones informadas sobre mejoras de productos y estrategias de marketing<\/li>\n<li>Ofrece soporte de varios idiomas para clientes internacionales<\/li>\n<li>Compatible con una amplia gama de temas y complementos, asegurando una integraci\u00f3n perfecta con cualquier sitio de WordPress.<\/li>\n<\/ul>\n","protected":false},"excerpt":{"rendered":"<p>Easy Digital Downloads Reviews proporciona una soluci\u00f3n directa y efectiva para recopilar y exhibir rese\u00f1as de clientes relacionadas con su mercanc\u00eda digital. Al utilizar este complemento, tiene la capacidad sin esfuerzo para pedirle a sus clientes que env\u00eden rese\u00f1as en su tienda EDD, mostrando posteriormente dichas revisiones en sus p\u00e1ginas de productos. La naturaleza personalizable de las revisiones y la facilidad con la que se pueden administrar le permite la flexibilidad de autorizar, modificar o eliminar las revisiones como se considera apropiado. Al incorporar revisiones f\u00e1ciles de descargas digitales en sus operaciones, puede cultivar un sentido de dependencia y autenticidad entre su clientela, en consecuencia, aumentando tanto sus cifras de ventas como sus ingresos generales.<\/p>\n","protected":false},"featured_media":165882,"comment_status":"open","ping_status":"open","template":"","meta":[],"product_brand":[2427],"product_cat":[1207,1248,1206],"product_tag":[1280],"class_list":{"0":"post-116297","1":"product","2":"type-product","3":"status-publish","4":"has-post-thumbnail","6":"product_brand-easy-digital-downloads","7":"product_cat-comercio-electronico-plugins","8":"product_cat-personalizacion-comercio-electronico-plugins","9":"product_cat-plugins","10":"product_tag-easy-digital-downloads","11":"member-discount","12":"discount-restricted","14":"first","15":"instock","16":"sale","17":"downloadable","18":"virtual","19":"sold-individually","20":"purchasable","21":"product-type-simple"},"_links":{"self":[{"href":"https:\/\/gpl-love.com\/es\/wp-json\/wp\/v2\/product\/116297","targetHints":{"allow":["GET"]}}],"collection":[{"href":"https:\/\/gpl-love.com\/es\/wp-json\/wp\/v2\/product"}],"about":[{"href":"https:\/\/gpl-love.com\/es\/wp-json\/wp\/v2\/types\/product"}],"replies":[{"embeddable":true,"href":"https:\/\/gpl-love.com\/es\/wp-json\/wp\/v2\/comments?post=116297"}],"wp:featuredmedia":[{"embeddable":true,"href":"https:\/\/gpl-love.com\/es\/wp-json\/wp\/v2\/media\/165882"}],"wp:attachment":[{"href":"https:\/\/gpl-love.com\/es\/wp-json\/wp\/v2\/media?parent=116297"}],"wp:term":[{"taxonomy":"product_brand","embeddable":true,"href":"https:\/\/gpl-love.com\/es\/wp-json\/wp\/v2\/product_brand?post=116297"},{"taxonomy":"product_cat","embeddable":true,"href":"https:\/\/gpl-love.com\/es\/wp-json\/wp\/v2\/product_cat?post=116297"},{"taxonomy":"product_tag","embeddable":true,"href":"https:\/\/gpl-love.com\/es\/wp-json\/wp\/v2\/product_tag?post=116297"}],"curies":[{"name":"wp","href":"https:\/\/api.w.org\/{rel}","templated":true}]}}