{"id":116285,"date":"2025-09-13T00:00:00","date_gmt":"2025-09-13T05:00:00","guid":{"rendered":"http:\/\/gpl-love.com\/es\/?post_type=product&#038;p=116285"},"modified":"2026-04-10T11:33:31","modified_gmt":"2026-04-10T16:33:31","slug":"woocommerce-quantity-manager","status":"publish","type":"product","link":"https:\/\/gpl-love.com\/es\/producto\/woocommerce-quantity-manager\/","title":{"rendered":"WooCommerce Quantity Manager 2.4.3"},"content":{"rendered":"<h3>WooCommerce Quantity Manager Caracteristicas<\/h3>\n<p>WooCommerce Cantidad Manager, un complemento muy robusto meticulosamente elaborado, satisface las necesidades de los propietarios de tiendas en l\u00ednea que buscan una gesti\u00f3n efectiva de las cantidades de productos en sus sitios web. Con sus caracter\u00edsticas excepcionales, este complemento presenta a los usuarios la capacidad de establecer sin esfuerzo umbrales de cantidad m\u00ednima y m\u00e1xima para sus productos, junto con la conveniencia de ajustar las cantidades de productos a granel. En consecuencia, esta disposici\u00f3n permite a los propietarios de tiendas los medios para monitorear eficientemente los niveles de acciones y frustrar casos de sobreventa, evitando as\u00ed la insatisfacci\u00f3n potencial del cliente y la p\u00e9rdida de ingresos. Sin lugar a dudas, la instalaci\u00f3n y el uso de este complemento es un esfuerzo sin esfuerzo, cortes\u00eda de su interfaz f\u00e1cil de usar que facilita la gesti\u00f3n r\u00e1pida y perfecta de las cantidades de productos. A la luz de estas ventajas incomparables, se hace evidente que el administrador de la cantidad de WooCommerce es una herramienta indispensable para cualquier tienda en l\u00ednea que aspira a optimizar el proceso de ventas y mejorar la satisfacci\u00f3n del cliente.<\/p>\n<ul>\n<li>Una herramienta poderosa para administrar la cantidad del producto en su tienda WooCommerce<\/li>\n<li>F\u00e1cil de instalar y usar, con un tablero f\u00e1cil de usar<\/li>\n<li>Le permite establecer cantidades de pedido m\u00ednimo y m\u00e1ximo para productos<\/li>\n<li>Admite la edici\u00f3n masiva de cantidades de productos para una f\u00e1cil gesti\u00f3n<\/li>\n<li>Calcula autom\u00e1ticamente las acciones disponibles seg\u00fan el inventario actual y los pedidos existentes<\/li>\n<li>Evita que los clientes ordenen productos fuera de existencia<\/li>\n<li>Se puede personalizar para adaptarse a las necesidades espec\u00edficas y la estrategia de gesti\u00f3n de inventario de su tienda<\/li>\n<li>Compatible con todos los tipos de productos de WooCommerce, incluidos productos simples, variables y de suscripci\u00f3n<\/li>\n<li>Ayuda a reducir las discrepancias de inventario y los problemas de exceso de venta, ahorr\u00e1ndole tiempo y dinero<\/li>\n<li>Proporciona gesti\u00f3n de inventario en tiempo real e informes para la toma de decisiones precisa.<\/li>\n<\/ul>\n","protected":false},"excerpt":{"rendered":"<p>WooCommerce Cantidad Manager, un complemento incre\u00edblemente potente, le permite la capacidad de manejar y manipular sin esfuerzo las cantidades de productos en su tienda de WooCommerce. Este complemento excepcional le proporciona la capacidad de establecer l\u00edmites tanto inferiores como superiores para la compra de productos, establecer incrementos de cantidad, desactivar la capacidad de ordenar productos cuando los niveles de stock son cr\u00edticamente bajos y mucho m\u00e1s. Al poseer la autoridad absoluta sobre el inventario de su tienda, puede garantizar una experiencia del cliente sin problemas al tiempo que evita simult\u00e1neamente la ocurrencia de sobreventa. Ya sea que se encuentre al frente de una modesta empresa en l\u00ednea o un emporio de comercio electr\u00f3nico en expansi\u00f3n, el administrador de cantidad de WooCommerce indispensable es una herramienta absolutamente esencial para administrar su inventario de manera efectiva y eficiente.<\/p>\n","protected":false},"featured_media":168238,"comment_status":"open","ping_status":"open","template":"","meta":[],"product_brand":[2422],"product_cat":[1208,1207,1206],"product_tag":[1660],"class_list":{"0":"post-116285","1":"product","2":"type-product","3":"status-publish","4":"has-post-thumbnail","6":"product_brand-barn2","7":"product_cat-administracion","8":"product_cat-comercio-electronico-plugins","9":"product_cat-plugins","10":"product_tag-barn2","11":"member-discount","12":"discount-restricted","14":"first","15":"instock","16":"sale","17":"downloadable","18":"virtual","19":"sold-individually","20":"purchasable","21":"product-type-simple"},"_links":{"self":[{"href":"https:\/\/gpl-love.com\/es\/wp-json\/wp\/v2\/product\/116285","targetHints":{"allow":["GET"]}}],"collection":[{"href":"https:\/\/gpl-love.com\/es\/wp-json\/wp\/v2\/product"}],"about":[{"href":"https:\/\/gpl-love.com\/es\/wp-json\/wp\/v2\/types\/product"}],"replies":[{"embeddable":true,"href":"https:\/\/gpl-love.com\/es\/wp-json\/wp\/v2\/comments?post=116285"}],"wp:featuredmedia":[{"embeddable":true,"href":"https:\/\/gpl-love.com\/es\/wp-json\/wp\/v2\/media\/168238"}],"wp:attachment":[{"href":"https:\/\/gpl-love.com\/es\/wp-json\/wp\/v2\/media?parent=116285"}],"wp:term":[{"taxonomy":"product_brand","embeddable":true,"href":"https:\/\/gpl-love.com\/es\/wp-json\/wp\/v2\/product_brand?post=116285"},{"taxonomy":"product_cat","embeddable":true,"href":"https:\/\/gpl-love.com\/es\/wp-json\/wp\/v2\/product_cat?post=116285"},{"taxonomy":"product_tag","embeddable":true,"href":"https:\/\/gpl-love.com\/es\/wp-json\/wp\/v2\/product_tag?post=116285"}],"curies":[{"name":"wp","href":"https:\/\/api.w.org\/{rel}","templated":true}]}}