{"id":116283,"date":"2021-08-21T00:00:00","date_gmt":"2021-08-21T05:00:00","guid":{"rendered":"http:\/\/gpl-love.com\/es\/?post_type=product&#038;p=116283"},"modified":"2026-03-13T17:35:32","modified_gmt":"2026-03-13T22:35:32","slug":"zev-creative-personal-portfolio-wordpress-theme","status":"publish","type":"product","link":"https:\/\/gpl-love.com\/es\/producto\/zev-creative-personal-portfolio-wordpress-theme\/","title":{"rendered":"Zev Creative Personal Portfolio WordPress Theme 1.0.4"},"content":{"rendered":"<h3>Zev Creative Personal Portfolio WordPress Theme Caracteristicas<\/h3>\n<p>El tema de WordPress de la cartera personal creativa de Zev posee una gran cantidad de poder y versatilidad, por lo que es una elecci\u00f3n excepcional para las personas que pertenecen al campo creativo que desean exhibir su trabajo de manera asombrosa y cautivadora. Este tema en particular proporciona una amplia gama de opciones de personalizaci\u00f3n, brind\u00e1ndole la oportunidad de dise\u00f1ar una presencia digital distintiva y personalizada que refleje acertadamente su estilo y personalidad individuales. Con su dise\u00f1o receptivo, su cartera exudar\u00e1 a la excelencia en todos los dispositivos, mientras que su interfaz de arrastrar y soltar f\u00e1cilmente con usuarios garantiza una construcci\u00f3n y administraci\u00f3n sin esfuerzo de su sitio web. Adem\u00e1s, el tema de WordPress de la cartera personal de ZEV, abarca una multitud de complementos y caracter\u00edsticas premium, que incluye un fascinante fondo de video, secciones de paralaje y dise\u00f1os de cuadr\u00edcula flexibles. Estos componentes notables se han dise\u00f1ado meticulosamente para facilitar su capacidad de destacar de las masas y dejar una impresi\u00f3n duradera en posibles clientes y posibles empleadores por igual. Por lo tanto, si est\u00e1 en busca de un tema de cartera elegante y pulido que exhibir\u00e1 efectivamente su trabajo y fomenta el crecimiento de su marca en l\u00ednea, el tema de WordPress de cartera personal de ZEV, sin duda, merece su exhaustivo examen y consideraci\u00f3n.<\/p>\n<ul>\n<li>ZEV Creative Personal Portfolio WordPress Theme es un tema de cartera bellamente dise\u00f1ado y totalmente personalizable para creatividades.<\/li>\n<li>Construido con el potente constructor de p\u00e1ginas Elementer, puede arrastrar y soltar f\u00e1cilmente cualquier elemento prefabricado o crear los suyos desde cero.<\/li>\n<li>Viene con seis p\u00e1ginas de inicio diferentes para elegir, cada una con un dise\u00f1o y dise\u00f1o \u00fanicos.<\/li>\n<li>Incluye una secci\u00f3n de blog completamente funcional, para que pueda compartir sus pensamientos e ideas mientras muestra su trabajo.<\/li>\n<li>Tambi\u00e9n cuenta con una secci\u00f3n de galer\u00eda flexible que puede personalizarse completamente con diferentes filtros y animaciones.<\/li>\n<li>Viene con una gama de plantillas y secciones prefabricadas, lo que hace que sea r\u00e1pido y f\u00e1cil configurar su sitio web con un esfuerzo m\u00ednimo.<\/li>\n<li>El dise\u00f1o totalmente receptivo asegura que su sitio web se vea genial en cualquier dispositivo.<\/li>\n<li>Construido con las mejores pr\u00e1cticas de SEO en mente para ayudar a mejorar la visibilidad de su sitio web en los motores de b\u00fasqueda.<\/li>\n<li>Las actualizaciones continuas y el soporte dedicado aseguran que su sitio web se mantenga actualizado con las \u00faltimas tecnolog\u00edas y tendencias de dise\u00f1o.<\/li>\n<\/ul>\n","protected":false},"excerpt":{"rendered":"<p>El tema de WordPress de la cartera personal de Zev Creative presenta una soluci\u00f3n ideal para artistas, fot\u00f3grafos, dise\u00f1adores y profesionales creativos que desean exhibir su trabajo en l\u00ednea. Con un dise\u00f1o elegante y moderno, este tema ofrece una plataforma visualmente fascinante para exhibir obras de arte, complementada por una interfaz f\u00e1cil de usar que facilita la navegaci\u00f3n perfecta para los visitantes del sitio web. Opciones de personalizaci\u00f3n extensas permiten a los usuarios reflejar su estilo y marca \u00fanicos en su sitio web, complementado por una gran cantidad de caracter\u00edsticas y complementos que permiten la integraci\u00f3n sin esfuerzo de las redes sociales, los blogs y las funcionalidades de comercio electr\u00f3nico. Ya sea que uno tenga como objetivo aumentar su presencia en l\u00ednea o establecerse como una autoridad en su campo respectivo, el tema de WordPress de la cartera personal creativa de ZEV abarca todos los elementos esenciales necesarios para dar forma a un sitio web de cartera impresionante.<\/p>\n","protected":false},"featured_media":168712,"comment_status":"open","ping_status":"open","template":"","meta":[],"product_brand":[2337],"product_cat":[1267,1237,1238],"product_tag":[1391],"class_list":{"0":"post-116283","1":"product","2":"type-product","3":"status-publish","4":"has-post-thumbnail","6":"product_brand-themeforest","7":"product_cat-creativo","8":"product_cat-temas","9":"product_cat-wordpress-temas","10":"product_tag-themeforest","11":"member-discount","12":"discount-restricted","14":"first","15":"instock","16":"sale","17":"downloadable","18":"virtual","19":"sold-individually","20":"purchasable","21":"product-type-simple"},"_links":{"self":[{"href":"https:\/\/gpl-love.com\/es\/wp-json\/wp\/v2\/product\/116283","targetHints":{"allow":["GET"]}}],"collection":[{"href":"https:\/\/gpl-love.com\/es\/wp-json\/wp\/v2\/product"}],"about":[{"href":"https:\/\/gpl-love.com\/es\/wp-json\/wp\/v2\/types\/product"}],"replies":[{"embeddable":true,"href":"https:\/\/gpl-love.com\/es\/wp-json\/wp\/v2\/comments?post=116283"}],"wp:featuredmedia":[{"embeddable":true,"href":"https:\/\/gpl-love.com\/es\/wp-json\/wp\/v2\/media\/168712"}],"wp:attachment":[{"href":"https:\/\/gpl-love.com\/es\/wp-json\/wp\/v2\/media?parent=116283"}],"wp:term":[{"taxonomy":"product_brand","embeddable":true,"href":"https:\/\/gpl-love.com\/es\/wp-json\/wp\/v2\/product_brand?post=116283"},{"taxonomy":"product_cat","embeddable":true,"href":"https:\/\/gpl-love.com\/es\/wp-json\/wp\/v2\/product_cat?post=116283"},{"taxonomy":"product_tag","embeddable":true,"href":"https:\/\/gpl-love.com\/es\/wp-json\/wp\/v2\/product_tag?post=116283"}],"curies":[{"name":"wp","href":"https:\/\/api.w.org\/{rel}","templated":true}]}}