{"id":116281,"date":"2026-03-20T00:00:00","date_gmt":"2026-03-20T05:00:00","guid":{"rendered":"http:\/\/gpl-love.com\/es\/?post_type=product&#038;p=116281"},"modified":"2026-03-20T17:15:29","modified_gmt":"2026-03-20T22:15:29","slug":"filter-everything-wordpress-woocommerce-product-filter","status":"publish","type":"product","link":"https:\/\/gpl-love.com\/es\/producto\/filter-everything-wordpress-woocommerce-product-filter\/","title":{"rendered":"Filter Everything WordPress WooCommerce Product Filter 1.9.2"},"content":{"rendered":"<h3>Filter Everything WordPress WooCommerce Product Filter Caracteristicas<\/h3>\n<p>El filtro de todo WordPress WooCommerce Product Filter cuenta con una naturaleza innovadora que mejora efectivamente el proceso de compra para los usuarios de WooCommerce. Este complemento excepcional permite a los compradores otorg\u00e1ndoles la capacidad de examinar sin esfuerzo a trav\u00e9s de una amplia gama de productos, todo mientras se adhiere a criterios espec\u00edficos como precio, color, tama\u00f1o o categor\u00eda. En consecuencia, los clientes tienen el lujo de descubrir r\u00e1pidamente sus productos deseados, lo que genera ahorros de tiempo y una experiencia de compra en general. Adem\u00e1s, las empresas obtendr\u00e1n la satisfacci\u00f3n aumentada del cliente y el crecimiento exponencial en las tasas de conversi\u00f3n. Por lo tanto, se hace evidente que el filtro de todo WordPress WooCommerce Product Filter es una herramienta indispensablemente esencial para cualquier establecimiento de WooCommerce que se esfuerce por elevar su experiencia del cliente a alturas sin precedentes y aumentar las ventas exponencialmente.<\/p>\n<ul>\n<li>Filtrar f\u00e1cilmente a trav\u00e9s de sus productos de WooCommerce con el filtro de productos de entrada<\/li>\n<li>Agilice la experiencia de compra de sus clientes con filtros intuitivos para el precio, el color, el tama\u00f1o y m\u00e1s<\/li>\n<li>Aumentar las ventas ayudando a los clientes a encontrar los productos que buscan m\u00e1s r\u00e1pido y con m\u00e1s precisi\u00f3n<\/li>\n<li>Disfrute de opciones de taxonom\u00eda personalizables para que pueda crear filtros \u00fanicos para sus productos espec\u00edficos<\/li>\n<li>Filtrar Todo es totalmente compatible con la \u00faltima versi\u00f3n de WordPress y WooCommerce<\/li>\n<li>El complemento es f\u00e1cil de instalar y configurar con una configuraci\u00f3n m\u00ednima requerida<\/li>\n<li>Aproveche las opciones de filtrado avanzadas, como filtros de rango y desplegables para refinar a\u00fan m\u00e1s las b\u00fasquedas de sus clientes.<\/li>\n<li>Proporcione una experiencia de compra m\u00e1s profesional y f\u00e1cil de usar para sus clientes con la entrada de todo.<\/li>\n<\/ul>\n","protected":false},"excerpt":{"rendered":"<p>El filtro todo WordPress WooCommerce Product Filter, un complemento muy esencial, sirve para mejorar la experiencia general de compra en l\u00ednea. Este filtro robusto otorga a los compradores la conveniencia de buscar sin esfuerzo productos basados \u200b\u200ben criterios diversos, incluidos, entre otros, el rango de precios, la marca, el color, el tama\u00f1o y una variedad de otras opciones. En virtud de su interfaz notablemente f\u00e1cil de usar, los clientes pueden refinar eficientemente sus b\u00fasquedas y localizar r\u00e1pidamente los productos espec\u00edficos que necesitan. Adem\u00e1s, la integraci\u00f3n del complemento Filter Todo con WooCommerce garantiza una administraci\u00f3n y actualizaciones perfectas de su listado de productos. Despedirse de las b\u00fasquedas laboriosas y que requieren mucho tiempo, y otorgan a sus clientes la mayor comodidad y facilidad que realmente merecen adoptando el filtro de todo WordPress WooCommerce Product Filtro.<\/p>\n","protected":false},"featured_media":166104,"comment_status":"open","ping_status":"open","template":"","meta":[],"product_brand":[2339],"product_cat":[1214,1206,1211],"product_tag":[1256],"class_list":{"0":"post-116281","1":"product","2":"type-product","3":"status-publish","4":"has-post-thumbnail","6":"product_brand-codecanyon","7":"product_cat-personalizacion","8":"product_cat-plugins","9":"product_cat-wordpress-plugins","10":"product_tag-codecanyon","11":"member-discount","12":"discount-restricted","14":"first","15":"instock","16":"sale","17":"downloadable","18":"virtual","19":"sold-individually","20":"purchasable","21":"product-type-simple"},"_links":{"self":[{"href":"https:\/\/gpl-love.com\/es\/wp-json\/wp\/v2\/product\/116281","targetHints":{"allow":["GET"]}}],"collection":[{"href":"https:\/\/gpl-love.com\/es\/wp-json\/wp\/v2\/product"}],"about":[{"href":"https:\/\/gpl-love.com\/es\/wp-json\/wp\/v2\/types\/product"}],"replies":[{"embeddable":true,"href":"https:\/\/gpl-love.com\/es\/wp-json\/wp\/v2\/comments?post=116281"}],"wp:featuredmedia":[{"embeddable":true,"href":"https:\/\/gpl-love.com\/es\/wp-json\/wp\/v2\/media\/166104"}],"wp:attachment":[{"href":"https:\/\/gpl-love.com\/es\/wp-json\/wp\/v2\/media?parent=116281"}],"wp:term":[{"taxonomy":"product_brand","embeddable":true,"href":"https:\/\/gpl-love.com\/es\/wp-json\/wp\/v2\/product_brand?post=116281"},{"taxonomy":"product_cat","embeddable":true,"href":"https:\/\/gpl-love.com\/es\/wp-json\/wp\/v2\/product_cat?post=116281"},{"taxonomy":"product_tag","embeddable":true,"href":"https:\/\/gpl-love.com\/es\/wp-json\/wp\/v2\/product_tag?post=116281"}],"curies":[{"name":"wp","href":"https:\/\/api.w.org\/{rel}","templated":true}]}}