{"id":116279,"date":"2021-08-21T00:00:00","date_gmt":"2021-08-21T05:00:00","guid":{"rendered":"http:\/\/gpl-love.com\/es\/?post_type=product&#038;p=116279"},"modified":"2026-03-09T08:32:48","modified_gmt":"2026-03-09T13:32:48","slug":"yet-another-stars-rating-pro-wordpress-rating-plugin","status":"publish","type":"product","link":"https:\/\/gpl-love.com\/es\/producto\/yet-another-stars-rating-pro-wordpress-rating-plugin\/","title":{"rendered":"Yet Another Stars Rating Pro WordPress Rating Plugin 2.8.6"},"content":{"rendered":"<h3>Yet Another Stars Rating Pro WordPress Rating Plugin Caracteristicas<\/h3>\n<p>Ofreciendo una variedad de funcionalidades s\u00f3lidas, otra calificaci\u00f3n de Stars Pro se presenta como un complemento de calificaci\u00f3n de WordPress formidable, dotando a los usuarios con la capacidad de incorporar calificaciones de estrellas personalizadas en sus publicaciones, p\u00e1ginas y comentarios. A trav\u00e9s de su interfaz f\u00e1cil de usar y opciones avanzadas, este complemento faculta a los propietarios de sitios para crear sistemas de calificaci\u00f3n distintivos y cautivadores que enriquecen la experiencia del usuario y fomenten la participaci\u00f3n del usuario. Con posibilidades de personalizaci\u00f3n extensas, que incluyen esquemas de color ilimitados, estilos e \u00edconos, esta herramienta facilita sin esfuerzo la creaci\u00f3n de un sistema de calificaci\u00f3n que se alinea sin problemas con la est\u00e9tica visual general de un sitio web. Adem\u00e1s, otorga a los usuarios atributos avanzados, como calificaci\u00f3n de criterios m\u00faltiples, comentarios de los usuarios e integraci\u00f3n con plataformas de redes sociales, lo que lo convierte en una soluci\u00f3n de calificaci\u00f3n altamente vers\u00e1til y flexible adecuada para cualquier sitio de WordPress. En resumen, la calificaci\u00f3n de otras estrellas m\u00e1s protagoniza indiscutiblemente como una opci\u00f3n excepcional para aquellos que buscan implementar un sistema de calificaci\u00f3n din\u00e1mico e interactivo en su sitio web.<\/p>\n<ul>\n<li>Complemento de calificaci\u00f3n f\u00e1cil de usar para sitios web de WordPress<\/li>\n<li>Ofrece clasificaciones de estrellas personalizables para publicaciones, p\u00e1ginas y tipos de publicaciones personalizadas<\/li>\n<li>Ayuda a aumentar la participaci\u00f3n del usuario y la prueba social en su sitio web<\/li>\n<li>Incluye opciones para mostrar clasificaciones en varios formatos y estilos.<\/li>\n<li>Cuenta con un sistema de paso cortos flexible y f\u00e1cil de usar para agregar calificaciones a su sitio web<\/li>\n<li>Proporciona configuraciones avanzadas para la personalizaci\u00f3n y control sobre el comportamiento de calificaci\u00f3n<\/li>\n<li>Ofrece potentes capacidades de seguimiento de datos e informes para ayudarlo a monitorear y analizar las calificaciones y comentarios de los usuarios<\/li>\n<li>Viene con un sistema integral de documentaci\u00f3n y apoyo para garantizar una experiencia de usuario perfecta<\/li>\n<li>Compatible con la mayor\u00eda de los temas y complementos de WordPress<\/li>\n<li>Actualizado regularmente con nuevas caracter\u00edsticas y mejoras para mantenerse a la vanguardia de las tendencias y tecnolog\u00edas emergentes.<\/li>\n<\/ul>\n","protected":false},"excerpt":{"rendered":"<p>El complemento de calificaci\u00f3n de WordPress de Rating Pro Stars, aclamado como el ep\u00edtome de la excelencia, cuenta con una variedad de funciones que le permiten integrar un sistema de calificaci\u00f3n estrella vers\u00e1til y a medida en su sitio de WordPress. Su interfaz intuitiva y f\u00e1cil de usar le permite dise\u00f1ar y exhibir calificaciones de estrellas sin esfuerzo, facilitando as\u00ed a sus usuarios para evaluar su contenido, productos o servicios. Adem\u00e1s, posee la libertad de personalizar los tonos y dise\u00f1os de estas calificaciones para armonizar con la identidad visual \u00fanica de su marca. No pierda el tiempo y se embarque en este viaje transformador hoy, aumentando la interactividad y el compromiso de su sitio web aprovechando las capacidades innovadoras del complemento de calificaci\u00f3n de WordPress de Rating Pro WordPress.<\/p>\n","protected":false},"featured_media":168576,"comment_status":"open","ping_status":"open","template":"","meta":[],"product_brand":[2652],"product_cat":[1214,1206,1211],"product_tag":[2193],"class_list":{"0":"post-116279","1":"product","2":"type-product","3":"status-publish","4":"has-post-thumbnail","6":"product_brand-yasr","7":"product_cat-personalizacion","8":"product_cat-plugins","9":"product_cat-wordpress-plugins","10":"product_tag-yasr","11":"member-discount","12":"discount-restricted","14":"first","15":"instock","16":"sale","17":"downloadable","18":"virtual","19":"sold-individually","20":"purchasable","21":"product-type-simple"},"_links":{"self":[{"href":"https:\/\/gpl-love.com\/es\/wp-json\/wp\/v2\/product\/116279","targetHints":{"allow":["GET"]}}],"collection":[{"href":"https:\/\/gpl-love.com\/es\/wp-json\/wp\/v2\/product"}],"about":[{"href":"https:\/\/gpl-love.com\/es\/wp-json\/wp\/v2\/types\/product"}],"replies":[{"embeddable":true,"href":"https:\/\/gpl-love.com\/es\/wp-json\/wp\/v2\/comments?post=116279"}],"wp:featuredmedia":[{"embeddable":true,"href":"https:\/\/gpl-love.com\/es\/wp-json\/wp\/v2\/media\/168576"}],"wp:attachment":[{"href":"https:\/\/gpl-love.com\/es\/wp-json\/wp\/v2\/media?parent=116279"}],"wp:term":[{"taxonomy":"product_brand","embeddable":true,"href":"https:\/\/gpl-love.com\/es\/wp-json\/wp\/v2\/product_brand?post=116279"},{"taxonomy":"product_cat","embeddable":true,"href":"https:\/\/gpl-love.com\/es\/wp-json\/wp\/v2\/product_cat?post=116279"},{"taxonomy":"product_tag","embeddable":true,"href":"https:\/\/gpl-love.com\/es\/wp-json\/wp\/v2\/product_tag?post=116279"}],"curies":[{"name":"wp","href":"https:\/\/api.w.org\/{rel}","templated":true}]}}