{"id":116277,"date":"2023-09-02T00:00:00","date_gmt":"2023-09-02T05:00:00","guid":{"rendered":"http:\/\/gpl-love.com\/es\/?post_type=product&#038;p=116277"},"modified":"2026-04-10T11:24:59","modified_gmt":"2026-04-10T16:24:59","slug":"slick-popup-pro-wordpress-popup-plugin","status":"publish","type":"product","link":"https:\/\/gpl-love.com\/es\/producto\/slick-popup-pro-wordpress-popup-plugin\/","title":{"rendered":"Slick Popup Pro WordPress Popup Plugin 2.3.8"},"content":{"rendered":"<h3>Slick Popup Pro WordPress Popup Plugin Caracteristicas<\/h3>\n<p>Slick Popup Pro, un complemento de ventana emergente de WordPress altamente robusto, ha sido meticulosamente dise\u00f1ado para ayudarlo en la creaci\u00f3n de ventanas emergentes visualmente cautivadoras en su sitio web. Armado con una interfaz notablemente f\u00e1cil de usar y una amplia gama de opciones de personalizaci\u00f3n, este complemento le capacita a las ventanas emergentes de moda que reflejan sin problemas el estilo y la mensajer\u00eda de su sitio web. Esta herramienta excepcional est\u00e1 equipada para manejar m\u00faltiples tipos emergentes, incluidos los gustos de Lightbox, Slide-In y Widget, otorg\u00e1ndole la libertad de exhibir su contenido de una manera que resuene con sus preferencias. Adem\u00e1s, armado con una variedad de opciones de orientaci\u00f3n sofisticadas, puede exhibir sin esfuerzo ventanas emergentes basadas en el comportamiento de los visitantes, ya sea la intenci\u00f3n de salir o el movimiento del rat\u00f3n, lo que aumenta significativamente las perspectivas de asegurar las conversiones. Adem\u00e1s, vale la pena se\u00f1alar que Slick Popup Pro se integra perfectamente con los principales servicios de marketing por correo electr\u00f3nico, facilitando as\u00ed la r\u00e1pida expansi\u00f3n de su lista de correo electr\u00f3nico. Para resumir, la adquisici\u00f3n de Slick Popup Pro es un esfuerzo imprescindible para cualquier propietario del sitio web que busque ser sincero para mejorar las tasas de compromiso y reforzar las tasas de conversi\u00f3n.<\/p>\n<ul>\n<li>Complemento emergente de WordPress f\u00e1cil de usar<\/li>\n<li>Permite una f\u00e1cil creaci\u00f3n y personalizaci\u00f3n de ventanas emergentes<\/li>\n<li>Variedad de tipos emergentes disponibles, incluidos el intento de salida, el tiempo cronometrado y el disparador de desplazamiento<\/li>\n<li>Capacidad para establecer la frecuencia de visualizaci\u00f3n emergente y las opciones de orientaci\u00f3n<\/li>\n<li>Admite la integraci\u00f3n con los servicios de marketing por correo electr\u00f3nico<\/li>\n<li>Dise\u00f1o de respuesta m\u00f3vil para una pantalla sin problemas en todos los dispositivos<\/li>\n<li>An\u00e1lisis avanzado y capacidades de prueba A\/B para optimizar el rendimiento emergente<\/li>\n<li>Documentaci\u00f3n integral y atenci\u00f3n al cliente receptiva<\/li>\n<li>Opciones de precios asequibles y flexibles<\/li>\n<li>Compatible con todos los temas y complementos de WordPress<\/li>\n<\/ul>\n","protected":false},"excerpt":{"rendered":"<p>Slick Popup Pro, un complemento emergente de WordPress incre\u00edblemente robusto y din\u00e1mico, le otorga la capacidad de fabricar ventanas emergentes visualmente impresionantes y cautivadoras que aprovechan sin esfuerzo la atenci\u00f3n indivisa de sus estimados usuarios. Equipado con una interfaz intuitivamente f\u00e1cil de usar y una variedad de plantillas personalizables a su disposici\u00f3n, este complemento le permite fomentar las conversiones y elevar la participaci\u00f3n general de su sitio web. Ya sea que necesite formularios de suscripci\u00f3n o temporizadores de cuenta regresiva, tenga la seguridad de que Slick Popup Pro abarca todos los elementos esenciales necesarios para establecer una presencia indeleble para su sitio web. No pierda el tiempo, comience su viaje hoy y sea testigo del impacto transformador que Slick PopUp Pro puede ejercer sobre sus esfuerzos de marketing.<\/p>\n","protected":false},"featured_media":167503,"comment_status":"open","ping_status":"open","template":"","meta":[],"product_brand":[2339],"product_cat":[1214,1206,1211],"product_tag":[1256],"class_list":{"0":"post-116277","1":"product","2":"type-product","3":"status-publish","4":"has-post-thumbnail","6":"product_brand-codecanyon","7":"product_cat-personalizacion","8":"product_cat-plugins","9":"product_cat-wordpress-plugins","10":"product_tag-codecanyon","11":"member-discount","12":"discount-restricted","14":"first","15":"instock","16":"sale","17":"downloadable","18":"virtual","19":"sold-individually","20":"purchasable","21":"product-type-simple"},"_links":{"self":[{"href":"https:\/\/gpl-love.com\/es\/wp-json\/wp\/v2\/product\/116277","targetHints":{"allow":["GET"]}}],"collection":[{"href":"https:\/\/gpl-love.com\/es\/wp-json\/wp\/v2\/product"}],"about":[{"href":"https:\/\/gpl-love.com\/es\/wp-json\/wp\/v2\/types\/product"}],"replies":[{"embeddable":true,"href":"https:\/\/gpl-love.com\/es\/wp-json\/wp\/v2\/comments?post=116277"}],"wp:featuredmedia":[{"embeddable":true,"href":"https:\/\/gpl-love.com\/es\/wp-json\/wp\/v2\/media\/167503"}],"wp:attachment":[{"href":"https:\/\/gpl-love.com\/es\/wp-json\/wp\/v2\/media?parent=116277"}],"wp:term":[{"taxonomy":"product_brand","embeddable":true,"href":"https:\/\/gpl-love.com\/es\/wp-json\/wp\/v2\/product_brand?post=116277"},{"taxonomy":"product_cat","embeddable":true,"href":"https:\/\/gpl-love.com\/es\/wp-json\/wp\/v2\/product_cat?post=116277"},{"taxonomy":"product_tag","embeddable":true,"href":"https:\/\/gpl-love.com\/es\/wp-json\/wp\/v2\/product_tag?post=116277"}],"curies":[{"name":"wp","href":"https:\/\/api.w.org\/{rel}","templated":true}]}}