{"id":116273,"date":"2021-09-07T00:00:00","date_gmt":"2021-09-07T05:00:00","guid":{"rendered":"http:\/\/gpl-love.com\/es\/?post_type=product&#038;p=116273"},"modified":"2026-04-10T11:22:15","modified_gmt":"2026-04-10T16:22:15","slug":"projectify-project-addon-para-elementor-page-builder","status":"publish","type":"product","link":"https:\/\/gpl-love.com\/es\/producto\/projectify-project-addon-para-elementor-page-builder\/","title":{"rendered":"Projectify Project Addon para Elementor Page Builder 2.4"},"content":{"rendered":"<h3>Projectify Project Addon para Elementor Page Builder Caracteristicas<\/h3>\n<p>El Proyecto Addon Projectify, que puede describirse como una herramienta extraordinaria, posee la capacidad de aumentar en gran medida las capacidades del constructor de p\u00e1ginas Elementor al incorporar a la perfecci\u00f3n widgets de proyectos dedicados. Con una amplia gama de opciones de personalizaci\u00f3n a su disposici\u00f3n, este complemento le permite dise\u00f1ar un sitio web de aspecto extremadamente profesional dise\u00f1ado espec\u00edficamente para sus proyectos. Al permitirle integrar los detalles del proyecto sin esfuerzo, cautivar im\u00e1genes, cautivar videos y otra informaci\u00f3n relevante, este complemento le permite exhibir su trabajo de una manera din\u00e1mica y est\u00e9ticamente agradable. Adem\u00e1s, el complemento ofrece una variedad de plantillas de proyecto que se pueden utilizar para dise\u00f1ar p\u00e1ginas de proyectos impresionantes sin la necesidad de ninguna experiencia de codificaci\u00f3n. En consecuencia, el Proyecto Addon de Projectify se erige como una elecci\u00f3n ejemplar para dise\u00f1adores, desarrolladores y empresas que desean construir un sitio web orientado al proyecto que muestre efectivamente su prodigioso trabajo.<\/p>\n<ul>\n<li>Agregue f\u00e1cilmente la funcionalidad de gesti\u00f3n de proyectos a su sitio web construido en elemento<\/li>\n<li>Crear y mostrar carteras de proyectos con dise\u00f1os personalizables y opciones de filtrado<\/li>\n<li>Utilice herramientas de gesti\u00f3n de proyectos incorporadas como listas de tareas, asignaciones de miembros del equipo y seguimiento de progresos<\/li>\n<li>Integrarse con plataformas de gesti\u00f3n de proyectos populares como Trello y Asana<\/li>\n<li>Personalice las plantillas de proyecto para ahorrar tiempo y replicar f\u00e1cilmente los dise\u00f1os de proyectos comunes<\/li>\n<li>Optimice su flujo de trabajo con caracter\u00edsticas avanzadas como vistas de gr\u00e1ficos Gantt y estados de proyecto personalizados<\/li>\n<li>Mantenga f\u00e1cilmente a los clientes informados y actualizados con las opciones de visibilidad del cliente<\/li>\n<li>Integrar a la perfecci\u00f3n con sus plantillas y dise\u00f1os de elementos existentes<\/li>\n<li>Interfaz de usuario simple e intuitiva para una f\u00e1cil navegaci\u00f3n y uso.<\/li>\n<\/ul>\n","protected":false},"excerpt":{"rendered":"<p>El Proyecto Project Addon, que se integra perfectamente con el Elementor Page Builder, cuenta con una impresionante variedad de caracter\u00edsticas que permiten a los usuarios generar y supervisar los proyectos sin esfuerzo. Al aprovechar esta herramienta complementaria, las personas pueden incorporar r\u00e1pidamente plantillas de proyectos personalizadas, generar tareas e hitos de proyectos, monitorear el progreso y designar responsabilidades para los miembros del equipo. Como resultado, este invaluable recurso sirve para optimizar los procedimientos de gesti\u00f3n de proyectos, garantizar el cumplimiento de los plazos y la finalizaci\u00f3n oportuna de los entregables. Independientemente de si uno es un profesional independiente, representante de la agencia o propietario de negocios, la incorporaci\u00f3n del complemento ProjectS Project es esencial para elevar la perspicacia de gesti\u00f3n de proyectos a alturas sin precedentes.<\/p>\n","protected":false},"featured_media":167270,"comment_status":"open","ping_status":"open","template":"","meta":[],"product_brand":[2339],"product_cat":[1214,1206,1211],"product_tag":[1256],"class_list":{"0":"post-116273","1":"product","2":"type-product","3":"status-publish","4":"has-post-thumbnail","6":"product_brand-codecanyon","7":"product_cat-personalizacion","8":"product_cat-plugins","9":"product_cat-wordpress-plugins","10":"product_tag-codecanyon","11":"member-discount","12":"discount-restricted","14":"first","15":"instock","16":"sale","17":"downloadable","18":"virtual","19":"sold-individually","20":"purchasable","21":"product-type-simple"},"_links":{"self":[{"href":"https:\/\/gpl-love.com\/es\/wp-json\/wp\/v2\/product\/116273","targetHints":{"allow":["GET"]}}],"collection":[{"href":"https:\/\/gpl-love.com\/es\/wp-json\/wp\/v2\/product"}],"about":[{"href":"https:\/\/gpl-love.com\/es\/wp-json\/wp\/v2\/types\/product"}],"replies":[{"embeddable":true,"href":"https:\/\/gpl-love.com\/es\/wp-json\/wp\/v2\/comments?post=116273"}],"wp:featuredmedia":[{"embeddable":true,"href":"https:\/\/gpl-love.com\/es\/wp-json\/wp\/v2\/media\/167270"}],"wp:attachment":[{"href":"https:\/\/gpl-love.com\/es\/wp-json\/wp\/v2\/media?parent=116273"}],"wp:term":[{"taxonomy":"product_brand","embeddable":true,"href":"https:\/\/gpl-love.com\/es\/wp-json\/wp\/v2\/product_brand?post=116273"},{"taxonomy":"product_cat","embeddable":true,"href":"https:\/\/gpl-love.com\/es\/wp-json\/wp\/v2\/product_cat?post=116273"},{"taxonomy":"product_tag","embeddable":true,"href":"https:\/\/gpl-love.com\/es\/wp-json\/wp\/v2\/product_tag?post=116273"}],"curies":[{"name":"wp","href":"https:\/\/api.w.org\/{rel}","templated":true}]}}