{"id":116249,"date":"2021-08-19T00:00:00","date_gmt":"2021-08-19T05:00:00","guid":{"rendered":"http:\/\/gpl-love.com\/es\/?post_type=product&#038;p=116249"},"modified":"2026-04-10T11:27:09","modified_gmt":"2026-04-10T16:27:09","slug":"tablenator-advanced-tables-para-wordpress-y-wp-bakery-page-builder","status":"publish","type":"product","link":"https:\/\/gpl-love.com\/es\/producto\/tablenator-advanced-tables-para-wordpress-y-wp-bakery-page-builder\/","title":{"rendered":"Tablenator Advanced Tables para WordPress y WP Bakery Page Builder 2.1.92"},"content":{"rendered":"<h3>Tablenator Advanced Tables para WordPress y WP Bakery Page Builder Caracteristicas<\/h3>\n<p>Las tablas avanzadas de Tablenator para WordPress y WP Bakery Page Builder son una herramienta extremadamente robusta y altamente efectiva que optimiza y simplifica el proceso de creaci\u00f3n de tabla para sitios web de WordPress. Cuenta con una interfaz incre\u00edblemente f\u00e1cil de usar que permite a los usuarios generar tablas sin esfuerzo que son din\u00e1micas e interactivas. La integraci\u00f3n perfecta con el famoso WP Bakery Page Builder eleva a\u00fan m\u00e1s sus capacidades, presentando una amplia gama de opciones de personalizaci\u00f3n que los usuarios pueden aprovechar f\u00e1cilmente. Este complemento ha sido dise\u00f1ado meticulosamente para satisfacer las diversas necesidades de individuos que van desde principiantes hasta expertos, ya que ofrece una selecci\u00f3n integral de caracter\u00edsticas y funcionalidades. En virtud de estos atributos notables, los usuarios est\u00e1n facultados para tablas de moda que son verdaderamente receptivas, visualmente cautivadoras y meticulosamente optimizadas para los motores de b\u00fasqueda. El veredicto general es muy claro: las tablas avanzadas de Tablenator para WordPress y WP Bakery Page Builder representa una herramienta indispensable e invaluable para cualquier persona que aspira a crear tablas que exuden profesionalismo y sofisticaci\u00f3n para su estimado sitio web.<\/p>\n<ul>\n<li>Cree impresionantes tablas en WordPress con facilidad.<\/li>\n<li>Compatible con WP Bakery Page Builder para dise\u00f1o simplificado.<\/li>\n<li>Opciones de dise\u00f1o personalizables para que coincidan con la est\u00e9tica de su sitio web.<\/li>\n<li>El dise\u00f1o receptivo garantiza que las tablas se vean bien en cualquier dispositivo.<\/li>\n<li>Opciones de clasificaci\u00f3n y filtrado incorporadas para una f\u00e1cil gesti\u00f3n de datos.<\/li>\n<li>Admite m\u00faltiples fuentes de datos, incluidas las hojas de CSV y Google.<\/li>\n<li>Incr\u00fachate f\u00e1cilmente las tablas en publicaciones y p\u00e1ginas con el generador de c\u00f3digos cortos.<\/li>\n<li>Caracter\u00edsticas avanzadas como el formato condicional y los c\u00e1lculos de f\u00f3rmula.<\/li>\n<li>Actualizaciones regulares y excelente atenci\u00f3n al cliente.<\/li>\n<\/ul>\n","protected":false},"excerpt":{"rendered":"<p>Las tablas avanzadas de Tablenator, que es un complemento muy robusto dise\u00f1ado espec\u00edficamente para WordPress y WP Bakery Page Builder, cuenta con una variedad de funcionalidades excepcionales que simplifican enormemente la tarea de la creaci\u00f3n de la tabla. Complementado por sus caracter\u00edsticas de vanguardia, el complemento hace que el laborioso proceso de dise\u00f1o de mesa sea notablemente sin esfuerzo. Adem\u00e1s, ofrece una amplia selecci\u00f3n de dise\u00f1os de mesa preexistentes, cada uno de los cuales es totalmente personalizable para alinearse sin problemas con la est\u00e9tica visual de su sitio web. Adem\u00e1s, el complemento permite la incorporaci\u00f3n r\u00e1pida de tablas intrincadas, incluidas, entre otros, listas de precios, comparaciones de productos e informes de datos, a trav\u00e9s de un solo pu\u00f1ado de clics. Adem\u00e1s, vale la pena se\u00f1alar que las tablas avanzadas de Tablenator exhiben una capacidad de respuesta completa, asegurando as\u00ed la exhibici\u00f3n perfecta de sus tablas en todos los dispositivos. Al aprovechar las capacidades extraordinarias de las tablas avanzadas de Tablenator, ahora puede curar sin esfuerzo tablas visualmente llamativas que muestran impecablemente su contenido como nunca antes.<\/p>\n","protected":false},"featured_media":167684,"comment_status":"open","ping_status":"open","template":"","meta":[],"product_brand":[2339],"product_cat":[1214,1206,1211],"product_tag":[1256],"class_list":{"0":"post-116249","1":"product","2":"type-product","3":"status-publish","4":"has-post-thumbnail","6":"product_brand-codecanyon","7":"product_cat-personalizacion","8":"product_cat-plugins","9":"product_cat-wordpress-plugins","10":"product_tag-codecanyon","11":"member-discount","12":"discount-restricted","14":"first","15":"instock","16":"sale","17":"downloadable","18":"virtual","19":"sold-individually","20":"purchasable","21":"product-type-simple"},"_links":{"self":[{"href":"https:\/\/gpl-love.com\/es\/wp-json\/wp\/v2\/product\/116249","targetHints":{"allow":["GET"]}}],"collection":[{"href":"https:\/\/gpl-love.com\/es\/wp-json\/wp\/v2\/product"}],"about":[{"href":"https:\/\/gpl-love.com\/es\/wp-json\/wp\/v2\/types\/product"}],"replies":[{"embeddable":true,"href":"https:\/\/gpl-love.com\/es\/wp-json\/wp\/v2\/comments?post=116249"}],"wp:featuredmedia":[{"embeddable":true,"href":"https:\/\/gpl-love.com\/es\/wp-json\/wp\/v2\/media\/167684"}],"wp:attachment":[{"href":"https:\/\/gpl-love.com\/es\/wp-json\/wp\/v2\/media?parent=116249"}],"wp:term":[{"taxonomy":"product_brand","embeddable":true,"href":"https:\/\/gpl-love.com\/es\/wp-json\/wp\/v2\/product_brand?post=116249"},{"taxonomy":"product_cat","embeddable":true,"href":"https:\/\/gpl-love.com\/es\/wp-json\/wp\/v2\/product_cat?post=116249"},{"taxonomy":"product_tag","embeddable":true,"href":"https:\/\/gpl-love.com\/es\/wp-json\/wp\/v2\/product_tag?post=116249"}],"curies":[{"name":"wp","href":"https:\/\/api.w.org\/{rel}","templated":true}]}}