{"id":116247,"date":"2024-02-18T00:00:00","date_gmt":"2024-02-18T05:00:00","guid":{"rendered":"http:\/\/gpl-love.com\/es\/?post_type=product&#038;p=116247"},"modified":"2026-03-09T08:36:18","modified_gmt":"2026-03-09T13:36:18","slug":"zuper-shoutcast-y-icecast-radio-player-with-history","status":"publish","type":"product","link":"https:\/\/gpl-love.com\/es\/producto\/zuper-shoutcast-y-icecast-radio-player-with-history\/","title":{"rendered":"Zuper Shoutcast y Icecast Radio Player With History 3.6"},"content":{"rendered":"<h3>Zuper Shoutcast y Icecast Radio Player With History Caracteristicas<\/h3>\n<p>El reproductor de radio de Zuper Shoutcast y ICECast con historia es un reproductor de audio exquisitamente dise\u00f1ado que ha sido ingeniosamente dise\u00f1ado para facilitar la transmisi\u00f3n de radio en l\u00ednea perfecta. Este reproductor excepcional brinda a los usuarios la oportunidad de conectarse sin esfuerzo con sus estaciones de radio preferidas y deleitarse con las armon\u00edas melodiosas de la m\u00fasica de primer nivel sin interrupciones molestas. Adem\u00e1s, el jugador cuenta con una interfaz notablemente f\u00e1cil de usar que garantiza la navegaci\u00f3n y el control sin esfuerzo, fusionando perfectamente la funcionalidad con conveniencia. Adem\u00e1s, una caracter\u00edstica de historia notable se ha integrado cuidadosamente en este reproductor, lo que permite a los usuarios acceder sin esfuerzo a canciones y estaciones anteriores, fomentando as\u00ed una sensaci\u00f3n de continuidad y conexi\u00f3n. Con las asombrosas capacidades de este jugador a su disposici\u00f3n, puede disfrutar de interminables horas de felicidad musical ininterrumpida, asegurando que nunca se pierda una sola nota. Independientemente de si usted es un conocedor de la m\u00fasica o simplemente un ferviente admirador de transmisiones de radio, el Shoutcast de Zuper y el reproductor de radio Icecast surgen inequ\u00edvocamente como una herramienta indispensable que promete revolucionar su experiencia de transmisi\u00f3n de audio, dando un sentido sin paralelo de grandeza y sofisticaci\u00f3n .<\/p>\n<ul>\n<li>Zuper Shoutcast y Icecast Radio Player te permiten escuchar miles de estaciones de radio en todo el mundo.<\/li>\n<li>Admite protocolos de transmisi\u00f3n Shoutcast y Icecast.<\/li>\n<li>F\u00e1cil de instalar y usar, con una interfaz f\u00e1cil de usar.<\/li>\n<li>Muestra informaci\u00f3n de la canci\u00f3n, portada del \u00e1lbum y biograf\u00eda de artistas.<\/li>\n<li>Ofrece una funci\u00f3n de historial que le permite ver pistas reproducidas y navegar f\u00e1cilmente entre ellas.<\/li>\n<li>Puede buscar estaciones por g\u00e9nero, idioma y ubicaci\u00f3n.<\/li>\n<li>Guarda sus estaciones favoritas para un acceso r\u00e1pido.<\/li>\n<li>Funciona en la mayor\u00eda de los navegadores web, incluidos Chrome, Firefox y Safari.<\/li>\n<li>Ofrece un dise\u00f1o amigable para dispositivos m\u00f3viles para escuchar.<\/li>\n<li>Ofrece una excelente calidad de sonido para una experiencia auditiva inmersiva.<\/li>\n<\/ul>\n","protected":false},"excerpt":{"rendered":"<p>El reproductor de radio de Zuper Shoutcast y Icecast, una soluci\u00f3n notable para transmitir estaciones de radio queridas, posee la capacidad de acomodar las transmisiones de Shoutcast y Icecast. Adem\u00e1s, presenta una funci\u00f3n de historia invaluable, que permite una recuperaci\u00f3n sin esfuerzo de las pistas recientemente disfrutadas. Con su interfaz f\u00e1cil de usar y sus opciones de dise\u00f1o vers\u00e1tiles, este reproductor sin duda se convierte en una posesi\u00f3n esencial para cada apasionado aficionado a la radio.<\/p>\n","protected":false},"featured_media":168733,"comment_status":"open","ping_status":"open","template":"","meta":[],"product_brand":[2339],"product_cat":[1214,1206,1211],"product_tag":[1256],"class_list":{"0":"post-116247","1":"product","2":"type-product","3":"status-publish","4":"has-post-thumbnail","6":"product_brand-codecanyon","7":"product_cat-personalizacion","8":"product_cat-plugins","9":"product_cat-wordpress-plugins","10":"product_tag-codecanyon","11":"member-discount","12":"discount-restricted","14":"first","15":"instock","16":"sale","17":"downloadable","18":"virtual","19":"sold-individually","20":"purchasable","21":"product-type-simple"},"_links":{"self":[{"href":"https:\/\/gpl-love.com\/es\/wp-json\/wp\/v2\/product\/116247","targetHints":{"allow":["GET"]}}],"collection":[{"href":"https:\/\/gpl-love.com\/es\/wp-json\/wp\/v2\/product"}],"about":[{"href":"https:\/\/gpl-love.com\/es\/wp-json\/wp\/v2\/types\/product"}],"replies":[{"embeddable":true,"href":"https:\/\/gpl-love.com\/es\/wp-json\/wp\/v2\/comments?post=116247"}],"wp:featuredmedia":[{"embeddable":true,"href":"https:\/\/gpl-love.com\/es\/wp-json\/wp\/v2\/media\/168733"}],"wp:attachment":[{"href":"https:\/\/gpl-love.com\/es\/wp-json\/wp\/v2\/media?parent=116247"}],"wp:term":[{"taxonomy":"product_brand","embeddable":true,"href":"https:\/\/gpl-love.com\/es\/wp-json\/wp\/v2\/product_brand?post=116247"},{"taxonomy":"product_cat","embeddable":true,"href":"https:\/\/gpl-love.com\/es\/wp-json\/wp\/v2\/product_cat?post=116247"},{"taxonomy":"product_tag","embeddable":true,"href":"https:\/\/gpl-love.com\/es\/wp-json\/wp\/v2\/product_tag?post=116247"}],"curies":[{"name":"wp","href":"https:\/\/api.w.org\/{rel}","templated":true}]}}