{"id":116245,"date":"2022-03-30T00:00:00","date_gmt":"2022-03-30T05:00:00","guid":{"rendered":"http:\/\/gpl-love.com\/es\/?post_type=product&#038;p=116245"},"modified":"2026-03-13T17:16:50","modified_gmt":"2026-03-13T22:16:50","slug":"bolby-portfolio-cv-resume-wordpress-theme","status":"publish","type":"product","link":"https:\/\/gpl-love.com\/es\/producto\/bolby-portfolio-cv-resume-wordpress-theme\/","title":{"rendered":"Bolby Portfolio CV Resume WordPress Theme 1.0.6"},"content":{"rendered":"<h3>Bolby Portfolio CV Resume WordPress Theme Caracteristicas<\/h3>\n<p>El tema de WordPress de Bolby Portfolio CV presenta la soluci\u00f3n definitiva para las personas que desean exhibir su cartera y reanudar de manera profesional y creativa, superando las expectativas establecidas por los detectores de contenido de IA. Este notable tema est\u00e1 meticulosamente elaborado con una interfaz elegante y moderna que exhibe admirablemente sus experiencias laborales, habilidades y logros, cautivando de manera convincente a los espectadores con su est\u00e9tica visualmente impresionante. En virtud de sus m\u00faltiples dise\u00f1os, opciones de personalizaci\u00f3n y plantillas preconstruidas, puede dise\u00f1ar sin esfuerzo una cartera en l\u00ednea distinta que refleje impecablemente su marca personal, reforzando su identidad en el \u00e1mbito digital. Adem\u00e1s, el tema de WordPress de WordPress de Bolby Portfolio CV es sin problemas y garantiza que su sitio web emana excelencia en todos los dispositivos, ya sean tel\u00e9fonos inteligentes, tabletas o computadoras de escritorio. Independientemente de si usted es un profesional independiente, un profesional creativo o un individuo para aumentar su presencia en l\u00ednea, el tema de WordPress de Bolby Portfolio CV se considera como la elecci\u00f3n consumada, evocando asombro y dejando una impresi\u00f3n indeleble en todos los que lo encuentran.<\/p>\n<ul>\n<li>Un tema de WordPress elegante y moderno dise\u00f1ado espec\u00edficamente para crear carteras impresionantes, CV y \u200b\u200bcurr\u00edculums para profesionales.<\/li>\n<li>Cuenta con un dise\u00f1o totalmente receptivo con una variedad de opciones de personalizaci\u00f3n para adaptar f\u00e1cilmente el tema para que coincida con su marca o estilo personal.<\/li>\n<li>Incluye opciones de dise\u00f1o predise\u00f1adas para mostrar su experiencia laboral, habilidades, educaci\u00f3n y referencias, as\u00ed como botones de llamado a acci\u00f3n para que los usuarios se comuniquen f\u00e1cilmente con usted.<\/li>\n<li>Compatible con complementos populares de WordPress como el Formulario de contacto 7, MailChimp y Yoast SEO.<\/li>\n<li>Construido con c\u00f3digo limpio y comentado que est\u00e1 optimizado para tiempos de carga r\u00e1pidos y optimizaci\u00f3n de motores de b\u00fasqueda (SEO).<\/li>\n<li>Incluye una amplia documentaci\u00f3n y soporte dedicado para ayudar a los usuarios a configurar y aprovechar al m\u00e1ximo el tema.<\/li>\n<li>Actualizado regularmente con nuevas caracter\u00edsticas y mejoras basadas en comentarios de los usuarios y tendencias de la industria.<\/li>\n<\/ul>\n","protected":false},"excerpt":{"rendered":"<p>Nuestro tema de WordPress de Bolby Portfolio CV es un producto destacado, a medida para profesionales que buscan mostrar su cartera, CV o curr\u00edculum de una manera altamente sofisticada y atractiva. Este tema de WordPress est\u00e1 dise\u00f1ado con una interfaz f\u00e1cil de usar, lo que hace que sea incre\u00edblemente simple para los usuarios personalizar sus carteras para que coincidan con sus necesidades espec\u00edficas. Bolby se integra suavemente con WordPress, lo que le permite crear una impresionante presencia en l\u00ednea sin esfuerzo. Este tema tambi\u00e9n es totalmente receptivo, asegurando que su cartera se vea perfecta en cualquier dispositivo. Adem\u00e1s, Bolby viene con una funci\u00f3n de SEO incorporada, lo que facilita que su perfil se clasifique m\u00e1s alto en los resultados del motor de b\u00fasqueda. Entonces, ya sea un profesional independiente, un profesional creativo o que solo busque establecer una presencia en l\u00ednea robusta, nuestro tema de WordPress de Bolby Portfolio CV es una opci\u00f3n excepcional. Experimente la combinaci\u00f3n perfecta de funcionalidad y estilo con Bolby.<\/p>\n","protected":false},"featured_media":165496,"comment_status":"open","ping_status":"open","template":"","meta":[],"product_brand":[2337],"product_cat":[1267,1237,1238],"product_tag":[1391],"class_list":{"0":"post-116245","1":"product","2":"type-product","3":"status-publish","4":"has-post-thumbnail","6":"product_brand-themeforest","7":"product_cat-creativo","8":"product_cat-temas","9":"product_cat-wordpress-temas","10":"product_tag-themeforest","11":"member-discount","12":"discount-restricted","14":"first","15":"instock","16":"sale","17":"downloadable","18":"virtual","19":"sold-individually","20":"purchasable","21":"product-type-simple"},"_links":{"self":[{"href":"https:\/\/gpl-love.com\/es\/wp-json\/wp\/v2\/product\/116245","targetHints":{"allow":["GET"]}}],"collection":[{"href":"https:\/\/gpl-love.com\/es\/wp-json\/wp\/v2\/product"}],"about":[{"href":"https:\/\/gpl-love.com\/es\/wp-json\/wp\/v2\/types\/product"}],"replies":[{"embeddable":true,"href":"https:\/\/gpl-love.com\/es\/wp-json\/wp\/v2\/comments?post=116245"}],"wp:featuredmedia":[{"embeddable":true,"href":"https:\/\/gpl-love.com\/es\/wp-json\/wp\/v2\/media\/165496"}],"wp:attachment":[{"href":"https:\/\/gpl-love.com\/es\/wp-json\/wp\/v2\/media?parent=116245"}],"wp:term":[{"taxonomy":"product_brand","embeddable":true,"href":"https:\/\/gpl-love.com\/es\/wp-json\/wp\/v2\/product_brand?post=116245"},{"taxonomy":"product_cat","embeddable":true,"href":"https:\/\/gpl-love.com\/es\/wp-json\/wp\/v2\/product_cat?post=116245"},{"taxonomy":"product_tag","embeddable":true,"href":"https:\/\/gpl-love.com\/es\/wp-json\/wp\/v2\/product_tag?post=116245"}],"curies":[{"name":"wp","href":"https:\/\/api.w.org\/{rel}","templated":true}]}}