{"id":116241,"date":"2022-03-30T00:00:00","date_gmt":"2022-03-30T05:00:00","guid":{"rendered":"http:\/\/gpl-love.com\/es\/?post_type=product&#038;p=116241"},"modified":"2026-04-10T11:18:37","modified_gmt":"2026-04-10T16:18:37","slug":"naturalife-health-y-organic-wordpress-theme","status":"publish","type":"product","link":"https:\/\/gpl-love.com\/es\/producto\/naturalife-health-y-organic-wordpress-theme\/","title":{"rendered":"NaturaLife Health y Organic WordPress Theme 1.9.9"},"content":{"rendered":"<h3>NaturaLife Health y Organic WordPress Theme Caracteristicas<\/h3>\n<p>Naturalife Health and Organic WordPress Theme es un tema exquisitamente dise\u00f1ado, de primera categor\u00eda y notablemente adaptable que ha sido meticulosamente dise\u00f1ado para satisfacer las necesidades \u00fanicas de los establecimientos de salud y bienestar. Con su dise\u00f1o impecablemente elegante y contempor\u00e1neo, est\u00e1 hecho a medida para complementar y mejorar sin esfuerzo la presencia en l\u00ednea de vendedores de alimentos org\u00e1nicos, centros de fitness, estudios de yoga y todas las dem\u00e1s empresas que ponen un \u00e9nfasis primordial en fomentar el bienestar.<\/p>\n<p>Este tema cuenta con una gran cantidad de caracter\u00edsticas notables que est\u00e1n garantizadas para elevar su sitio web a nuevas alturas de excelencia. Las secciones de p\u00e1gina de inicio personalizables le brindan la oportunidad sin precedentes de personalizar y adaptar su sitio web para alinearse sin problemas con la identidad \u00fanica de su marca. Adem\u00e1s, la variedad ilimitada de esquemas de color a su disposici\u00f3n garantiza que su sitio web exude el aura perfecta que refleja con precisi\u00f3n la esencia de su negocio.<\/p>\n<p>Adem\u00e1s, la inclusi\u00f3n de p\u00e1ginas preconstruidas permite un proceso de creaci\u00f3n de sitios web sin problemas y expeditos, lo que le permite establecer una plataforma en l\u00ednea cautivadora y completamente funcional en una fracci\u00f3n de la \u00e9poca. Adem\u00e1s, la excepcional capacidad de respuesta del tema garantiza que su sitio web exude un nivel incomparable de esplendor visual y atractivo est\u00e9tico, independientemente del dispositivo que se utilice para acceder a \u00e9l.<\/p>\n<p>Uno de los aspectos m\u00e1s notables de la salud de Naturalife y el tema org\u00e1nico de WordPress es su facilidad de uso incomparable. Incluso las personas desprovistas de cualquier conocimiento de codificaci\u00f3n previo podr\u00e1n navegar y aprovechar el asombroso potencial del tema, gracias a la revolucionaria funcionalidad de Builder de la p\u00e1gina de arrastrar y soltar. Esta caracter\u00edstica que cambia el juego asegura que pueda construir y moldear su sitio web sin esfuerzo con sus especificaciones exactas, sin encontrar el m\u00e1s m\u00ednimo obst\u00e1culo u obst\u00e1culo en el camino.<\/p>\n<p>En resumen, la salud de la vida natural y el tema org\u00e1nico de WordPress, sin duda, surgen como una opci\u00f3n excepcional para las empresas que buscan establecer una presencia en l\u00ednea profesional e impactante. Su versatilidad incomparable, su dise\u00f1o notable y una extensa gama de caracter\u00edsticas lo convierten en un activo indispensable en la b\u00fasqueda del \u00e9xito y la excelencia en el \u00e1mbito de la salud y el bienestar.<\/p>\n<ul>\n<li>Un tema de WordPress visualmente impresionante y de aspecto profesional dise\u00f1ado espec\u00edficamente para sitios web de salud y bienestar.<\/li>\n<li>Construido con elementos org\u00e1nicos y naturales para crear una est\u00e9tica refrescante y ecol\u00f3gica.<\/li>\n<li>Incluye una variedad de p\u00e1ginas predise\u00f1adas, que incluyen p\u00e1gina de inicio, sobre nosotros, servicios, equipo, testimonios, blogs y p\u00e1ginas de contacto.<\/li>\n<li>La capacidad de respuesta completa asegura que el tema se vea genial en todos los dispositivos, desde escritorios hasta tel\u00e9fonos m\u00f3viles y tabletas.<\/li>\n<li>Totalmente personalizable, con caracter\u00edsticas f\u00e1ciles de usar que le permiten ajustar los colores, las fuentes, los dise\u00f1os y m\u00e1s para crear un sitio web \u00fanico y personalizado.<\/li>\n<li>Incluye una gama de caracter\u00edsticas de SEO incorporadas para ayudar a mejorar las clasificaciones de visibilidad y motores de b\u00fasqueda de su sitio web.<\/li>\n<li>Compatible con una gama de complementos populares de WordPress, que incluyen WooCommerce, Formulario de contacto 7 y m\u00e1s.<\/li>\n<li>Viene con documentaci\u00f3n detallada y apoyo experto para garantizar que pueda aprovechar al m\u00e1ximo su tema de WordPress.<\/li>\n<\/ul>\n","protected":false},"excerpt":{"rendered":"<p>El tema de WordPress org\u00e1nico y salud de Naturalife es un tema premium que ha sido meticulosamente elaborado para satisfacer los sitios web de salud y bienestar, espec\u00edficamente aquellos que operan dentro de las industrias naturales y org\u00e1nicas. Este tema excepcional presenta una apariencia visualmente agradable, contempor\u00e1nea y altamente profesional, mientras ofrece una gran cantidad de caracter\u00edsticas personalizables que se alinean sin problemas con el estilo distintivo de su marca. Con la ayuda de su constructor de p\u00e1ginas f\u00e1cil de usar, las p\u00e1ginas generadoras sin esfuerzo que son est\u00e9ticamente agradables y altamente funcionales se convierte en una brisa absoluta, lo que le da la soluci\u00f3n definitiva para aquellos que buscan exhibir una variedad de productos y servicios naturales, brindan una valiosa orientaci\u00f3n sobre los asuntos Perteneciente a una vida saludable o promueve pr\u00e1cticas ecol\u00f3gicas. Adem\u00e1s, este notable tema cuenta con caracter\u00edsticas imperativas, como la reserva de citas y la suscripci\u00f3n por correo electr\u00f3nico, facilitando as\u00ed una comunicaci\u00f3n perfecta con sus estimados visitantes y seguidores leales. Sin lugar a dudas, el tema de WordPress org\u00e1nico y salud de Naturalife sirve como una herramienta indispensable para las personas que operan dentro de la industria de la salud y el bienestar, lo que les permite elevar el estado de su sitio web a alturas sin precedentes.<\/p>\n","protected":false},"featured_media":166952,"comment_status":"open","ping_status":"open","template":"","meta":[],"product_brand":[2337],"product_cat":[1267,1237,1238],"product_tag":[1391],"class_list":{"0":"post-116241","1":"product","2":"type-product","3":"status-publish","4":"has-post-thumbnail","6":"product_brand-themeforest","7":"product_cat-creativo","8":"product_cat-temas","9":"product_cat-wordpress-temas","10":"product_tag-themeforest","11":"member-discount","12":"discount-restricted","14":"first","15":"instock","16":"sale","17":"downloadable","18":"virtual","19":"sold-individually","20":"purchasable","21":"product-type-simple"},"_links":{"self":[{"href":"https:\/\/gpl-love.com\/es\/wp-json\/wp\/v2\/product\/116241","targetHints":{"allow":["GET"]}}],"collection":[{"href":"https:\/\/gpl-love.com\/es\/wp-json\/wp\/v2\/product"}],"about":[{"href":"https:\/\/gpl-love.com\/es\/wp-json\/wp\/v2\/types\/product"}],"replies":[{"embeddable":true,"href":"https:\/\/gpl-love.com\/es\/wp-json\/wp\/v2\/comments?post=116241"}],"wp:featuredmedia":[{"embeddable":true,"href":"https:\/\/gpl-love.com\/es\/wp-json\/wp\/v2\/media\/166952"}],"wp:attachment":[{"href":"https:\/\/gpl-love.com\/es\/wp-json\/wp\/v2\/media?parent=116241"}],"wp:term":[{"taxonomy":"product_brand","embeddable":true,"href":"https:\/\/gpl-love.com\/es\/wp-json\/wp\/v2\/product_brand?post=116241"},{"taxonomy":"product_cat","embeddable":true,"href":"https:\/\/gpl-love.com\/es\/wp-json\/wp\/v2\/product_cat?post=116241"},{"taxonomy":"product_tag","embeddable":true,"href":"https:\/\/gpl-love.com\/es\/wp-json\/wp\/v2\/product_tag?post=116241"}],"curies":[{"name":"wp","href":"https:\/\/api.w.org\/{rel}","templated":true}]}}