{"id":116239,"date":"2022-02-08T00:00:00","date_gmt":"2022-02-08T05:00:00","guid":{"rendered":"http:\/\/gpl-love.com\/es\/?post_type=product&#038;p=116239"},"modified":"2026-03-09T08:31:33","modified_gmt":"2026-03-09T13:31:33","slug":"wphave-admin-a-clean-y-modern-wordpress-admin-theme","status":"publish","type":"product","link":"https:\/\/gpl-love.com\/es\/producto\/wphave-admin-a-clean-y-modern-wordpress-admin-theme\/","title":{"rendered":"wphave Admin A clean y modern WordPress Admin Theme 2.7"},"content":{"rendered":"<h3>wphave Admin A clean y modern WordPress Admin Theme Caracteristicas<\/h3>\n<p>Introducci\u00f3n de Wphave Admin, una soluci\u00f3n de vanguardia e integral que presenta el remedio final para un tema de administrador de WordPress pulido y contempor\u00e1neo. Este tema extraordinario ha sido ingeniosamente elaborado para proporcionar un encuentro perfecto y f\u00e1cil de usar para aquellos a quienes se les conf\u00eda la tarea de administrar sitios web de WordPress. Con la integraci\u00f3n de su dise\u00f1o elegante e intuitivamente dise\u00f1ado, los usuarios est\u00e1n obligados a atravesar sin esfuerzo una variedad de tareas m\u00faltiples, lo que les permite organizar eficazmente sus empresas. Adem\u00e1s, este notable tema ofrece una gran variedad de opciones hechas a medida que pueden personalizarse juiciosamente para atender las preferencias y requisitos singulares de un individuo, que abarca los gustos de los esquemas de color, los estilos de fuente y las alternativas de dise\u00f1o. En particular, Wphave Admin tambi\u00e9n se ha dise\u00f1ado meticulosamente para estar altamente optimizado para la velocidad, asegurando as\u00ed que los usuarios puedan acceder de manera r\u00e1pida y eficiente y administrar sus respectivos sitios de WordPress. Por lo tanto, se despido de la presencia exacerbadora de interfaces de administraci\u00f3n anticuadas y pesadas, y opte por la notable actualizaci\u00f3n que representa Wphave Admin, adoptando as\u00ed una experiencia de WordPress m\u00e1s racionalizada y gratificante que garantiza superar todas las expectativas.<\/p>\n<ul>\n<li>Dise\u00f1o elegante y moderno que mejora la apariencia de su administrador de WordPress<\/li>\n<li>Esquemas de color personalizables para que coincidan con su marca o preferencia personal<\/li>\n<li>Interfaz f\u00e1cil de usar para proporcionar una mejor experiencia de usuario<\/li>\n<li>Navegaci\u00f3n f\u00e1cil para ahorrar tiempo y aumentar la productividad<\/li>\n<li>Dise\u00f1o de respuesta m\u00f3vil para un uso conveniente en cualquier dispositivo<\/li>\n<li>Compatible con los mejores complementos y temas de WordPress para una integraci\u00f3n perfecta<\/li>\n<li>Actualizaciones y soporte regulares para garantizar un rendimiento y seguridad \u00f3ptimos<\/li>\n<\/ul>\n","protected":false},"excerpt":{"rendered":"<p>Actualice su interfaz de administrador de WordPress al siguiente nivel implementando WPHAVE Admin, un tema moderno y dise\u00f1ado exquisitamente espec\u00edficamente para optimizar su flujo de trabajo y facilitar la gesti\u00f3n de sitios sin problemas. Con su navegaci\u00f3n intuitiva sin esfuerzo y su dise\u00f1o minimalista visualmente agradable, Wphave Admin presenta una alternativa estimulante y atractiva a la interfaz convencional de WordPress. Abrace el refinamiento incomparable y la concentraci\u00f3n elevada proporcionada por Wphave Admin, y experimente un enfoque elevado para la administraci\u00f3n de su sitio.<\/p>\n","protected":false},"featured_media":168521,"comment_status":"open","ping_status":"open","template":"","meta":[],"product_brand":[2339],"product_cat":[1214,1206,1211],"product_tag":[1256],"class_list":{"0":"post-116239","1":"product","2":"type-product","3":"status-publish","4":"has-post-thumbnail","6":"product_brand-codecanyon","7":"product_cat-personalizacion","8":"product_cat-plugins","9":"product_cat-wordpress-plugins","10":"product_tag-codecanyon","11":"member-discount","12":"discount-restricted","14":"first","15":"instock","16":"sale","17":"downloadable","18":"virtual","19":"sold-individually","20":"purchasable","21":"product-type-simple"},"_links":{"self":[{"href":"https:\/\/gpl-love.com\/es\/wp-json\/wp\/v2\/product\/116239","targetHints":{"allow":["GET"]}}],"collection":[{"href":"https:\/\/gpl-love.com\/es\/wp-json\/wp\/v2\/product"}],"about":[{"href":"https:\/\/gpl-love.com\/es\/wp-json\/wp\/v2\/types\/product"}],"replies":[{"embeddable":true,"href":"https:\/\/gpl-love.com\/es\/wp-json\/wp\/v2\/comments?post=116239"}],"wp:featuredmedia":[{"embeddable":true,"href":"https:\/\/gpl-love.com\/es\/wp-json\/wp\/v2\/media\/168521"}],"wp:attachment":[{"href":"https:\/\/gpl-love.com\/es\/wp-json\/wp\/v2\/media?parent=116239"}],"wp:term":[{"taxonomy":"product_brand","embeddable":true,"href":"https:\/\/gpl-love.com\/es\/wp-json\/wp\/v2\/product_brand?post=116239"},{"taxonomy":"product_cat","embeddable":true,"href":"https:\/\/gpl-love.com\/es\/wp-json\/wp\/v2\/product_cat?post=116239"},{"taxonomy":"product_tag","embeddable":true,"href":"https:\/\/gpl-love.com\/es\/wp-json\/wp\/v2\/product_tag?post=116239"}],"curies":[{"name":"wp","href":"https:\/\/api.w.org\/{rel}","templated":true}]}}