{"id":116237,"date":"2025-03-27T00:00:00","date_gmt":"2025-03-27T05:00:00","guid":{"rendered":"http:\/\/gpl-love.com\/es\/?post_type=product&#038;p=116237"},"modified":"2026-04-10T11:26:10","modified_gmt":"2026-04-10T16:26:10","slug":"studiopress-genesis-framework","status":"publish","type":"product","link":"https:\/\/gpl-love.com\/es\/producto\/studiopress-genesis-framework\/","title":{"rendered":"StudioPress Genesis Framework 3.6.0"},"content":{"rendered":"<h3>StudioPress Genesis Framework Caracteristicas<\/h3>\n<p>StudioPress Genesis Framework es una herramienta inmensamente poderosa e incre\u00edblemente \u00fatil que est\u00e1 espec\u00edficamente dise\u00f1ada para ayudar en la creaci\u00f3n de sitios web de WordPress altamente profesionales. Sus capacidades notables, como su dise\u00f1o receptivo y la capacidad de personalizar temas, permiten a los desarrolladores y dise\u00f1adores a crear sitios web visualmente impresionantes y funcionalmente robustos que seguramente dejar\u00e1n una impresi\u00f3n duradera. Adem\u00e1s, la arquitectura del marco est\u00e1 espec\u00edficamente optimizada para la optimizaci\u00f3n de motores de b\u00fasqueda, asegurando que su sitio web se clasifique m\u00e1s alto en las p\u00e1ginas de resultados del motor de b\u00fasqueda y reciba la atenci\u00f3n que merece. Adem\u00e1s, el Genesis Framework cuenta con caracter\u00edsticas de seguridad excepcionalmente fuertes, proporcionando a los propietarios de sitios web una gran sensaci\u00f3n de tranquilidad. Adem\u00e1s, este notable marco tambi\u00e9n presenta una amplia gama de widgets y complementos incorporados, lo que le otorga la capacidad de incorporar sin esfuerzo caracter\u00edsticas y mejorar la funcionalidad general de su sitio web. Ya sea que posee un amplio fondo en el desarrollo web o que reci\u00e9n est\u00e9 comenzando en el campo del dise\u00f1o, est\u00e1 muy claro que el marco de Genesis StudioPress es una herramienta indispensable que es absolutamente esencial para la creaci\u00f3n de sitios web de WordPress excepcionales y de alta calidad.<\/p>\n<ul>\n<li>Marco premium de WordPress dise\u00f1ado para crear sitios web de respuesta r\u00e1pida y receptiva<\/li>\n<li>Construido con c\u00f3digo seguro y modular que se adhiere a los est\u00e1ndares de la industria y las mejores pr\u00e1cticas<\/li>\n<li>Viene con una gama de temas y complementos personalizables para mejorar la funcionalidad y la est\u00e9tica<\/li>\n<li>F\u00e1cil de usar y configurar, con opciones y configuraciones intuitivas para crear dise\u00f1os y dise\u00f1os personalizados<\/li>\n<li>Optimizado para SEO y rendimiento, con c\u00f3digo liviano y marcado limpio que hace que su sitio sea f\u00e1cil de arrastrar e indexar<\/li>\n<li>Compatible con constructores de p\u00e1ginas populares, soluciones de comercio electr\u00f3nico y otras herramientas de terceros para extender a\u00fan m\u00e1s la funcionalidad<\/li>\n<li>Flexible y escalable, ofreciendo opciones de personalizaci\u00f3n ilimitadas y soporte para flujos de trabajo de desarrollo avanzado y casos de uso<\/li>\n<li>Respaldado por una comunidad dedicada y un equipo de apoyo \u00fatil para ayudarlo a solucionar problemas y desbloquear todo el potencial de su sitio web.<\/li>\n<\/ul>\n","protected":false},"excerpt":{"rendered":"<p>El marco de Genesis StudioPress, reconocido por su inmenso poder y su flexibilidad incomparable, sirve como una base formidable y adaptable para la creaci\u00f3n de sitios web de WordPress impresionantes. Con una extensa gama de temas personalizables y funcionalidades de vanguardia, este marco excepcional dotan a los desarrolladores y dise\u00f1adores con la capacidad de modificar sitios web de calibre profesional que exhiben capacidad de respuesta, facilidad de uso y optimizaci\u00f3n \u00f3ptima de motores de b\u00fasqueda. En particular, su arquitectura modular y su base de c\u00f3digo inmaculada facilitan la extensi\u00f3n y la personalizaci\u00f3n perfecta, mientras que sus s\u00f3lidas medidas de seguridad y sus atributos que mejoran el rendimiento garantizan la seguridad y la expedici\u00f3n de su sitio web. Con el marco de Genesis StudioPress a su disposici\u00f3n, la creaci\u00f3n de un sitio web confiable y escalable, ya sea un blog, tienda de comercio electr\u00f3nico o dominio corporativo, se convierte en un esfuerzo sin esfuerzo.<\/p>\n","protected":false},"featured_media":167606,"comment_status":"open","ping_status":"open","template":"","meta":[],"product_brand":[2358],"product_cat":[1214,1206,1211],"product_tag":[1383],"class_list":{"0":"post-116237","1":"product","2":"type-product","3":"status-publish","4":"has-post-thumbnail","6":"product_brand-studiopress","7":"product_cat-personalizacion","8":"product_cat-plugins","9":"product_cat-wordpress-plugins","10":"product_tag-studiopress","11":"member-discount","12":"discount-restricted","14":"first","15":"instock","16":"sale","17":"downloadable","18":"virtual","19":"sold-individually","20":"purchasable","21":"product-type-simple"},"_links":{"self":[{"href":"https:\/\/gpl-love.com\/es\/wp-json\/wp\/v2\/product\/116237","targetHints":{"allow":["GET"]}}],"collection":[{"href":"https:\/\/gpl-love.com\/es\/wp-json\/wp\/v2\/product"}],"about":[{"href":"https:\/\/gpl-love.com\/es\/wp-json\/wp\/v2\/types\/product"}],"replies":[{"embeddable":true,"href":"https:\/\/gpl-love.com\/es\/wp-json\/wp\/v2\/comments?post=116237"}],"wp:featuredmedia":[{"embeddable":true,"href":"https:\/\/gpl-love.com\/es\/wp-json\/wp\/v2\/media\/167606"}],"wp:attachment":[{"href":"https:\/\/gpl-love.com\/es\/wp-json\/wp\/v2\/media?parent=116237"}],"wp:term":[{"taxonomy":"product_brand","embeddable":true,"href":"https:\/\/gpl-love.com\/es\/wp-json\/wp\/v2\/product_brand?post=116237"},{"taxonomy":"product_cat","embeddable":true,"href":"https:\/\/gpl-love.com\/es\/wp-json\/wp\/v2\/product_cat?post=116237"},{"taxonomy":"product_tag","embeddable":true,"href":"https:\/\/gpl-love.com\/es\/wp-json\/wp\/v2\/product_tag?post=116237"}],"curies":[{"name":"wp","href":"https:\/\/api.w.org\/{rel}","templated":true}]}}