{"id":116172,"date":"2026-02-14T00:00:00","date_gmt":"2026-02-14T05:00:00","guid":{"rendered":"http:\/\/gpl-love.com\/es\/?post_type=product&#038;p=116172"},"modified":"2026-04-10T11:22:04","modified_gmt":"2026-04-10T16:22:04","slug":"price-based-on-country-pro-para-woocommerce","status":"publish","type":"product","link":"https:\/\/gpl-love.com\/es\/producto\/price-based-on-country-pro-para-woocommerce\/","title":{"rendered":"Price Based on Country Pro para WooCommerce 4.1.0"},"content":{"rendered":"<h3>Price Based on Country Pro para WooCommerce Caracteristicas<\/h3>\n<p>El precio basado en Country Pro para WooCommerce es un complemento incre\u00edblemente conveniente y pr\u00e1ctico que proporciona a los propietarios de tiendas en l\u00ednea la capacidad de establecer puntos de precio variables para sus productos, dependiendo del pa\u00eds espec\u00edfico del cliente. Este complemento excepcional facilita la creaci\u00f3n sin esfuerzo de numerosas reglas de precios, que posteriormente se pueden aplicar a los pa\u00edses o regiones designados. En consecuencia, esta caracter\u00edstica notable permite que la adaptaci\u00f3n de los precios se alinee perfectamente con las demandas y preferencias del mercado local, que finalmente culmin\u00f3 en la provisi\u00f3n de opciones de precios altamente competitivas para clientes valorados. Lo que distingue a este complemento no es solo su instalaci\u00f3n y utilizaci\u00f3n f\u00e1cil de usar, sino tambi\u00e9n su compatibilidad perfecta con WooCommerce. Como resultado, el precio basado en Country Pro para WooCommerce es, sin duda, una herramienta indispensable para cualquier tienda en l\u00ednea que busque ampliar su base de clientes y maximizar los ingresos por ventas. Por lo tanto, si est\u00e1 en busca de una soluci\u00f3n altamente efectiva y eficiente para gestionar los precios a escala global, el precio basado en el pa\u00eds Pro para WooCommerce, sin duda, merece una consideraci\u00f3n y exploraci\u00f3n exhaustivas.<\/p>\n<ul>\n<li>Opciones de precios personalizadas para diferentes pa\u00edses<\/li>\n<li>F\u00e1cil configuraci\u00f3n y uso con WooCommerce<\/li>\n<li>Capacidad para establecer precios basados \u200b\u200ben monedas espec\u00edficas<\/li>\n<li>Niveles de precios definidos para cada pa\u00eds<\/li>\n<li>Conversi\u00f3n de moneda autom\u00e1tica basada en tipos de cambio<\/li>\n<li>Acceso a una amplia gama de monedas<\/li>\n<li>Mayor potencial de ventas al adaptar los precios a mercados espec\u00edficos<\/li>\n<li>Capacidad para configurar m\u00faltiples reglas de precios para cada producto<\/li>\n<li>Integraci\u00f3n perfecta con su tienda WooCommerce existente<\/li>\n<li>Interfaz f\u00e1cil de usar para administrar las reglas de precios<\/li>\n<li>Reglas de precios f\u00e1cilmente editables para ajustes y actualizaciones<\/li>\n<li>Control total sobre los precios de su tienda en l\u00ednea<\/li>\n<li>Mejora de la satisfacci\u00f3n del cliente con precios justos y precisos.<\/li>\n<\/ul>\n","protected":false},"excerpt":{"rendered":"<p>El precio basado en Country Pro para WooCommerce es un complemento muy robusto y eficiente que proporciona a los propietarios de tiendas la incre\u00edble capacidad de establecer estructuras de precios distintas para sus productos seg\u00fan el pa\u00eds del cliente. Al aprovechar la funcionalidad excepcional de este complemento, puede idear sin problemas m\u00faltiples regulaciones de precios adaptadas espec\u00edficamente para atender los diversos requisitos de varios pa\u00edses. En consecuencia, esto garantiza que sus productos se jacten de una ventaja competitiva incomparable en t\u00e9rminos de precios dentro de cada ubicaci\u00f3n geogr\u00e1fica \u00fanica. Adem\u00e1s, este complemento cuenta con una interfaz f\u00e1cil de usar que facilita la navegaci\u00f3n sin esfuerzo y la amplia compatibilidad con todas las principales monedas globales. Por lo tanto, emerge inequ\u00edvocamente como una herramienta indispensable para cualquier establecimiento minorista en l\u00ednea que tenga como objetivo penetrar y cautivar de manera efectiva a los consumidores que pertenecen a pa\u00edses dispares. No pierda el tiempo y obtenga el precio basado en el pa\u00eds profesional para WooCommerce hoy, \u00a1capacitar a su negocio para que adopte una estrategia de venta astuta y juiciosa!<\/p>\n","protected":false},"featured_media":167257,"comment_status":"open","ping_status":"open","template":"","meta":[],"product_brand":[2537],"product_cat":[1207,1248,1206],"product_tag":[2191],"class_list":{"0":"post-116172","1":"product","2":"type-product","3":"status-publish","4":"has-post-thumbnail","6":"product_brand-wpboc","7":"product_cat-comercio-electronico-plugins","8":"product_cat-personalizacion-comercio-electronico-plugins","9":"product_cat-plugins","10":"product_tag-wpboc","11":"member-discount","12":"discount-restricted","14":"first","15":"instock","16":"sale","17":"downloadable","18":"virtual","19":"sold-individually","20":"purchasable","21":"product-type-simple"},"_links":{"self":[{"href":"https:\/\/gpl-love.com\/es\/wp-json\/wp\/v2\/product\/116172","targetHints":{"allow":["GET"]}}],"collection":[{"href":"https:\/\/gpl-love.com\/es\/wp-json\/wp\/v2\/product"}],"about":[{"href":"https:\/\/gpl-love.com\/es\/wp-json\/wp\/v2\/types\/product"}],"replies":[{"embeddable":true,"href":"https:\/\/gpl-love.com\/es\/wp-json\/wp\/v2\/comments?post=116172"}],"wp:featuredmedia":[{"embeddable":true,"href":"https:\/\/gpl-love.com\/es\/wp-json\/wp\/v2\/media\/167257"}],"wp:attachment":[{"href":"https:\/\/gpl-love.com\/es\/wp-json\/wp\/v2\/media?parent=116172"}],"wp:term":[{"taxonomy":"product_brand","embeddable":true,"href":"https:\/\/gpl-love.com\/es\/wp-json\/wp\/v2\/product_brand?post=116172"},{"taxonomy":"product_cat","embeddable":true,"href":"https:\/\/gpl-love.com\/es\/wp-json\/wp\/v2\/product_cat?post=116172"},{"taxonomy":"product_tag","embeddable":true,"href":"https:\/\/gpl-love.com\/es\/wp-json\/wp\/v2\/product_tag?post=116172"}],"curies":[{"name":"wp","href":"https:\/\/api.w.org\/{rel}","templated":true}]}}