{"id":116170,"date":"2021-08-17T00:00:00","date_gmt":"2021-08-17T05:00:00","guid":{"rendered":"http:\/\/gpl-love.com\/es\/?post_type=product&#038;p=116170"},"modified":"2026-03-09T07:22:43","modified_gmt":"2026-03-09T12:22:43","slug":"bus-ticket-booking-with-seat-reservation-pro","status":"publish","type":"product","link":"https:\/\/gpl-love.com\/es\/producto\/bus-ticket-booking-with-seat-reservation-pro\/","title":{"rendered":"Bus Ticket Booking with Seat Reservation Pro 4.9"},"content":{"rendered":"<h3>Bus Ticket Booking with Seat Reservation Pro Caracteristicas<\/h3>\n<p>La reserva de boletos de autobuses con Seat Reservation Pro es un software excepcionalmente robusto que se ha desarrollado espec\u00edficamente con la intenci\u00f3n de racionalizar y simplificar el complejo proceso de reserva de boletos de bus. Esta aplicaci\u00f3n incre\u00edblemente intuitiva otorga a los usuarios la capacidad de buscar sin esfuerzo una amplia gama de rutas de autobuses, verificar convenientemente los horarios y reservar asientos sin problemas, todos con solo unos pocos clics. Distingui\u00e9ndose de cualquier otra plataforma de reserva disponible actualmente, la reserva de boletos de autobuses con Ass Reservation Pro ofrece una amplia gama de opciones avanzadas de selecci\u00f3n de asientos, lo que permite a los usuarios seleccionar meticulosamente sus asientos preferidos de acuerdo con sus preferencias y deseos personales. Adem\u00e1s, este innovador software proporciona a los usuarios el lujo de recibir actualizaciones en tiempo real, asegurando que sigan informados y actualizados con respecto a la disponibilidad de asientos, evitando as\u00ed efectivamente cualquier posible decepciones o oportunidades perdidas. Con su interfaz exquisitamente f\u00e1cil de usar que requiere un esfuerzo m\u00ednimo para navegar, as\u00ed como su gran parte de caracter\u00edsticas altamente sofisticadas y de vanguardia, la reserva de boletos de autob\u00fas con reserva de asiento pro emerge indiscutiblemente como la herramienta por excelencia para cualquier viajero \u00e1vido que aprecia y prioriza inequ\u00edvocamente y prioriza conveniencia y eficiencia por encima de todo.<\/p>\n<ul>\n<li>Proceso de reserva de boletos de bus optimizado y conveniente<\/li>\n<li>Opciones f\u00e1ciles de b\u00fasqueda y filtro para encontrar las mejores rutas y tiempos de bus<\/li>\n<li>Capacidad para reservar asientos espec\u00edficos en el autob\u00fas para mayor comodidad y conveniencia<\/li>\n<li>Actualizaciones en tiempo real sobre los horarios de los autobuses y los retrasos<\/li>\n<li>Opci\u00f3n para cancelar y modificar las reservas seg\u00fan sea necesario<\/li>\n<li>Opciones de pago seguras para transacciones sin problemas<\/li>\n<li>Acomoda diferentes tipos de boletos (por ejemplo, unidireccional, ida y vuelta, etc.)<\/li>\n<li>Opciones de reserva flexibles, que incluyen reservas anticipadas y reservas de \u00faltima hora<\/li>\n<li>Interfaz f\u00e1cil de usar dise\u00f1ada para una f\u00e1cil navegaci\u00f3n y uso<\/li>\n<li>Soporte y asistencia confiables del equipo de servicio al cliente<\/li>\n<\/ul>\n","protected":false},"excerpt":{"rendered":"<p>Experimente la mejor comodidad y flexibilidad con nuestra reserva de boletos de autob\u00fas con Asiento Reserva Pro. Este software avanzado est\u00e1 dise\u00f1ado para optimizar su proceso de reserva de boletos, asegurando operaciones sin problemas y una mayor satisfacci\u00f3n del cliente. Con caracter\u00edsticas que le permiten reservar f\u00e1cilmente asientos, puede planificar mejor sus viajes de autobuses y evitar la molestia de los cambios de \u00faltimo minuto. Nuestra versi\u00f3n Pro ofrece a\u00fan m\u00e1s beneficios, incluido el acceso prioritario a nuevos autobuses y rutas, descuentos exclusivos y m\u00e1s. No se conformes con menos cuando se trata de tus necesidades de viaje. Eleve la experiencia de reserva de boletos de autob\u00fas con SEAT Reservation Pro.<\/p>\n","protected":false},"featured_media":165577,"comment_status":"open","ping_status":"open","template":"","meta":[],"product_brand":[2390],"product_cat":[1207,1248,1206],"product_tag":[2190],"class_list":{"0":"post-116170","1":"product","2":"type-product","3":"status-publish","4":"has-post-thumbnail","6":"product_brand-mage-people","7":"product_cat-comercio-electronico-plugins","8":"product_cat-personalizacion-comercio-electronico-plugins","9":"product_cat-plugins","10":"product_tag-mage-people","11":"member-discount","12":"discount-restricted","14":"first","15":"instock","16":"sale","17":"downloadable","18":"virtual","19":"sold-individually","20":"purchasable","21":"product-type-simple"},"_links":{"self":[{"href":"https:\/\/gpl-love.com\/es\/wp-json\/wp\/v2\/product\/116170","targetHints":{"allow":["GET"]}}],"collection":[{"href":"https:\/\/gpl-love.com\/es\/wp-json\/wp\/v2\/product"}],"about":[{"href":"https:\/\/gpl-love.com\/es\/wp-json\/wp\/v2\/types\/product"}],"replies":[{"embeddable":true,"href":"https:\/\/gpl-love.com\/es\/wp-json\/wp\/v2\/comments?post=116170"}],"wp:featuredmedia":[{"embeddable":true,"href":"https:\/\/gpl-love.com\/es\/wp-json\/wp\/v2\/media\/165577"}],"wp:attachment":[{"href":"https:\/\/gpl-love.com\/es\/wp-json\/wp\/v2\/media?parent=116170"}],"wp:term":[{"taxonomy":"product_brand","embeddable":true,"href":"https:\/\/gpl-love.com\/es\/wp-json\/wp\/v2\/product_brand?post=116170"},{"taxonomy":"product_cat","embeddable":true,"href":"https:\/\/gpl-love.com\/es\/wp-json\/wp\/v2\/product_cat?post=116170"},{"taxonomy":"product_tag","embeddable":true,"href":"https:\/\/gpl-love.com\/es\/wp-json\/wp\/v2\/product_tag?post=116170"}],"curies":[{"name":"wp","href":"https:\/\/api.w.org\/{rel}","templated":true}]}}