{"id":116166,"date":"2021-08-17T00:00:00","date_gmt":"2021-08-17T05:00:00","guid":{"rendered":"http:\/\/gpl-love.com\/es\/?post_type=product&#038;p=116166"},"modified":"2026-04-10T11:29:33","modified_gmt":"2026-04-10T16:29:33","slug":"ultimate-product-catalog-wordpress-plugin","status":"publish","type":"product","link":"https:\/\/gpl-love.com\/es\/producto\/ultimate-product-catalog-wordpress-plugin\/","title":{"rendered":"Ultimate Product Catalog WordPress Plugin 5.0.17"},"content":{"rendered":"<h3>Ultimate Product Catalog WordPress Plugin Caracteristicas<\/h3>\n<p>El mejor complemento de WordPress del cat\u00e1logo de productos se presenta como la soluci\u00f3n ideal para las empresas que buscan optimizar su proceso de gesti\u00f3n de cat\u00e1logo de productos. Este complemento excepcionalmente robusto faculta a los usuarios generar y supervisar una multitud ilimitada de cat\u00e1logos de productos, repletos de im\u00e1genes cautivadoras, descripciones integrales e informaci\u00f3n precisa de precios. A trav\u00e9s de su interfaz f\u00e1cil de usar y sus caracter\u00edsticas navegables sin esfuerzo, uno puede aumentar su inventario de su inventario con mercanc\u00edas nuevas, revisar art\u00edculos preexistentes y clasificar meticulosamente los cat\u00e1logos basados \u200b\u200ben sus respectivos g\u00e9neros o marcas. Adem\u00e1s, el complemento es totalmente personalizable, lo que brinda a los usuarios la capacidad incomparable de ejercer una licencia art\u00edstica completa en la creaci\u00f3n de la est\u00e9tica y la interfaz de sus cat\u00e1logos. Ya sea que uno preside un establecimiento modesto e independiente de propiedad independiente o una entidad corporativa pr\u00f3spera, el mejor complemento de Cat\u00e1logo de productos de productos de WordPress ser\u00e1 un instrumento indispensable en la gesti\u00f3n del cat\u00e1logo de productos virtuales de uno.<\/p>\n<ul>\n<li>Creaci\u00f3n y gesti\u00f3n de cat\u00e1logo de productos f\u00e1ciles e intuitivas con WordPress<\/li>\n<li>Opciones de dise\u00f1o personalizables para adaptarse al dise\u00f1o y la marca de su sitio web<\/li>\n<li>Dise\u00f1o receptivo, haciendo que el cat\u00e1logo de su producto sea accesible en cualquier dispositivo<\/li>\n<li>Capacidades avanzadas de filtrado y b\u00fasqueda para una experiencia de usuario perfecta<\/li>\n<li>Opciones de categorizaci\u00f3n y etiquetado de productos flexibles<\/li>\n<li>Integraci\u00f3n con plataformas de comercio electr\u00f3nico populares como WooCommerce y descargas digitales f\u00e1ciles<\/li>\n<li>Opci\u00f3n para m\u00faltiples im\u00e1genes y galer\u00edas de productos, con funcionalidad de zoom<\/li>\n<li>Botones de intercambio de redes sociales incorporados para un f\u00e1cil intercambio de productos en Facebook, Twitter y m\u00e1s<\/li>\n<li>Opci\u00f3n para m\u00faltiples variaciones de productos, con precios individuales y gesti\u00f3n de acciones<\/li>\n<li>Soporte multiling\u00fce, para atender a una base global de clientes.<\/li>\n<\/ul>\n","protected":false},"excerpt":{"rendered":"<p>El mejor complemento de WordPress del cat\u00e1logo de productos es una soluci\u00f3n altamente sofisticada y excepcional que le permite generar cat\u00e1logos de productos de primera categor\u00eda y de vanguardia en su sitio web de WordPress. Cuenta con una variedad de opciones de personalizaci\u00f3n f\u00e1cil de usar y caracter\u00edsticas innovadoras f\u00e1ciles de usar, lo que le permite dise\u00f1ar un cat\u00e1logo totalmente receptivo y din\u00e1mico que muestra efectivamente sus productos de la manera m\u00e1s \u00f3ptima y cautivadora imaginable. Este notable complemento atiende a la diversa gama de productos que posee, acomodando sin problemas categor\u00edas, subcategor\u00edas y filtros ilimitados. Al aprovechar las capacidades incomparables del mejor complemento de WordPress del cat\u00e1logo de productos, puede exhibir de manera efectiva sus productos y amplificar significativamente sus ventas, impulsando as\u00ed su negocio a alturas sin precedentes.<\/p>\n","protected":false},"featured_media":167889,"comment_status":"open","ping_status":"open","template":"","meta":[],"product_brand":[2584],"product_cat":[1214,1206,1211],"product_tag":[1838],"class_list":{"0":"post-116166","1":"product","2":"type-product","3":"status-publish","4":"has-post-thumbnail","6":"product_brand-etoile","7":"product_cat-personalizacion","8":"product_cat-plugins","9":"product_cat-wordpress-plugins","10":"product_tag-etoile","11":"member-discount","12":"discount-restricted","14":"first","15":"instock","16":"sale","17":"downloadable","18":"virtual","19":"sold-individually","20":"purchasable","21":"product-type-simple"},"_links":{"self":[{"href":"https:\/\/gpl-love.com\/es\/wp-json\/wp\/v2\/product\/116166","targetHints":{"allow":["GET"]}}],"collection":[{"href":"https:\/\/gpl-love.com\/es\/wp-json\/wp\/v2\/product"}],"about":[{"href":"https:\/\/gpl-love.com\/es\/wp-json\/wp\/v2\/types\/product"}],"replies":[{"embeddable":true,"href":"https:\/\/gpl-love.com\/es\/wp-json\/wp\/v2\/comments?post=116166"}],"wp:featuredmedia":[{"embeddable":true,"href":"https:\/\/gpl-love.com\/es\/wp-json\/wp\/v2\/media\/167889"}],"wp:attachment":[{"href":"https:\/\/gpl-love.com\/es\/wp-json\/wp\/v2\/media?parent=116166"}],"wp:term":[{"taxonomy":"product_brand","embeddable":true,"href":"https:\/\/gpl-love.com\/es\/wp-json\/wp\/v2\/product_brand?post=116166"},{"taxonomy":"product_cat","embeddable":true,"href":"https:\/\/gpl-love.com\/es\/wp-json\/wp\/v2\/product_cat?post=116166"},{"taxonomy":"product_tag","embeddable":true,"href":"https:\/\/gpl-love.com\/es\/wp-json\/wp\/v2\/product_tag?post=116166"}],"curies":[{"name":"wp","href":"https:\/\/api.w.org\/{rel}","templated":true}]}}