{"id":116164,"date":"2022-02-09T00:00:00","date_gmt":"2022-02-09T05:00:00","guid":{"rendered":"http:\/\/gpl-love.com\/es\/?post_type=product&#038;p=116164"},"modified":"2026-03-09T08:25:47","modified_gmt":"2026-03-09T13:25:47","slug":"woocommerce-step-filter","status":"publish","type":"product","link":"https:\/\/gpl-love.com\/es\/producto\/woocommerce-step-filter\/","title":{"rendered":"WooCommerce Step Filter 8.1.0"},"content":{"rendered":"<h3>WooCommerce Step Filter Caracteristicas<\/h3>\n<p>WooCommerce Step Filter, un complemento incre\u00edblemente robusto y f\u00e1cil de usar, otorga a los propietarios de la tienda en l\u00ednea la capacidad de integrar perfectamente una funcionalidad de filtro de paso personalizada en sus p\u00e1ginas de productos de WooCommerce. Armados con este notable complemento, los clientes pueden tamizar y organizar productos sin esfuerzo basados \u200b\u200ben una variedad de atributos, que van desde un precio hasta el tama\u00f1o. Esta caracter\u00edstica invaluable economiza efectivamente el tiempo y eleva la experiencia general de compra para los clientes, lo que finalmente resulta en una mayor cantidad de ventas y satisfacci\u00f3n del cliente. Adem\u00e1s, el proceso de instalaci\u00f3n para este complemento es muy f\u00e1cil, y cuenta con una mir\u00edada de opciones de personalizaci\u00f3n, lo que lo hace vers\u00e1til y adaptable para una variedad de tiendas en l\u00ednea. Sin duda, el filtro de paso de WooCommerce es inequ\u00edvocamente una herramienta indispensable para cualquier tienda en l\u00ednea que busque aumentar y optimizar su sistema de filtrado de productos existente.<\/p>\n<ul>\n<li>Interfaz f\u00e1cil de usar para filtrar productos en su sitio de WooCommerce<\/li>\n<li>Permite a los clientes encontrar r\u00e1pidamente los productos que est\u00e1n buscando<\/li>\n<li>Personalice las opciones de filtro para adaptarse a sus categor\u00edas de productos espec\u00edficas<\/li>\n<li>Filtrar por atributos del producto como color, tama\u00f1o y precio<\/li>\n<li>M\u00f3vil optimizado para un filtrado sin costura en cualquier dispositivo<\/li>\n<li>Funciona sin problemas con las variaciones de productos de WooCommerce y productos variables<\/li>\n<li>Aumenta la satisfacci\u00f3n del cliente al proporcionar una experiencia de compra optimizada<\/li>\n<li>Ahorra tiempo tanto para los clientes como para los propietarios de tiendas al reducir la necesidad de b\u00fasquedas de productos manuales<\/li>\n<li>Se puede integrar f\u00e1cilmente en cualquier sitio de WooCommerce sin codificar el conocimiento<\/li>\n<li>Compatible con complementos y complementos de terceros de WooCommerce populares.<\/li>\n<\/ul>\n","protected":false},"excerpt":{"rendered":"<p>WooCommerce Step Filter, que es una herramienta de filtrado intuitiva y potente, est\u00e1 dise\u00f1ado para ayudar a los compradores a localizar eficientemente sus productos deseados dentro de su tienda WooCommerce. Este notable complemento incorpora un filtrado paso a paso, lo que permite a los clientes refinar f\u00e1cilmente sus resultados de b\u00fasqueda seleccionando m\u00faltiples atributos, incluidos el color, el tama\u00f1o y el rango de precios, entre otros. Adem\u00e1s, esta herramienta garantiza una experiencia de usuario perfecta al proporcionar a los compradores resultados filtrados en tiempo real, eliminando la necesidad de la recarga de p\u00e1ginas. Adem\u00e1s, el filtro de paso de WooCommerce ofrece opciones de personalizaci\u00f3n avanzadas, otorg\u00e1ndole la capacidad de ajustar meticulosamente los widgets de filtrado para alinearse con el dise\u00f1o y la marca \u00fanicos de su tienda. Al utilizar el filtro de paso de WooCommerce, puede optimizar la experiencia de compra de sus clientes y mejorar significativamente su rendimiento de ventas.<\/p>\n","protected":false},"featured_media":168279,"comment_status":"open","ping_status":"open","template":"","meta":[],"product_brand":[2339],"product_cat":[1207,1248,1206],"product_tag":[1256],"class_list":{"0":"post-116164","1":"product","2":"type-product","3":"status-publish","4":"has-post-thumbnail","6":"product_brand-codecanyon","7":"product_cat-comercio-electronico-plugins","8":"product_cat-personalizacion-comercio-electronico-plugins","9":"product_cat-plugins","10":"product_tag-codecanyon","11":"member-discount","12":"discount-restricted","14":"first","15":"instock","16":"sale","17":"downloadable","18":"virtual","19":"sold-individually","20":"purchasable","21":"product-type-simple"},"_links":{"self":[{"href":"https:\/\/gpl-love.com\/es\/wp-json\/wp\/v2\/product\/116164","targetHints":{"allow":["GET"]}}],"collection":[{"href":"https:\/\/gpl-love.com\/es\/wp-json\/wp\/v2\/product"}],"about":[{"href":"https:\/\/gpl-love.com\/es\/wp-json\/wp\/v2\/types\/product"}],"replies":[{"embeddable":true,"href":"https:\/\/gpl-love.com\/es\/wp-json\/wp\/v2\/comments?post=116164"}],"wp:featuredmedia":[{"embeddable":true,"href":"https:\/\/gpl-love.com\/es\/wp-json\/wp\/v2\/media\/168279"}],"wp:attachment":[{"href":"https:\/\/gpl-love.com\/es\/wp-json\/wp\/v2\/media?parent=116164"}],"wp:term":[{"taxonomy":"product_brand","embeddable":true,"href":"https:\/\/gpl-love.com\/es\/wp-json\/wp\/v2\/product_brand?post=116164"},{"taxonomy":"product_cat","embeddable":true,"href":"https:\/\/gpl-love.com\/es\/wp-json\/wp\/v2\/product_cat?post=116164"},{"taxonomy":"product_tag","embeddable":true,"href":"https:\/\/gpl-love.com\/es\/wp-json\/wp\/v2\/product_tag?post=116164"}],"curies":[{"name":"wp","href":"https:\/\/api.w.org\/{rel}","templated":true}]}}