{"id":116162,"date":"2026-01-10T00:00:00","date_gmt":"2026-01-10T05:00:00","guid":{"rendered":"http:\/\/gpl-love.com\/es\/?post_type=product&#038;p=116162"},"modified":"2026-03-09T07:34:48","modified_gmt":"2026-03-09T12:34:48","slug":"fibosearch-ajax-search-para-woocommerce-pro","status":"publish","type":"product","link":"https:\/\/gpl-love.com\/es\/producto\/fibosearch-ajax-search-para-woocommerce-pro\/","title":{"rendered":"FiboSearch AJAX Search para WooCommerce Pro 1.32.2"},"content":{"rendered":"<h3>FiboSearch AJAX Search para WooCommerce Pro Caracteristicas<\/h3>\n<p>Fibosearch Ajax Search for WooCommerce Pro es una herramienta de b\u00fasqueda incre\u00edblemente robusta y poderosa que mejora en gran medida la experiencia general de compra para los clientes que utilizan la plataforma WooCommerce. Esta herramienta excepcional utiliza tecnolog\u00eda de b\u00fasqueda altamente avanzada, lo que permite a los clientes ubicar sin esfuerzo y eficientemente los productos precisos que desean, con los resultados de b\u00fasqueda que aparecen din\u00e1micamente en tiempo real a medida que participan en su consulta de b\u00fasqueda. Adem\u00e1s, este notable complemento incluso ofrece la caracter\u00edstica notable de proporcionar una interfaz de b\u00fasqueda totalmente personalizable, lo que permite a los comerciantes alinear sin problemas la barra de b\u00fasqueda con la est\u00e9tica de marca \u00fanica de su tienda. Adem\u00e1s, la b\u00fasqueda de fibosearch AJAX para WooCommerce Pro tambi\u00e9n ofrece un soporte multiling\u00fce excepcional, lo que permite a los comerciantes atender a una base de clientes internacionales con facilidad. Adem\u00e1s, esta herramienta excepcional ha sufrido una optimizaci\u00f3n meticulosa para garantizar una experiencia perfecta e impecable para los usuarios de dispositivos m\u00f3viles. Con su interfaz incre\u00edblemente f\u00e1cil de usar y sus capacidades de b\u00fasqueda avanzadas incomparables, es innegable que la b\u00fasqueda de fibosearch AJAX para WooCommerce Pro es una adici\u00f3n invaluable e indispensable a cualquier tienda en l\u00ednea, que otorga un nivel incomparable de eficiencia y conveniencia tanto en clientes como comerciantes.<\/p>\n<ul>\n<li>Funcionalidad de b\u00fasqueda mejorada: Fibosearch AJAX La b\u00fasqueda de WooCommerce Pro mejora la funcionalidad de b\u00fasqueda de su almac\u00e9n de WooCommerce agregando una barra de b\u00fasqueda r\u00e1pida y precisa a su sitio web.<\/li>\n<li>Barra de b\u00fasqueda personalizable: puede personalizar la barra de b\u00fasqueda con su fuente, color y estilo preferidos para que coincidan con la marca de su sitio web.<\/li>\n<li>Compatible con temas de WooCommerce: el complemento es totalmente compatible con todos los temas de WooCommerce e integra perfectamente con su sitio web.<\/li>\n<li>Resultados de b\u00fasqueda en vivo: la b\u00fasqueda de fibosearch AJAX para WooCommerce Pro proporciona resultados de b\u00fasqueda en tiempo real a medida que escribe y lo muestra debajo de la barra de b\u00fasqueda.<\/li>\n<li>Pantalla de datos del producto: el complemento no solo muestra los t\u00edtulos de productos sino tambi\u00e9n de la imagen, el nombre, el precio y la descripci\u00f3n del producto en la b\u00fasqueda y los resultados.<\/li>\n<li>An\u00e1lisis e ideas: puede rastrear las b\u00fasquedas de los clientes, las b\u00fasquedas perdidas y la b\u00fasqueda popular y usar los datos para tomar decisiones comerciales informadas.<\/li>\n<li>Amigo m\u00f3vil: el complemento est\u00e1 optimizado para dispositivos m\u00f3viles para que los clientes sobre la marcha puedan buscar f\u00e1cilmente productos sin dificultad.<\/li>\n<\/ul>\n","protected":false},"excerpt":{"rendered":"<p>Fibosearch Ajax Search for WooCommerce Pro es una herramienta de b\u00fasqueda excepcionalmente robusta y efectiva meticulosamente elaborada para satisfacer las necesidades espec\u00edficas de las tiendas en l\u00ednea que operan en la plataforma WooCommerce. Al integrarse sin problemas en su sitio web, esta notable herramienta faculta a sus estimados clientes para navegar sin esfuerzo a trav\u00e9s de su vasto inventario de productos, eliminando la ardua tarea de refrescar manualmente la p\u00e1gina para ver los resultados de b\u00fasqueda. Con una interfaz de usuario altamente intuitiva, este complemento ofrece una variedad de funcionalidades de b\u00fasqueda sofisticadas, incluidas, entre otros, las sugerencias de autocompletar, el filtrado de productos y las sugerencias de productos. Al aprovechar el poder de Fibosearch, puede elevar el viaje de compra de sus clientes, facilitando un aumento exponencial en las conversiones, ya que facilita su exploraci\u00f3n perfecta de los productos que buscan ardientemente.<\/p>\n","protected":false},"featured_media":166098,"comment_status":"open","ping_status":"open","template":"","meta":[],"product_brand":[2450],"product_cat":[1207,1248,1206],"product_tag":[2188],"class_list":{"0":"post-116162","1":"product","2":"type-product","3":"status-publish","4":"has-post-thumbnail","6":"product_brand-fibosearch","7":"product_cat-comercio-electronico-plugins","8":"product_cat-personalizacion-comercio-electronico-plugins","9":"product_cat-plugins","10":"product_tag-fibosearch","11":"member-discount","12":"discount-restricted","14":"first","15":"instock","16":"sale","17":"downloadable","18":"virtual","19":"sold-individually","20":"purchasable","21":"product-type-simple"},"_links":{"self":[{"href":"https:\/\/gpl-love.com\/es\/wp-json\/wp\/v2\/product\/116162","targetHints":{"allow":["GET"]}}],"collection":[{"href":"https:\/\/gpl-love.com\/es\/wp-json\/wp\/v2\/product"}],"about":[{"href":"https:\/\/gpl-love.com\/es\/wp-json\/wp\/v2\/types\/product"}],"replies":[{"embeddable":true,"href":"https:\/\/gpl-love.com\/es\/wp-json\/wp\/v2\/comments?post=116162"}],"wp:featuredmedia":[{"embeddable":true,"href":"https:\/\/gpl-love.com\/es\/wp-json\/wp\/v2\/media\/166098"}],"wp:attachment":[{"href":"https:\/\/gpl-love.com\/es\/wp-json\/wp\/v2\/media?parent=116162"}],"wp:term":[{"taxonomy":"product_brand","embeddable":true,"href":"https:\/\/gpl-love.com\/es\/wp-json\/wp\/v2\/product_brand?post=116162"},{"taxonomy":"product_cat","embeddable":true,"href":"https:\/\/gpl-love.com\/es\/wp-json\/wp\/v2\/product_cat?post=116162"},{"taxonomy":"product_tag","embeddable":true,"href":"https:\/\/gpl-love.com\/es\/wp-json\/wp\/v2\/product_tag?post=116162"}],"curies":[{"name":"wp","href":"https:\/\/api.w.org\/{rel}","templated":true}]}}