{"id":116116,"date":"2024-02-07T00:00:00","date_gmt":"2024-02-07T05:00:00","guid":{"rendered":"http:\/\/gpl-love.com\/es\/?post_type=product&#038;p=116116"},"modified":"2026-04-10T11:17:37","modified_gmt":"2026-04-10T16:17:37","slug":"mycred-sms-payments-twilio-transfers","status":"publish","type":"product","link":"https:\/\/gpl-love.com\/es\/producto\/mycred-sms-payments-twilio-transfers\/","title":{"rendered":"myCred SMS Payments Twilio Transfers 1.0.6"},"content":{"rendered":"<h3>myCred SMS Payments Twilio Transfers Caracteristicas<\/h3>\n<p>MyCred SMS Payments Twilio Transfers es un sistema de pago robusto que ofrece a las empresas la conveniencia de realizar transacciones sin esfuerzo a trav\u00e9s de mensajes de texto, lo que permite una experiencia de procesamiento de pagos sin problemas. La utilizaci\u00f3n de Twilio, una plataforma de mensajer\u00eda de renombre aclamada por su inquebrantable confiabilidad y medidas de seguridad firmes, mejora a\u00fan m\u00e1s la efectividad de esta herramienta. A trav\u00e9s de la incorporaci\u00f3n de la tecnolog\u00eda de vanguardia de MyCred, las empresas pueden optimizar sus procesos de pago, lo que resulta en costos de transacci\u00f3n reducidos y una mayor participaci\u00f3n del cliente. Esta soluci\u00f3n excepcional atiende tanto a empresas a peque\u00f1a escala como a grandes corporaciones, asegurando que todas las entidades puedan elevar sus sistemas de pago a niveles de \u00e9xito sin precedentes.<\/p>\n<ul>\n<li>Permite a los usuarios realizar pagos a trav\u00e9s de SMS utilizando el complemento MyCred<\/li>\n<li>Utiliza la tecnolog\u00eda Twilio para transferencias seguras y confiables<\/li>\n<li>Se puede integrar f\u00e1cilmente en las configuraciones myCred existentes<\/li>\n<li>Proporciona opciones de pago convenientes para los clientes que prefieren SMS sobre otros m\u00e9todos de pago<\/li>\n<li>Reduce el tiempo de procesamiento de pagos y las transacciones de la l\u00ednea<\/li>\n<li>Ofrece actualizaciones y confirmaciones de pagos en tiempo real a trav\u00e9s de SMS<\/li>\n<li>Proporciona una mayor seguridad de pago a trav\u00e9s de medidas de verificaci\u00f3n<\/li>\n<li>Se puede personalizar para adaptarse a las necesidades y preferencias de pago espec\u00edficas<\/li>\n<\/ul>\n","protected":false},"excerpt":{"rendered":"<p>La funci\u00f3n de transferencias de Twilio MyCred SMS Payments presenta una oportunidad para que los usuarios participen convenientemente en transacciones de pago a trav\u00e9s de SMS aprovechando la plataforma Twilio. Al capitalizar esta caracter\u00edstica, los usuarios pueden transferir fondos de manera r\u00e1pida y confiable a otros usuarios o empresas a trav\u00e9s del proceso perfecto de enviar un mensaje de texto. Este sistema de pago ha sido meticulosamente elaborado para priorizar la velocidad, la conveniencia y la seguridad, lo que lo convierte en una resoluci\u00f3n altamente adecuada para las personas que requieren la capacidad de realizar pagos m\u00f3viles sin esfuerzo mientras est\u00e1n en movimiento.<\/p>\n","protected":false},"featured_media":166864,"comment_status":"open","ping_status":"open","template":"","meta":[],"product_brand":[2503],"product_cat":[1214,1206,1211],"product_tag":[2187],"class_list":{"0":"post-116116","1":"product","2":"type-product","3":"status-publish","4":"has-post-thumbnail","6":"product_brand-mycred","7":"product_cat-personalizacion","8":"product_cat-plugins","9":"product_cat-wordpress-plugins","10":"product_tag-mycred","11":"member-discount","12":"discount-restricted","14":"first","15":"instock","16":"sale","17":"downloadable","18":"virtual","19":"sold-individually","20":"purchasable","21":"product-type-simple"},"_links":{"self":[{"href":"https:\/\/gpl-love.com\/es\/wp-json\/wp\/v2\/product\/116116","targetHints":{"allow":["GET"]}}],"collection":[{"href":"https:\/\/gpl-love.com\/es\/wp-json\/wp\/v2\/product"}],"about":[{"href":"https:\/\/gpl-love.com\/es\/wp-json\/wp\/v2\/types\/product"}],"replies":[{"embeddable":true,"href":"https:\/\/gpl-love.com\/es\/wp-json\/wp\/v2\/comments?post=116116"}],"wp:featuredmedia":[{"embeddable":true,"href":"https:\/\/gpl-love.com\/es\/wp-json\/wp\/v2\/media\/166864"}],"wp:attachment":[{"href":"https:\/\/gpl-love.com\/es\/wp-json\/wp\/v2\/media?parent=116116"}],"wp:term":[{"taxonomy":"product_brand","embeddable":true,"href":"https:\/\/gpl-love.com\/es\/wp-json\/wp\/v2\/product_brand?post=116116"},{"taxonomy":"product_cat","embeddable":true,"href":"https:\/\/gpl-love.com\/es\/wp-json\/wp\/v2\/product_cat?post=116116"},{"taxonomy":"product_tag","embeddable":true,"href":"https:\/\/gpl-love.com\/es\/wp-json\/wp\/v2\/product_tag?post=116116"}],"curies":[{"name":"wp","href":"https:\/\/api.w.org\/{rel}","templated":true}]}}