{"id":116114,"date":"2021-12-30T00:00:00","date_gmt":"2021-12-30T05:00:00","guid":{"rendered":"http:\/\/gpl-love.com\/es\/?post_type=product&#038;p=116114"},"modified":"2026-03-09T07:52:27","modified_gmt":"2026-03-09T12:52:27","slug":"mycred-para-users-ultra","status":"publish","type":"product","link":"https:\/\/gpl-love.com\/es\/producto\/mycred-para-users-ultra\/","title":{"rendered":"myCred para Users Ultra 1.0.2"},"content":{"rendered":"<h3>myCred para Users Ultra Caracteristicas<\/h3>\n<p>MyCred for Users Ultra es un sistema de gesti\u00f3n de puntos que lo abarca todo dise\u00f1ado para permitir a los propietarios de sitios web incentivar eficazmente a sus usuarios para participar en una variedad de actividades en su sitio. Este sistema integrado sin problemas se combina armoniosamente con el complemento Ultra Ussers, una plataforma robusta que ofrece capacidades sofisticadas de gesti\u00f3n de usuarios y caracter\u00edsticas de redes sociales, lo que resulta en una soluci\u00f3n notablemente potente y adaptable para optimizar la participaci\u00f3n del usuario. Al aprovechar MyCred para los usuarios Ultra, los propietarios de sitios web est\u00e1n facultados para establecer sin esfuerzo sistemas de puntos personalizados, otorgando generosamente puntos a los usuarios por acciones como iniciar sesi\u00f3n, crear y compartir contenido en las redes sociales e incluso fomentar un sentido de competencia saludable entre los usuarios mediante la creaci\u00f3n de usuarios al crear tablas de clasificaci\u00f3n e insignias. El complemento tambi\u00e9n cuenta con una variedad de funcionalidades avanzadas, incluidas las transferencias de puntos, la expiraci\u00f3n de puntos y las compras de puntos, otorgando as\u00ed a los propietarios de sitios web la oportunidad de monetizar efectivamente su plataforma vendiendo puntos o brindando a los usuarios la capacidad de adquirir recompensas con sus puntos acumulados. En general, MyCred para los usuarios Ultra representa una herramienta excepcional para que los propietarios de sitios web anhelen mejorar la participaci\u00f3n y la lealtad del usuario, todo mientras generan ingresos sustanciales de su sitio.<\/p>\n<ul>\n<li>MyCred for Users Ultra es un complemento vers\u00e1til y f\u00e1cil de usar dise\u00f1ado para mejorar su sitio de WordPress con caracter\u00edsticas de gamificaci\u00f3n.<\/li>\n<li>Con MyCred para los usuarios Ultra, puede crear insignias, rangos, puntos y recompensas personalizadas para sus usuarios, incentivarlos para interactuar con su sitio y crear contenido.<\/li>\n<li>El complemento est\u00e1 completamente integrado con los usuarios Ultra, un complemento de administraci\u00f3n de usuarios popular, lo que le permite asignar f\u00e1cilmente puntos y recompensas seg\u00fan el comportamiento y la participaci\u00f3n del usuario.<\/li>\n<li>MyCred para los usuarios Ultra admite una amplia gama de ganchos y desencadenantes de actividad, lo que le brinda un control completo sobre c\u00f3mo se obtienen y se otorgan recompensas.<\/li>\n<li>El complemento tambi\u00e9n incluye potentes caracter\u00edsticas de registro e informes, lo que le permite rastrear la actividad del usuario y los saldos de puntos en tiempo real.<\/li>\n<li>Ya sea que se trate de recompensar a los usuarios por comentar, compartir contenido o completar otras acciones deseadas, MyCred para los usuarios Ultra hace que la gamificaci\u00f3n de su sitio de WordPress sea muy f\u00e1cil.<\/li>\n<\/ul>\n","protected":false},"excerpt":{"rendered":"<p>Introducci\u00f3n de MyCred para los usuarios Ultra, un extraordinario sistema de recompensas y gesti\u00f3n de puntos dise\u00f1ado espec\u00edficamente para su sitio web, superando a todos los dem\u00e1s en sus capacidades. Con MyCred a su disposici\u00f3n, posee el poder de crear experiencias gratificantes para sus valiosos usuarios, motiv\u00e1ndolos efectivamente a regresar repetidamente y comprometerse de todo coraz\u00f3n con su notable contenido. Los usuarios se sorprender\u00e1n gratamente al descubrir que pueden acumular sin esfuerzo puntos participando en una multitud de acciones, que van desde el simple acto de registrarse o iniciar sesi\u00f3n, hasta las tareas m\u00e1s involucradas de publicar comentarios valiosos o incluso realizar compras codiciadas. Estos puntos, convenientemente rastreables y canjeables, otorgan generosamente a los usuarios la oportunidad de intercambiarlos por una variedad de deliciosas recompensas y ventajas exclusivas. Sin embargo, el verdadero Marvel se encuentra dentro del complemento Ultra MyCred para los usuarios, que impulsa este complemento ya notable a alturas sin precedentes al otorgarle acceso a una amplia gama de opciones de personalizaci\u00f3n adicionales e integraciones sin problemas con otros complementos de WordPress altamente aclamados. Aproveche esta poderosa herramienta y sea testigo de un aumento sustancial en la participaci\u00f3n y retenci\u00f3n del usuario con el impresionante MyCred para los usuarios Ultra.<\/p>\n","protected":false},"featured_media":166853,"comment_status":"open","ping_status":"open","template":"","meta":[],"product_brand":[2503],"product_cat":[1214,1206,1211],"product_tag":[2187],"class_list":{"0":"post-116114","1":"product","2":"type-product","3":"status-publish","4":"has-post-thumbnail","6":"product_brand-mycred","7":"product_cat-personalizacion","8":"product_cat-plugins","9":"product_cat-wordpress-plugins","10":"product_tag-mycred","11":"member-discount","12":"discount-restricted","14":"first","15":"instock","16":"sale","17":"downloadable","18":"virtual","19":"sold-individually","20":"purchasable","21":"product-type-simple"},"_links":{"self":[{"href":"https:\/\/gpl-love.com\/es\/wp-json\/wp\/v2\/product\/116114","targetHints":{"allow":["GET"]}}],"collection":[{"href":"https:\/\/gpl-love.com\/es\/wp-json\/wp\/v2\/product"}],"about":[{"href":"https:\/\/gpl-love.com\/es\/wp-json\/wp\/v2\/types\/product"}],"replies":[{"embeddable":true,"href":"https:\/\/gpl-love.com\/es\/wp-json\/wp\/v2\/comments?post=116114"}],"wp:featuredmedia":[{"embeddable":true,"href":"https:\/\/gpl-love.com\/es\/wp-json\/wp\/v2\/media\/166853"}],"wp:attachment":[{"href":"https:\/\/gpl-love.com\/es\/wp-json\/wp\/v2\/media?parent=116114"}],"wp:term":[{"taxonomy":"product_brand","embeddable":true,"href":"https:\/\/gpl-love.com\/es\/wp-json\/wp\/v2\/product_brand?post=116114"},{"taxonomy":"product_cat","embeddable":true,"href":"https:\/\/gpl-love.com\/es\/wp-json\/wp\/v2\/product_cat?post=116114"},{"taxonomy":"product_tag","embeddable":true,"href":"https:\/\/gpl-love.com\/es\/wp-json\/wp\/v2\/product_tag?post=116114"}],"curies":[{"name":"wp","href":"https:\/\/api.w.org\/{rel}","templated":true}]}}