{"id":116112,"date":"2025-08-09T00:00:00","date_gmt":"2025-08-09T05:00:00","guid":{"rendered":"http:\/\/gpl-love.com\/es\/?post_type=product&#038;p=116112"},"modified":"2026-04-10T11:17:41","modified_gmt":"2026-04-10T16:17:41","slug":"mycred-video-add-on-for-vimeo","status":"publish","type":"product","link":"https:\/\/gpl-love.com\/es\/producto\/mycred-video-add-on-for-vimeo\/","title":{"rendered":"myCred Video Add on For Vimeo 1.3.4"},"content":{"rendered":"<h3>myCred Video Add on For Vimeo Caracteristicas<\/h3>\n<p>El video MyCred se suma para Vimeo cuenta con un repertorio formidable como una herramienta de integraci\u00f3n de video que est\u00e1 expl\u00edcitamente dise\u00f1ada para amplificar y enriquecer su experiencia de usuario de Vimeo. Este ingenioso complemento le otorga la notable capacidad de conferir puntos sin esfuerzo a sus estimados usuarios por su diligente consumo de video, sus cargas de video proactivas e incluso su ferviente interacci\u00f3n con su abundante canal de Vimeo. Adem\u00e1s, este complemento extraordinario le brinda la oportunidad invaluable de erigir un marco intrincado de reglas y restricciones, asegurando as\u00ed que sus estimados usuarios puedan obtener la m\u00e1xima utilidad y el cumplimiento de la matriz caleidosc\u00f3pica de su contenido de Vimeo resplandeciente. Independientemente de si usted es un propietario de negocios sagaz, un ilustre creador de contenido, o simplemente un devoto apasionado del maravilloso mundo de Vimeo, el video MyCred se suma a Vimeo, en toda su gloria resplandeciente, se destaca como una herramienta indispensable e indispensable que deber\u00e1 Catalize indudablemente el ascenso mete\u00f3rico de su presencia en l\u00ednea y el compromiso embrujado de su estimada audiencia.<\/p>\n<ul>\n<li>Integre perfectamente el sistema de puntos de recompensa MyCred con sus videos de Vimeo<\/li>\n<li>Use puntos para recompensar a los espectadores por mirar, comentar y gustarles sus videos<\/li>\n<li>Personalizar valores de puntos para acciones espec\u00edficas y establecer l\u00edmites semanales<\/li>\n<li>Exhibir tablas de clasificaci\u00f3n para fomentar una competencia saludable entre los espectadores<\/li>\n<li>Fomentar el compromiso y aumentar las vistas de video con acciones incentivadas<\/li>\n<li>Compatible con MyCred Premium y versiones gratuitas<\/li>\n<li>Proceso de instalaci\u00f3n simple con opciones de configuraci\u00f3n f\u00e1ciles de navegar<\/li>\n<\/ul>\n","protected":false},"excerpt":{"rendered":"<p>El video MyCred se suma para Vimeo se presenta como un instrumento robusto e influyente que ha sido cuidadosamente elaborado con el \u00fanico prop\u00f3sito de mejorar la experiencia general de video en su estimado sitio web. Al integrar a la perfecci\u00f3n sus videos de Vimeo en su sitio de WordPress a trav\u00e9s de la utilizaci\u00f3n de este complemento sin esfuerzo para operar, se le da la capacidad \u00fanica de satisfacer a sus estimados usuarios con puntos MyCred para disfrutar del acto placentero de observar o incluso cargar su propio videos. Con la inclusi\u00f3n de atributos notables, como la capacidad de personalizar las listas de reproducci\u00f3n de videos de acuerdo con sus preferencias, una asignaci\u00f3n autom\u00e1tica de puntos a los usuarios, as\u00ed como el acceso a un intrincado an\u00e1lisis de video, queda muy claro que la posesi\u00f3n del video misterio se suma a Vimeo es una necesidad absoluta para cualquier sitio web que aspira a elevar los niveles de compromiso y retener a los usuarios leales. Disfrute de sus valiosos usuarios con el atractivo entretenimiento que desean desesperadamente y, a su vez, recompen\u00faanlos con el reconocimiento que realmente merecen al obtener el video MyCred, adem\u00e1s de Vimeo sin demora.<\/p>\n","protected":false},"featured_media":166870,"comment_status":"open","ping_status":"open","template":"","meta":[],"product_brand":[2503],"product_cat":[1214,1206,1211],"product_tag":[2187],"class_list":{"0":"post-116112","1":"product","2":"type-product","3":"status-publish","4":"has-post-thumbnail","6":"product_brand-mycred","7":"product_cat-personalizacion","8":"product_cat-plugins","9":"product_cat-wordpress-plugins","10":"product_tag-mycred","11":"member-discount","12":"discount-restricted","14":"first","15":"instock","16":"sale","17":"downloadable","18":"virtual","19":"sold-individually","20":"purchasable","21":"product-type-simple"},"_links":{"self":[{"href":"https:\/\/gpl-love.com\/es\/wp-json\/wp\/v2\/product\/116112","targetHints":{"allow":["GET"]}}],"collection":[{"href":"https:\/\/gpl-love.com\/es\/wp-json\/wp\/v2\/product"}],"about":[{"href":"https:\/\/gpl-love.com\/es\/wp-json\/wp\/v2\/types\/product"}],"replies":[{"embeddable":true,"href":"https:\/\/gpl-love.com\/es\/wp-json\/wp\/v2\/comments?post=116112"}],"wp:featuredmedia":[{"embeddable":true,"href":"https:\/\/gpl-love.com\/es\/wp-json\/wp\/v2\/media\/166870"}],"wp:attachment":[{"href":"https:\/\/gpl-love.com\/es\/wp-json\/wp\/v2\/media?parent=116112"}],"wp:term":[{"taxonomy":"product_brand","embeddable":true,"href":"https:\/\/gpl-love.com\/es\/wp-json\/wp\/v2\/product_brand?post=116112"},{"taxonomy":"product_cat","embeddable":true,"href":"https:\/\/gpl-love.com\/es\/wp-json\/wp\/v2\/product_cat?post=116112"},{"taxonomy":"product_tag","embeddable":true,"href":"https:\/\/gpl-love.com\/es\/wp-json\/wp\/v2\/product_tag?post=116112"}],"curies":[{"name":"wp","href":"https:\/\/api.w.org\/{rel}","templated":true}]}}