{"id":116110,"date":"2025-08-08T00:00:00","date_gmt":"2025-08-08T05:00:00","guid":{"rendered":"http:\/\/gpl-love.com\/es\/?post_type=product&#038;p=116110"},"modified":"2026-04-10T11:17:33","modified_gmt":"2026-04-10T16:17:33","slug":"mycred-notifications-plus-add-on","status":"publish","type":"product","link":"https:\/\/gpl-love.com\/es\/producto\/mycred-notifications-plus-add-on\/","title":{"rendered":"myCred Notifications Plus Addon 3.1"},"content":{"rendered":"<h3>myCred Notifications Plus Addon Caracteristicas<\/h3>\n<p>Las notificaciones MyCred Plus se suman, una herramienta altamente formidable, mejora en gran medida las capacidades del complemento MyCred integrando la funcionalidad de notificaci\u00f3n. Mediante este complemento, los usuarios poseen la capacidad de modificar notificaciones personalizadas que informan efectivamente a su audiencia de una variedad de eventos, que abarca el contenido novedoso, los logros o las recompensas. Estas notificaciones se pueden difundir a trav\u00e9s de la correspondencia por correo electr\u00f3nico o mostr\u00e1ndolas prominentemente en la p\u00e1gina del perfil del usuario, facilitando as\u00ed el mantenimiento de la participaci\u00f3n y la motivaci\u00f3n del usuario. Adem\u00e1s, el complemento de las caracter\u00edsticas avanzadas, como acomodar m\u00faltiples idiomas y permitir la personalizaci\u00f3n de plantillas, lo que permite a los usuarios adaptar sus notificaciones de acuerdo con sus requisitos individualizados. Independientemente de si uno opera un sitio de membres\u00eda, una plataforma de aprendizaje electr\u00f3nico o un programa de recompensas, la adquisici\u00f3n de las notificaciones MyCred m\u00e1s adjuntos es inequ\u00edvocamente indispensable para la facilitaci\u00f3n de la participaci\u00f3n mejorada del usuario y la promoci\u00f3n de la retenci\u00f3n de los usuarios.<\/p>\n<ul>\n<li>Agrega opciones de notificaci\u00f3n avanzada al complemento MyCred<\/li>\n<li>Plantillas de correo electr\u00f3nico personalizables para notificaciones<\/li>\n<li>Capacidad para enviar notificaciones a m\u00faltiples destinatarios<\/li>\n<li>Activar notificaciones basadas en acciones o hitos espec\u00edficos del usuario<\/li>\n<li>Soporte para m\u00faltiples idiomas<\/li>\n<li>Compatible con la \u00faltima versi\u00f3n de WordPress y MyCred Plugin<\/li>\n<li>Interfaz f\u00e1cil de usar para una f\u00e1cil configuraci\u00f3n y gesti\u00f3n de notificaciones<\/li>\n<li>Acceso a la atenci\u00f3n al cliente prioritaria para cualquier problema o pregunta<\/li>\n<li>Opci\u00f3n para programar notificaciones para fechas y tiempos espec\u00edficos.<\/li>\n<\/ul>\n","protected":false},"excerpt":{"rendered":"<p>Las notificaciones MyCred Plus Add On, que es una herramienta poderosa desarrollada espec\u00edficamente para el complemento de WordPress ampliamente utilizado MyCred, ofrece a los usuarios la notable capacidad de recibir notificaciones y actualizaciones altamente personalizadas relacionadas con sus cuentas, puntos y logros de MyCred. Convenientemente entregado por correo electr\u00f3nico o SMS. Al aprovechar las funcionalidades proporcionadas por este complemento, los usuarios est\u00e1n facultados para permanecer sin problemas actualizados y bien informados sobre su actividad mided, facilitando as\u00ed su capacidad de participar activamente y mantener su motivaci\u00f3n para acumular continuamente puntos y cosechar las recompensas asociadas. En consecuencia, las notificaciones MyCred Plus Adds emergen como un instrumento indispensable e invaluable para todas las personas que se esfuerzan por optimizar su experiencia MICRED y maximizar efectivamente los beneficios derivados de su programa de recompensas.<\/p>\n","protected":false},"featured_media":166857,"comment_status":"open","ping_status":"open","template":"","meta":[],"product_brand":[2503],"product_cat":[1214,1206,1211],"product_tag":[2187],"class_list":{"0":"post-116110","1":"product","2":"type-product","3":"status-publish","4":"has-post-thumbnail","6":"product_brand-mycred","7":"product_cat-personalizacion","8":"product_cat-plugins","9":"product_cat-wordpress-plugins","10":"product_tag-mycred","11":"member-discount","12":"discount-restricted","14":"first","15":"instock","16":"sale","17":"downloadable","18":"virtual","19":"sold-individually","20":"purchasable","21":"product-type-simple"},"_links":{"self":[{"href":"https:\/\/gpl-love.com\/es\/wp-json\/wp\/v2\/product\/116110","targetHints":{"allow":["GET"]}}],"collection":[{"href":"https:\/\/gpl-love.com\/es\/wp-json\/wp\/v2\/product"}],"about":[{"href":"https:\/\/gpl-love.com\/es\/wp-json\/wp\/v2\/types\/product"}],"replies":[{"embeddable":true,"href":"https:\/\/gpl-love.com\/es\/wp-json\/wp\/v2\/comments?post=116110"}],"wp:featuredmedia":[{"embeddable":true,"href":"https:\/\/gpl-love.com\/es\/wp-json\/wp\/v2\/media\/166857"}],"wp:attachment":[{"href":"https:\/\/gpl-love.com\/es\/wp-json\/wp\/v2\/media?parent=116110"}],"wp:term":[{"taxonomy":"product_brand","embeddable":true,"href":"https:\/\/gpl-love.com\/es\/wp-json\/wp\/v2\/product_brand?post=116110"},{"taxonomy":"product_cat","embeddable":true,"href":"https:\/\/gpl-love.com\/es\/wp-json\/wp\/v2\/product_cat?post=116110"},{"taxonomy":"product_tag","embeddable":true,"href":"https:\/\/gpl-love.com\/es\/wp-json\/wp\/v2\/product_tag?post=116110"}],"curies":[{"name":"wp","href":"https:\/\/api.w.org\/{rel}","templated":true}]}}