{"id":116108,"date":"2025-08-09T00:00:00","date_gmt":"2025-08-09T05:00:00","guid":{"rendered":"http:\/\/gpl-love.com\/es\/?post_type=product&#038;p=116108"},"modified":"2026-04-10T11:17:40","modified_gmt":"2026-04-10T16:17:40","slug":"mycred-video-add-on-for-jw-player","status":"publish","type":"product","link":"https:\/\/gpl-love.com\/es\/producto\/mycred-video-add-on-for-jw-player\/","title":{"rendered":"myCred Video Add on For JW Player 1.1.4"},"content":{"rendered":"<h3>myCred Video Add on For JW Player Caracteristicas<\/h3>\n<p>El Video MyCred Adeccione para JW Player es una herramienta excepcional que ofrece a los usuarios la oportunidad de incorporar elementos de gamificaci\u00f3n en su contenido de video, mejorando as\u00ed la experiencia general. Este complemento se integra perfectamente con el jugador JW inmensamente popular, lo que otorga a los usuarios acceso a una plataforma altamente personalizable y confiable capaz de aumentar significativamente las tasas de compromiso y retenci\u00f3n. A trav\u00e9s de la adici\u00f3n de video MyCred, los usuarios pueden proporcionar a los espectadores puntos, insignias y varias monedas virtuales como recompensas para interactuar con sus videos, compartir dichos videos en plataformas de redes sociales o completar con \u00e9xito acciones espec\u00edficas. Este complemento inmensamente poderoso es particularmente adecuado para editores, creadores de contenido y vendedores que desean mejorar su contenido de video infundi\u00e9ndolo con elementos de gamificaci\u00f3n y, por lo tanto, elevar sus niveles de compromiso. Dado su proceso de instalaci\u00f3n perfecta, la interfaz f\u00e1cil de usar y la amplia gama de opciones, el video adem\u00e1s de MyCred es realmente indispensable para cualquier negocio que se esfuerce por impulsar su contenido de video a alturas sin precedentes.<\/p>\n<ul>\n<li>Integra perfectamente MyCred en JW Player para recompensas de cr\u00e9dito f\u00e1ciles en el video<\/li>\n<li>Configuraci\u00f3n e instalaci\u00f3n f\u00e1ciles sin codificaci\u00f3n requerida<\/li>\n<li>Recompensas de puntos personalizables para finalizar el video, pausa y otras acciones<\/li>\n<li>Admite vimeo y videos autohospedados<\/li>\n<li>Compatible con versiones gratuitas y premium de JW Player<\/li>\n<li>Proporciona an\u00e1lisis sobre la participaci\u00f3n del usuario y el uso de cr\u00e9dito<\/li>\n<li>Permite una integraci\u00f3n perfecta con otros complementos MyCred y complementos de WordPress<\/li>\n<li>Proporciona una experiencia f\u00e1cil de usar y atractiva para los espectadores de videos<\/li>\n<li>Ayuda a aumentar la participaci\u00f3n del usuario y fomentar la repetici\u00f3n de videos<\/li>\n<li>Proporciona una forma \u00fanica y divertida de recompensar a los usuarios por su compromiso con su contenido.<\/li>\n<\/ul>\n","protected":false},"excerpt":{"rendered":"<p>El video de MyCred se suma para JW Player surge como una herramienta innovadora e inventiva dise\u00f1ada para permitir a los propietarios de sitios web otorgar puntos MyCred a sus estimados usuarios a cambio de su precioso tiempo dedicado a ver videos en su sitio web. Al integrarse sin problemas con JW Player, este complemento extraordinario ofrece un medio perfecto y sin esfuerzo de monitorear y remunerar meticulosamente a los usuarios por su inquebrantable devoci\u00f3n al consumo de video, reproduciendo as\u00ed un papel instrumental en elevar la participaci\u00f3n del usuario y fomentar la retenci\u00f3n de usuarios. Adem\u00e1s, su funcionalidad excepcional abarca la facilitaci\u00f3n de anuncios de pre-roll, lo que brinda a los propietarios de sitios web v\u00edas complementarias para la monetizaci\u00f3n, impulsando en \u00faltima instancia sus ingresos a alturas sin precedentes. Dada su capacidad inigualable para infundir el reino cautivador de la gamificaci\u00f3n en el contenido de video al tiempo que cataliza simult\u00e1neamente la actividad del usuario en los sitios web, se hace evidente evidentemente que el video MyCred se suma para JW Player se destaca como una panacea innegable para las personas que anhelan revolucionar sus plataformas en l\u00ednea.<\/p>\n","protected":false},"featured_media":166869,"comment_status":"open","ping_status":"open","template":"","meta":[],"product_brand":[2503],"product_cat":[1214,1206,1211],"product_tag":[2187],"class_list":{"0":"post-116108","1":"product","2":"type-product","3":"status-publish","4":"has-post-thumbnail","6":"product_brand-mycred","7":"product_cat-personalizacion","8":"product_cat-plugins","9":"product_cat-wordpress-plugins","10":"product_tag-mycred","11":"member-discount","12":"discount-restricted","14":"first","15":"instock","16":"sale","17":"downloadable","18":"virtual","19":"sold-individually","20":"purchasable","21":"product-type-simple"},"_links":{"self":[{"href":"https:\/\/gpl-love.com\/es\/wp-json\/wp\/v2\/product\/116108","targetHints":{"allow":["GET"]}}],"collection":[{"href":"https:\/\/gpl-love.com\/es\/wp-json\/wp\/v2\/product"}],"about":[{"href":"https:\/\/gpl-love.com\/es\/wp-json\/wp\/v2\/types\/product"}],"replies":[{"embeddable":true,"href":"https:\/\/gpl-love.com\/es\/wp-json\/wp\/v2\/comments?post=116108"}],"wp:featuredmedia":[{"embeddable":true,"href":"https:\/\/gpl-love.com\/es\/wp-json\/wp\/v2\/media\/166869"}],"wp:attachment":[{"href":"https:\/\/gpl-love.com\/es\/wp-json\/wp\/v2\/media?parent=116108"}],"wp:term":[{"taxonomy":"product_brand","embeddable":true,"href":"https:\/\/gpl-love.com\/es\/wp-json\/wp\/v2\/product_brand?post=116108"},{"taxonomy":"product_cat","embeddable":true,"href":"https:\/\/gpl-love.com\/es\/wp-json\/wp\/v2\/product_cat?post=116108"},{"taxonomy":"product_tag","embeddable":true,"href":"https:\/\/gpl-love.com\/es\/wp-json\/wp\/v2\/product_tag?post=116108"}],"curies":[{"name":"wp","href":"https:\/\/api.w.org\/{rel}","templated":true}]}}