{"id":116106,"date":"2024-02-07T00:00:00","date_gmt":"2024-02-07T05:00:00","guid":{"rendered":"http:\/\/gpl-love.com\/es\/?post_type=product&#038;p=116106"},"modified":"2026-04-10T11:17:28","modified_gmt":"2026-04-10T16:17:28","slug":"mycred-email-digest","status":"publish","type":"product","link":"https:\/\/gpl-love.com\/es\/producto\/mycred-email-digest\/","title":{"rendered":"myCred Email Digest 1.1.3"},"content":{"rendered":"<h3>myCred Email Digest Caracteristicas<\/h3>\n<p>El correo electr\u00f3nico de MyCred Digest es una herramienta incre\u00edblemente poderosa y altamente beneficiosa que sirve para ayudarlo a realizar un seguimiento de su equilibrio de puntos MyCred y su actividad general. Este complemento particular asume la responsabilidad de enviarle un resumen completo e integral de su cuenta MyCred por correo electr\u00f3nico diariamente, semanalmente o incluso mensualmente, lo que le otorga la capacidad de permanecer bien informado y actualizado Sobre su progreso y las diversas recompensas que ha tenido la suerte de alcanzar. A trav\u00e9s de la utilizaci\u00f3n de la digesti\u00f3n de correo electr\u00f3nico MyCred, se le proporciona la incre\u00edble ventaja de poder discernir sin esfuerzo y r\u00e1pidamente la cantidad precisa de puntos que ha acumulado con \u00e9xito, junto con obtener una comprensi\u00f3n integral de las actividades espec\u00edficas que han contribuido al aumento del aumento de su puntaje, adem\u00e1s de obtener una descripci\u00f3n completa de todas y cada una de las recompensas que se le haya otorgado. Es absolutamente esencial para las personas que poseen el deseo de mantener el control de su cuenta millada y maximizar el m\u00e1ximo potencial de sus recompensas. Adem\u00e1s, su instalaci\u00f3n y su posterior personalizaci\u00f3n para cumplir con sus preferencias \u00fanicas es un proceso incre\u00edblemente sencillo y f\u00e1cil de usar, asegurando que pueda recuperar la informaci\u00f3n que necesita con precisi\u00f3n cuando sea necesario.<\/p>\n<ul>\n<li>Env\u00eda digestiones de correo electr\u00f3nico diarias o semanales a usuarios de MyCred<\/li>\n<li>Contenido personalizado basado en la actividad MyCred del usuario<\/li>\n<li>Proporciona una instant\u00e1nea de puntos, rangos e insignias de MyCred.<\/li>\n<li>Incluye notificaciones sobre los pr\u00f3ximos eventos y oportunidades de MyCred.<\/li>\n<li>Se puede personalizar con plantillas de marca para que coincidan con el sitio web o el tema comercial<\/li>\n<li>Opci\u00f3n para agregar botones o enlaces de llamada a acci\u00f3n para una mayor participaci\u00f3n del usuario<\/li>\n<li>Panel de control f\u00e1cil de usar para programar la entrega, seleccionar contenido y administrar usuarios<\/li>\n<li>Funciona con todos los sitios y complementos de WordPress respaldados por MyCred<\/li>\n<li>Ofrece planes de precios flexibles y atenci\u00f3n al cliente<\/li>\n<\/ul>\n","protected":false},"excerpt":{"rendered":"<p>El complemento MyCred Email Digest es una herramienta eficiente que permite la entrega de res\u00famenes de correo electr\u00f3nico relacionados con la actividad de puntos MyCred en su sitio web. Estos res\u00famenes se pueden enviar diariamente, semanalmente o mensualmente, lo que garantiza que sus suscriptores se mantengan bien informados sobre su progreso, la actividad general del sitio y cualquier evento futuros. Al utilizar este complemento, puede mantener efectivamente los niveles de compromiso de sus usuarios y proporcionarles actualizaciones regulares. Ya sea que su sitio web opera un programa de recompensas, funciona como una plataforma gamificada o sirve como una red social, el complemento MyCred Email Digest demuestra ser una soluci\u00f3n ideal para fomentar la motivaci\u00f3n y la participaci\u00f3n activa entre su base de usuarios. Aproveche esta oportunidad ahora y presencie el impacto positivo que puede tener en su comunidad.<\/p>\n","protected":false},"featured_media":166850,"comment_status":"open","ping_status":"open","template":"","meta":[],"product_brand":[2503],"product_cat":[1214,1206,1211],"product_tag":[2187],"class_list":{"0":"post-116106","1":"product","2":"type-product","3":"status-publish","4":"has-post-thumbnail","6":"product_brand-mycred","7":"product_cat-personalizacion","8":"product_cat-plugins","9":"product_cat-wordpress-plugins","10":"product_tag-mycred","11":"member-discount","12":"discount-restricted","14":"first","15":"instock","16":"sale","17":"downloadable","18":"virtual","19":"sold-individually","20":"purchasable","21":"product-type-simple"},"_links":{"self":[{"href":"https:\/\/gpl-love.com\/es\/wp-json\/wp\/v2\/product\/116106","targetHints":{"allow":["GET"]}}],"collection":[{"href":"https:\/\/gpl-love.com\/es\/wp-json\/wp\/v2\/product"}],"about":[{"href":"https:\/\/gpl-love.com\/es\/wp-json\/wp\/v2\/types\/product"}],"replies":[{"embeddable":true,"href":"https:\/\/gpl-love.com\/es\/wp-json\/wp\/v2\/comments?post=116106"}],"wp:featuredmedia":[{"embeddable":true,"href":"https:\/\/gpl-love.com\/es\/wp-json\/wp\/v2\/media\/166850"}],"wp:attachment":[{"href":"https:\/\/gpl-love.com\/es\/wp-json\/wp\/v2\/media?parent=116106"}],"wp:term":[{"taxonomy":"product_brand","embeddable":true,"href":"https:\/\/gpl-love.com\/es\/wp-json\/wp\/v2\/product_brand?post=116106"},{"taxonomy":"product_cat","embeddable":true,"href":"https:\/\/gpl-love.com\/es\/wp-json\/wp\/v2\/product_cat?post=116106"},{"taxonomy":"product_tag","embeddable":true,"href":"https:\/\/gpl-love.com\/es\/wp-json\/wp\/v2\/product_tag?post=116106"}],"curies":[{"name":"wp","href":"https:\/\/api.w.org\/{rel}","templated":true}]}}