{"id":116102,"date":"2025-08-09T00:00:00","date_gmt":"2025-08-09T05:00:00","guid":{"rendered":"http:\/\/gpl-love.com\/es\/?post_type=product&#038;p=116102"},"modified":"2026-04-10T11:17:34","modified_gmt":"2026-04-10T16:17:34","slug":"mycred-points-cap","status":"publish","type":"product","link":"https:\/\/gpl-love.com\/es\/producto\/mycred-points-cap\/","title":{"rendered":"myCred Points Cap 1.1.4"},"content":{"rendered":"<h3>myCred Points Cap Caracteristicas<\/h3>\n<p>El l\u00edmite de puntos MyCred es una herramienta incre\u00edblemente valiosa e indispensable para administrar y ejercer control sobre los puntos que los usuarios acumulan en su estimado sitio web. Al utilizar esta poderosa herramienta, se le otorga la capacidad de establecer un umbral superior o l\u00edmite en la magnitud de los puntos que puede ser ganado por un usuario en particular, garantizando as\u00ed la preservaci\u00f3n de un sistema de puntos equitativo y bien equilibrado. Esta caracter\u00edstica inmensamente ventajosa sirve para impedir que cualquier usuario solo acumule una cantidad exorbitante de puntos, un escenario que inevitablemente les otorgar\u00eda una ventaja injustificable e injusta sobre sus compa\u00f1eros usuarios. Es inequ\u00edvocamente evidente que el l\u00edmite de puntos MyCred representa un complemento absolutamente indispensable para cualquier sitio web que haya adoptado el empleo de un sistema de puntos, dada la provisi\u00f3n de un enfoque de usuarios, simplificado y notablemente eficaz para la administraci\u00f3n y perpetuaci\u00f3n de los puntos que Manteniendo simult\u00e1neamente los principios de equidad e imparcialidad.<\/p>\n<ul>\n<li>Limita el n\u00famero de puntos MyCred que un usuario puede ganar o pasar dentro de un per\u00edodo de tiempo determinado<\/li>\n<li>Ofrece flexibilidad al permitir la personalizaci\u00f3n del per\u00edodo de tiempo para el l\u00edmite, como diario, semanal o mensual<\/li>\n<li>Ayuda a administrar los gastos del programa de recompensas evitando el acaparamiento de puntos o el gasto excesivo<\/li>\n<li>Proporciona una comunicaci\u00f3n clara a los usuarios sobre su potencial de ganancia y gasto<\/li>\n<li>Ofrece una interfaz f\u00e1cil de usar con f\u00e1cil configuraci\u00f3n y ajustes<\/li>\n<li>Compatible con varios complementos y complementos MyCred para una integraci\u00f3n perfecta en su sitio web o aplicaci\u00f3n.<\/li>\n<\/ul>\n","protected":false},"excerpt":{"rendered":"<p>La herramienta MyCred Points Cap es un recurso incre\u00edblemente robusto y efectivo que le permite establecer y hacer cumplir los l\u00edmites con respecto a la cantidad de puntos que las personas pueden acumular o utilizar durante un plazo designado. Este complemento le otorga la capacidad perfecta para administrar y supervisar efectivamente su programa de recompensas mediante la implementaci\u00f3n de restricciones sobre la acumulaci\u00f3n, la redenci\u00f3n y la transferencia de puntos. Al incorporar esta caracter\u00edstica distintiva en su plataforma, usted garantiza que su sistema de puntos permanezca equitativo, bien equilibrado y sostenible, todo mientras fomenta activamente una mayor interacci\u00f3n y participaci\u00f3n del usuario en su sitio web y comunidad. Independientemente de si opera un establecimiento minorista en l\u00ednea, una plataforma orientada a la membres\u00eda o una red social floreciente, el l\u00edmite de puntos MyCred es, sin duda, la soluci\u00f3n ideal para optimizar y optimizar la funcionalidad y la efectividad de su programa de recompensas.<\/p>\n","protected":false},"featured_media":166859,"comment_status":"open","ping_status":"open","template":"","meta":[],"product_brand":[2503],"product_cat":[1214,1206,1211],"product_tag":[2187],"class_list":{"0":"post-116102","1":"product","2":"type-product","3":"status-publish","4":"has-post-thumbnail","6":"product_brand-mycred","7":"product_cat-personalizacion","8":"product_cat-plugins","9":"product_cat-wordpress-plugins","10":"product_tag-mycred","11":"member-discount","12":"discount-restricted","14":"first","15":"instock","16":"sale","17":"downloadable","18":"virtual","19":"sold-individually","20":"purchasable","21":"product-type-simple"},"_links":{"self":[{"href":"https:\/\/gpl-love.com\/es\/wp-json\/wp\/v2\/product\/116102","targetHints":{"allow":["GET"]}}],"collection":[{"href":"https:\/\/gpl-love.com\/es\/wp-json\/wp\/v2\/product"}],"about":[{"href":"https:\/\/gpl-love.com\/es\/wp-json\/wp\/v2\/types\/product"}],"replies":[{"embeddable":true,"href":"https:\/\/gpl-love.com\/es\/wp-json\/wp\/v2\/comments?post=116102"}],"wp:featuredmedia":[{"embeddable":true,"href":"https:\/\/gpl-love.com\/es\/wp-json\/wp\/v2\/media\/166859"}],"wp:attachment":[{"href":"https:\/\/gpl-love.com\/es\/wp-json\/wp\/v2\/media?parent=116102"}],"wp:term":[{"taxonomy":"product_brand","embeddable":true,"href":"https:\/\/gpl-love.com\/es\/wp-json\/wp\/v2\/product_brand?post=116102"},{"taxonomy":"product_cat","embeddable":true,"href":"https:\/\/gpl-love.com\/es\/wp-json\/wp\/v2\/product_cat?post=116102"},{"taxonomy":"product_tag","embeddable":true,"href":"https:\/\/gpl-love.com\/es\/wp-json\/wp\/v2\/product_tag?post=116102"}],"curies":[{"name":"wp","href":"https:\/\/api.w.org\/{rel}","templated":true}]}}