{"id":116100,"date":"2025-08-09T00:00:00","date_gmt":"2025-08-09T05:00:00","guid":{"rendered":"http:\/\/gpl-love.com\/es\/?post_type=product&#038;p=116100"},"modified":"2026-04-10T11:17:29","modified_gmt":"2026-04-10T16:17:29","slug":"mycred-expiration-add-on","status":"publish","type":"product","link":"https:\/\/gpl-love.com\/es\/producto\/mycred-expiration-add-on\/","title":{"rendered":"myCred Expiration Addon 1.3.3"},"content":{"rendered":"<h3>myCred Expiration Addon Caracteristicas<\/h3>\n<p>El complemento de vencimiento de MyCred, una herramienta muy potente, permite a los propietarios de sitios web establecer una fecha de vencimiento para los puntos obtenidos por sus usuarios. Al hacerlo, esta caracter\u00edstica garantiza la preservaci\u00f3n de la equidad e integridad dentro del programa de recompensas, ya que evita efectivamente que los usuarios acumulen indefinidamente sus puntos. A trav\u00e9s de la utilizaci\u00f3n de este complemento, los propietarios de sitios web tienen la capacidad de designar una fecha espec\u00edfica en la que los puntos acumulados de un usuario se volver\u00e1n nulos y nulos. Adem\u00e1s, tienen la opci\u00f3n de configurar notificaciones automatizadas que sirven como recordatorios oportunos para los usuarios con respecto a la fecha de vencimiento inminente. Este complemento sirve como un m\u00e9todo excepcional para incentivar a los usuarios a utilizar sus puntos acumulados, contribuyendo en \u00faltima instancia a un mayor compromiso y fomentar la lealtad. Al incorporar el complemento de vencimiento de MyCred, los propietarios de sitios web pueden personalizar a\u00fan m\u00e1s su programa de recompensas, lo que resulta en la entrega de una experiencia m\u00e1s personalizada para sus usuarios.<\/p>\n<ul>\n<li>Agrega la capacidad de establecer fechas de vencimiento para los puntos MyCred<\/li>\n<li>Permite la eliminaci\u00f3n autom\u00e1tica de los puntos vencidos<\/li>\n<li>Proporciona un mayor control sobre el uso de puntos y la gesti\u00f3n<\/li>\n<li>Admite m\u00faltiples reglas de vencimiento para diferentes tipos de puntos o roles de usuario<\/li>\n<li>Se puede integrar f\u00e1cilmente con las instalaciones myCred existentes<\/li>\n<li>Ayuda a fomentar la redenci\u00f3n oportuna de puntos y el compromiso con su sitio<\/li>\n<li>Reduce el riesgo de que los usuarios acaparan los puntos indefinidamente<\/li>\n<li>Proporciona una herramienta valiosa para programas de fidelizaci\u00f3n, sistemas de recompensas y otras iniciativas basadas en puntos<\/li>\n<li>Interfaz simple y f\u00e1cil de usar para administrar la configuraci\u00f3n de vencimiento<\/li>\n<li>Extremadamente confiable y estable, con un impacto de rendimiento m\u00ednimo en su sitio.<\/li>\n<\/ul>\n","protected":false},"excerpt":{"rendered":"<p>El complemento de vencimiento MyCred, dise\u00f1ado espec\u00edficamente para sitios web de WordPress, ofrece una variedad de caracter\u00edsticas din\u00e1micas que le permiten establecer y hacer cumplir las fechas de vencimiento sin esfuerzo para los puntos MyCred. Al utilizar este complemento excepcional, obtiene un control completo sobre la vida \u00fatil de los puntos de sus usuarios, fomentando as\u00ed una sensaci\u00f3n de urgencia e incentivando la utilizaci\u00f3n r\u00e1pida. Ya sea que opte por un per\u00edodo de tiempo fijo u opte por activar la cadena despu\u00e9s de un n\u00famero espec\u00edfico de d\u00edas despu\u00e9s de la creaci\u00f3n del punto, el suministro de vencimiento myCred permite una flexibilidad incomparable. Adem\u00e1s, esta notable herramienta le permite enviar notificaciones personalizadas a sus estimados usuarios, notific\u00e1ndoles efectivamente antes de que sus valiosos puntos experimenten. En consecuencia, esta capa adicional de comunicaci\u00f3n sirve como un catalizador atractivo, motivando a los usuarios a utilizar r\u00e1pidamente sus puntos. En esencia, la expiraci\u00f3n MyCred se suma inequ\u00edvocamente como un activo indispensable para cualquier sitio web que se basa en puntos MyCred, ya que de manera efectiva engendra la participaci\u00f3n del usuario y impulsa la actividad general del usuario.<\/p>\n","protected":false},"featured_media":166851,"comment_status":"open","ping_status":"open","template":"","meta":[],"product_brand":[2503],"product_cat":[1214,1206,1211],"product_tag":[2187],"class_list":{"0":"post-116100","1":"product","2":"type-product","3":"status-publish","4":"has-post-thumbnail","6":"product_brand-mycred","7":"product_cat-personalizacion","8":"product_cat-plugins","9":"product_cat-wordpress-plugins","10":"product_tag-mycred","11":"member-discount","12":"discount-restricted","14":"first","15":"instock","16":"sale","17":"downloadable","18":"virtual","19":"sold-individually","20":"purchasable","21":"product-type-simple"},"_links":{"self":[{"href":"https:\/\/gpl-love.com\/es\/wp-json\/wp\/v2\/product\/116100","targetHints":{"allow":["GET"]}}],"collection":[{"href":"https:\/\/gpl-love.com\/es\/wp-json\/wp\/v2\/product"}],"about":[{"href":"https:\/\/gpl-love.com\/es\/wp-json\/wp\/v2\/types\/product"}],"replies":[{"embeddable":true,"href":"https:\/\/gpl-love.com\/es\/wp-json\/wp\/v2\/comments?post=116100"}],"wp:featuredmedia":[{"embeddable":true,"href":"https:\/\/gpl-love.com\/es\/wp-json\/wp\/v2\/media\/166851"}],"wp:attachment":[{"href":"https:\/\/gpl-love.com\/es\/wp-json\/wp\/v2\/media?parent=116100"}],"wp:term":[{"taxonomy":"product_brand","embeddable":true,"href":"https:\/\/gpl-love.com\/es\/wp-json\/wp\/v2\/product_brand?post=116100"},{"taxonomy":"product_cat","embeddable":true,"href":"https:\/\/gpl-love.com\/es\/wp-json\/wp\/v2\/product_cat?post=116100"},{"taxonomy":"product_tag","embeddable":true,"href":"https:\/\/gpl-love.com\/es\/wp-json\/wp\/v2\/product_tag?post=116100"}],"curies":[{"name":"wp","href":"https:\/\/api.w.org\/{rel}","templated":true}]}}