{"id":116096,"date":"2024-10-21T00:00:00","date_gmt":"2024-10-21T05:00:00","guid":{"rendered":"http:\/\/gpl-love.com\/es\/?post_type=product&#038;p=116096"},"modified":"2026-03-09T07:52:36","modified_gmt":"2026-03-09T12:52:36","slug":"mycred-progress-bar-add-on","status":"publish","type":"product","link":"https:\/\/gpl-love.com\/es\/producto\/mycred-progress-bar-add-on\/","title":{"rendered":"myCred Progress Bar Addon 1.3.5"},"content":{"rendered":"<h3>myCred Progress Bar Addon Caracteristicas<\/h3>\n<p>La barra de progreso de MyCred, una herramienta altamente eficiente y efectiva, permite a los usuarios mostrar su progreso y logros de manera cautivadora e interactiva. Este complemento permite a los usuarios dise\u00f1ar barras de progreso personalizadas que supervisen de manera competente su avance hacia objetivos o elogios espec\u00edficos, e incluso pueden establecer una conexi\u00f3n entre estos objetivos e incentivos o recompensas. Las barras de progreso en s\u00ed mismas ofrecen flexibilidad completa en t\u00e9rminos de personalizaci\u00f3n, otorgando a los usuarios la capacidad de modificar colores, estilos y animaciones para alinearse perfectamente con su marca o dise\u00f1o de sitios web. Adem\u00e1s, la barra de progreso de MyCred se suma a la perfecci\u00f3n con el complemento MyCred, facilitando a los usuarios en el seguimiento de su progreso a trav\u00e9s de m\u00faltiples plataformas y obteniendo puntos o recompensas por sus logros sobresalientes. Ya sea que su intenci\u00f3n sea motivar a los usuarios a completar las tareas, monitorear el progreso hacia un objetivo predeterminado o simplemente mejorar el compromiso en su sitio web, la barra de progreso MyCred adquiere una herramienta indispensable para cualquier usuario de WordPress.<\/p>\n<ul>\n<li>Agrega una barra de progreso visualmente atractiva a su sitio de WordPress de motor mdcred<\/li>\n<li>Ayuda a motivar a los visitantes del sitio a ganar m\u00e1s puntos al rastrear el progreso hacia sus objetivos<\/li>\n<li>La configuraci\u00f3n altamente personalizable le permite elegir los colores, etiquetas y estilo de su barra de progreso<\/li>\n<li>Instalaci\u00f3n e integraci\u00f3n f\u00e1cil con su configuraci\u00f3n MyCred existente<\/li>\n<li>Compatible con una amplia gama de temas y complementos de WordPress<\/li>\n<li>Se puede utilizar para rastrear el progreso hacia cualquier objetivo, como completar una encuesta o alcanzar un cierto nivel en un juego<\/li>\n<li>Incluye documentaci\u00f3n detallada y apoyo del equipo de MyCred<\/li>\n<\/ul>\n","protected":false},"excerpt":{"rendered":"<p>La barra de progreso de MyCred se suma, que sirve como un instrumento ideal para monitorear y exhibir de manera efectiva el avance de sus estimados usuarios de acuerdo con los puntos que han acumulado, cuenta con una interfaz f\u00e1cil de usar y la capacidad de adaptar su dise\u00f1o para su dise\u00f1o espec\u00edfico preferencias. Este notable complemento de los amalgamados sin esfuerzo con su complemento MyCred, lo que permite a los usuarios obtener informaci\u00f3n sobre su equilibrio de puntos existente, as\u00ed como comprender la cantidad precisa de puntos necesarios para ascender al nivel posterior de gratificaci\u00f3n. En consecuencia, al incorporar la barra de progreso MyCred, puede mantener efectivamente la participaci\u00f3n y motivaci\u00f3n de sus valiosos usuarios para acumular continuamente un n\u00famero cada vez mayor de puntos.<\/p>\n","protected":false},"featured_media":166860,"comment_status":"open","ping_status":"open","template":"","meta":[],"product_brand":[2503],"product_cat":[1214,1206,1211],"product_tag":[2187],"class_list":{"0":"post-116096","1":"product","2":"type-product","3":"status-publish","4":"has-post-thumbnail","6":"product_brand-mycred","7":"product_cat-personalizacion","8":"product_cat-plugins","9":"product_cat-wordpress-plugins","10":"product_tag-mycred","11":"member-discount","12":"discount-restricted","14":"first","15":"instock","16":"sale","17":"downloadable","18":"virtual","19":"sold-individually","20":"purchasable","21":"product-type-simple"},"_links":{"self":[{"href":"https:\/\/gpl-love.com\/es\/wp-json\/wp\/v2\/product\/116096","targetHints":{"allow":["GET"]}}],"collection":[{"href":"https:\/\/gpl-love.com\/es\/wp-json\/wp\/v2\/product"}],"about":[{"href":"https:\/\/gpl-love.com\/es\/wp-json\/wp\/v2\/types\/product"}],"replies":[{"embeddable":true,"href":"https:\/\/gpl-love.com\/es\/wp-json\/wp\/v2\/comments?post=116096"}],"wp:featuredmedia":[{"embeddable":true,"href":"https:\/\/gpl-love.com\/es\/wp-json\/wp\/v2\/media\/166860"}],"wp:attachment":[{"href":"https:\/\/gpl-love.com\/es\/wp-json\/wp\/v2\/media?parent=116096"}],"wp:term":[{"taxonomy":"product_brand","embeddable":true,"href":"https:\/\/gpl-love.com\/es\/wp-json\/wp\/v2\/product_brand?post=116096"},{"taxonomy":"product_cat","embeddable":true,"href":"https:\/\/gpl-love.com\/es\/wp-json\/wp\/v2\/product_cat?post=116096"},{"taxonomy":"product_tag","embeddable":true,"href":"https:\/\/gpl-love.com\/es\/wp-json\/wp\/v2\/product_tag?post=116096"}],"curies":[{"name":"wp","href":"https:\/\/api.w.org\/{rel}","templated":true}]}}