{"id":116094,"date":"2025-08-09T00:00:00","date_gmt":"2025-08-09T05:00:00","guid":{"rendered":"http:\/\/gpl-love.com\/es\/?post_type=product&#038;p=116094"},"modified":"2026-04-10T11:17:39","modified_gmt":"2026-04-10T16:17:39","slug":"mycred-social-share-add-on","status":"publish","type":"product","link":"https:\/\/gpl-love.com\/es\/producto\/mycred-social-share-add-on\/","title":{"rendered":"myCred Social Share Addon 1.4.9.1"},"content":{"rendered":"<h3>myCred Social Share Addon Caracteristicas<\/h3>\n<p>El suministro social de MyCred, un instrumento altamente eficaz dise\u00f1ado meticulosamente para facilitar a los usuarios a mejorar sin esfuerzo su presencia en las redes sociales, posee la asombrosa capacidad de permitir a los usuarios acumular puntos mediante el contenido de compartir contenido en una serie de plataformas de redes sociales preeminentes, a saber. , Twitter, LinkedIn y Pinterest. En virtud de su interfaz f\u00e1cil de usar y sus controles intuitivamente navegables, la acci\u00f3n social MyCred se suma que simplifica inal\u00e1mbrico el proceso de configuraci\u00f3n y supervisi\u00f3n de campa\u00f1as de intercambio social, examinando meticulosamente la actividad de los usuarios y compensando debidamente a los usuarios por su compromiso inquebrantable. Independientemente de si uno se identifica como un blogger concienzudo, un vendedor astuto o un propietario de un negocio sagaz que aspira ardientemente a ampliar sus horizontes, la participaci\u00f3n social mided. estrategia.<\/p>\n<ul>\n<li>Impulse la presencia de las redes sociales permitiendo a los usuarios compartir contenido del sitio en sus perfiles de redes sociales<\/li>\n<li>Aumentar el tr\u00e1fico del sitio web a trav\u00e9s del aumento del intercambio social<\/li>\n<li>Personalice qu\u00e9 redes sociales est\u00e1n disponibles para compartir<\/li>\n<li>Puntos de establecimiento otorgados a los usuarios por compartir contenido en perfiles de redes sociales espec\u00edficos<\/li>\n<li>Fomentar la participaci\u00f3n del usuario con las recompensas para compartir social<\/li>\n<li>Rastrear y gestionar f\u00e1cilmente la actividad de compartir social en el registro de puntos MyCred<\/li>\n<li>Se integra perfectamente con MyCred Plugin y otros sitios de WordPress<\/li>\n<li>Interfaz f\u00e1cil e intuitiva para un f\u00e1cil intercambio social de navegaci\u00f3n<\/li>\n<li>Simplifique la gesti\u00f3n de las redes sociales con opciones de intercambio social centralizadas en el sitio web<\/li>\n<li>Vers\u00e1til para cualquier sitio web con presencia en las redes sociales.<\/li>\n<\/ul>\n","protected":false},"excerpt":{"rendered":"<p>El MyCred Social Share Add On es una herramienta altamente indispensable y crucial para aumentar y amplificar su presencia en l\u00ednea en varias plataformas de redes sociales. Al integrar este complemento, podr\u00e1 motivar e incentivar de manera efectiva a los usuarios a difundir y circular su contenido valioso y convincente en plataformas de redes sociales bien conocidas y ampliamente utilizadas como Facebook, Twitter y LinkedIn, todo mientras obtiene puntos MyCred. Esta caracter\u00edstica innovadora no solo act\u00faa como un catalizador para alentar a los usuarios a propagar y difundir contenido e informaci\u00f3n sobre su marca, sino que tambi\u00e9n sirve como una muestra de agradecimiento al recompensarlos por sus esfuerzos dedicados y concertados. Sin lugar a dudas, este complemento es un activo indispensable y obligatorio para cualquier entidad individual o comercial con el objetivo de reforzar y aumentar sus niveles de seguimiento y compromiso de las redes sociales.<\/p>\n","protected":false},"featured_media":166866,"comment_status":"open","ping_status":"open","template":"","meta":[],"product_brand":[2503],"product_cat":[1214,1206,1211],"product_tag":[2187],"class_list":{"0":"post-116094","1":"product","2":"type-product","3":"status-publish","4":"has-post-thumbnail","6":"product_brand-mycred","7":"product_cat-personalizacion","8":"product_cat-plugins","9":"product_cat-wordpress-plugins","10":"product_tag-mycred","11":"member-discount","12":"discount-restricted","14":"first","15":"instock","16":"sale","17":"downloadable","18":"virtual","19":"sold-individually","20":"purchasable","21":"product-type-simple"},"_links":{"self":[{"href":"https:\/\/gpl-love.com\/es\/wp-json\/wp\/v2\/product\/116094","targetHints":{"allow":["GET"]}}],"collection":[{"href":"https:\/\/gpl-love.com\/es\/wp-json\/wp\/v2\/product"}],"about":[{"href":"https:\/\/gpl-love.com\/es\/wp-json\/wp\/v2\/types\/product"}],"replies":[{"embeddable":true,"href":"https:\/\/gpl-love.com\/es\/wp-json\/wp\/v2\/comments?post=116094"}],"wp:featuredmedia":[{"embeddable":true,"href":"https:\/\/gpl-love.com\/es\/wp-json\/wp\/v2\/media\/166866"}],"wp:attachment":[{"href":"https:\/\/gpl-love.com\/es\/wp-json\/wp\/v2\/media?parent=116094"}],"wp:term":[{"taxonomy":"product_brand","embeddable":true,"href":"https:\/\/gpl-love.com\/es\/wp-json\/wp\/v2\/product_brand?post=116094"},{"taxonomy":"product_cat","embeddable":true,"href":"https:\/\/gpl-love.com\/es\/wp-json\/wp\/v2\/product_cat?post=116094"},{"taxonomy":"product_tag","embeddable":true,"href":"https:\/\/gpl-love.com\/es\/wp-json\/wp\/v2\/product_tag?post=116094"}],"curies":[{"name":"wp","href":"https:\/\/api.w.org\/{rel}","templated":true}]}}