{"id":116092,"date":"2025-08-09T00:00:00","date_gmt":"2025-08-09T05:00:00","guid":{"rendered":"http:\/\/gpl-love.com\/es\/?post_type=product&#038;p=116092"},"modified":"2026-04-10T11:17:42","modified_gmt":"2026-04-10T16:17:42","slug":"mycred-wcvendors","status":"publish","type":"product","link":"https:\/\/gpl-love.com\/es\/producto\/mycred-wcvendors\/","title":{"rendered":"myCred WC Vendors 1.1.3"},"content":{"rendered":"<h3>myCred WC Vendors Caracteristicas<\/h3>\n<p>Los proveedores de MyCred WC, un complemento robusto dise\u00f1ado para mercados con WooCommerce, ofrece una gran cantidad de caracter\u00edsticas que permiten a los proveedores acumular y utilizar puntos a cambio de sus ventas. Al aprovechar a los proveedores de WC MyCred, los proveedores pueden monitorear sin esfuerzo sus puntos y recompensas, fomentando as\u00ed una mayor sensaci\u00f3n de motivaci\u00f3n y participaci\u00f3n en el mercado expansivo. La inmensa flexibilidad del complemento permite a los propietarios del mercado definir meticulosamente los criterios que rigen la acumulaci\u00f3n y la redenci\u00f3n de puntos, al tiempo que brindan la oportunidad de establecer umbrales y regulaciones de recompensa personalizados. En consecuencia, esta herramienta indispensable estimula efectivamente a los proveedores, impuls\u00e1ndolos hacia un aumento de las ventas y una trayectoria de rendimiento mejorada dentro del panorama del mercado altamente competitivo. Por lo tanto, queda inequ\u00edvocamente claro que los proveedores de WC MyCred es un activo indispensable, una necesidad absoluta para cualquier mercado de WooCommerce que busque cultivar la participaci\u00f3n de los proveedores y facilitar el crecimiento.<\/p>\n<ul>\n<li>Integra MyCred, un poderoso sistema de gesti\u00f3n de puntos, con proveedores de WC, una plataforma de mercado de m\u00faltiples proveedores<\/li>\n<li>Permite a los proveedores ganar y canjear puntos por sus ventas y compras en la plataforma de proveedores WC<\/li>\n<li>Proporciona una interfaz personalizable y f\u00e1cil de usar para que los proveedores vean sus saldos y transacciones de puntos<\/li>\n<li>Permite a los propietarios del sitio configurar reglas y recompensas para la ganancia y la redenci\u00f3n de puntos, incluidos los descuentos y promociones exclusivas<\/li>\n<li>Ofrece una integraci\u00f3n perfecta con otros complementos MyCred, como integraciones de redes sociales y opciones de transferencia de puntos<\/li>\n<li>Compatible con las \u00faltimas versiones de los proveedores de WordPress, WooCommerce y WC para la m\u00e1xima funcionalidad y seguridad<\/li>\n<li>Proporciona documentaci\u00f3n detallada y soporte para una f\u00e1cil instalaci\u00f3n y configuraci\u00f3n<\/li>\n<li>Ayuda a mejorar la participaci\u00f3n del cliente al alentar las compras repetidas y aumentar la lealtad a trav\u00e9s de los puntos de recompensa<\/li>\n<li>Proporciona informaci\u00f3n sobre el rendimiento del proveedor a trav\u00e9s de herramientas de seguimiento de datos e informes para una mejor toma de decisiones comerciales<\/li>\n<\/ul>\n","protected":false},"excerpt":{"rendered":"<p>MyCred WC proveedores es un complemento altamente beneficioso y eficiente desarrollado espec\u00edficamente con el prop\u00f3sito de ayudar a los proveedores que utilizan WooCommerce (WC) para crear e implementar su propio programa de recompensa o de recompensa personalizado e integral. Al integrar a los proveedores de WC MyCred en su sistema, los proveedores est\u00e1n facultados con la capacidad de no solo extender su gratitud a los clientes ofreci\u00e9ndoles puntos valiosos y deseables para una variedad de actividades como compras, referencias, acciones de redes sociales y les gusta, entre otros, entre otros, entre otros, entre otros, entre otros, entre otros, Pero estos puntos tambi\u00e9n se pueden intercambiar posteriormente por una mir\u00edada de recompensas atractivas, incluidos, entre otros, descuentos, productos gratuitos y una variedad de otros incentivos atractivos. Adem\u00e1s, este complemento mejora a\u00fan m\u00e1s la experiencia del usuario al equipar a los proveedores con una interfaz intuitiva y f\u00e1cil de usar, que facilita la gesti\u00f3n perfecta de su programa de recompensas, as\u00ed como el seguimiento eficiente y preciso de la actividad del cliente. Por lo tanto, si usted es un individuo que opera una tienda de proveedores de WC y est\u00e1 impulsado por el deseo de reconocer y recompensar efectivamente su invaluable y apreciada base de clientes leales, los proveedores de WC MyCred emergen inequ\u00edvocamente como la herramienta por excelencia que sin duda atender\u00e1 sus requisitos espec\u00edficos y sus requisitos espec\u00edficos y supere sus expectativas.<\/p>\n","protected":false},"featured_media":166871,"comment_status":"open","ping_status":"open","template":"","meta":[],"product_brand":[2503],"product_cat":[1214,1206,1211],"product_tag":[2187],"class_list":{"0":"post-116092","1":"product","2":"type-product","3":"status-publish","4":"has-post-thumbnail","6":"product_brand-mycred","7":"product_cat-personalizacion","8":"product_cat-plugins","9":"product_cat-wordpress-plugins","10":"product_tag-mycred","11":"member-discount","12":"discount-restricted","14":"first","15":"instock","16":"sale","17":"downloadable","18":"virtual","19":"sold-individually","20":"purchasable","21":"product-type-simple"},"_links":{"self":[{"href":"https:\/\/gpl-love.com\/es\/wp-json\/wp\/v2\/product\/116092","targetHints":{"allow":["GET"]}}],"collection":[{"href":"https:\/\/gpl-love.com\/es\/wp-json\/wp\/v2\/product"}],"about":[{"href":"https:\/\/gpl-love.com\/es\/wp-json\/wp\/v2\/types\/product"}],"replies":[{"embeddable":true,"href":"https:\/\/gpl-love.com\/es\/wp-json\/wp\/v2\/comments?post=116092"}],"wp:featuredmedia":[{"embeddable":true,"href":"https:\/\/gpl-love.com\/es\/wp-json\/wp\/v2\/media\/166871"}],"wp:attachment":[{"href":"https:\/\/gpl-love.com\/es\/wp-json\/wp\/v2\/media?parent=116092"}],"wp:term":[{"taxonomy":"product_brand","embeddable":true,"href":"https:\/\/gpl-love.com\/es\/wp-json\/wp\/v2\/product_brand?post=116092"},{"taxonomy":"product_cat","embeddable":true,"href":"https:\/\/gpl-love.com\/es\/wp-json\/wp\/v2\/product_cat?post=116092"},{"taxonomy":"product_tag","embeddable":true,"href":"https:\/\/gpl-love.com\/es\/wp-json\/wp\/v2\/product_tag?post=116092"}],"curies":[{"name":"wp","href":"https:\/\/api.w.org\/{rel}","templated":true}]}}