{"id":116090,"date":"2025-08-09T00:00:00","date_gmt":"2025-08-09T05:00:00","guid":{"rendered":"http:\/\/gpl-love.com\/es\/?post_type=product&#038;p=116090"},"modified":"2026-04-10T11:17:33","modified_gmt":"2026-04-10T16:17:33","slug":"mycred-pacman","status":"publish","type":"product","link":"https:\/\/gpl-love.com\/es\/producto\/mycred-pacman\/","title":{"rendered":"mycred Pacman 2.4"},"content":{"rendered":"<h3>mycred Pacman Caracteristicas<\/h3>\n<p>Mycred Pacman, una herramienta de gamificaci\u00f3n incre\u00edblemente poderosa, presenta una oportunidad excepcional para que los propietarios de sitios web mejoren la participaci\u00f3n del usuario y fomenten la lealtad, mientras que proporciona una experiencia encantadora y gratificante para sus valiosos visitantes. Al emplear este complemento ingenioso, los propietarios de sitios web pueden establecer sin esfuerzo un sistema de divisas virtual que alienta efectivamente a los usuarios a embarcarse en acciones espec\u00edficas en su sitio web, ya sea la publicaci\u00f3n de comentarios, compartir contenido o participaci\u00f3n activa en encuestas. En consecuencia, los usuarios pueden emplear estos cr\u00e9ditos virtuales para recuperar recompensas atractivas o obtener acceso a contenido exclusivo, inculcando as\u00ed dentro de ellos un profundo sentido de logro y satisfacci\u00f3n. Con una interfaz de usuario intuitiva y una amplia gama de opciones de personalizaci\u00f3n a disposici\u00f3n de uno, se hace inequ\u00edvocamente evidente que MyCred Pacman es un activo indispensable para cualquier sitio web exigente interesado en elevar su participaci\u00f3n de los usuarios a alturas sin precedentes e impulsar una afluencia sustancial de tr\u00e1fico.<\/p>\n<ul>\n<li>Presentamos a Mycred Pacman, la \u00faltima incorporaci\u00f3n a la familia de productos MyCred.<\/li>\n<li>Una experiencia de juego emocionante y atractiva, Mycred Pacman te permite ganar recompensas mientras juegas.<\/li>\n<li>Con los ic\u00f3nicos personajes y el juego de Pacman, este juego seguramente traer\u00e1 recuerdos nost\u00e1lgicos al tiempo que proporciona un toque fresco y moderno.<\/li>\n<li>Con cada juego que juegas, tienes la oportunidad de ganar puntos MyCred que pueden canjearse por premios y recompensas.<\/li>\n<li>Cuantos m\u00e1s puntos acumule, mayores ser\u00e1n las recompensas que puede reclamar.<\/li>\n<li>Los controles simples e intuitivos hacen que MyCred Pacman sea accesible para los jugadores de todos los niveles de habilidad.<\/li>\n<li>Compatible con una amplia gama de dispositivos, MyCred Pacman es la soluci\u00f3n de juegos ideal para las personas sobre la marcha.<\/li>\n<li>Entretenedor y adictivo, Mycred Pacman es perfecto para aquellos que buscan una forma divertida de ganar recompensas y matar algo de tiempo.<\/li>\n<\/ul>\n","protected":false},"excerpt":{"rendered":"<p>El juego de Mycred Pacman es una experiencia inmensamente agradable y cautivadora, donde las personas tienen la tarea de maniobrar h\u00e1bilmente a Pacman a trav\u00e9s de los intrincados laberintos, mientras acumulan valiosos cr\u00e9ditos. Estos cr\u00e9ditos, a su vez, se pueden intercambiar por una variedad de recompensas atractivas y ventajas exclusivas dentro del extenso programa de membres\u00eda MyCred. Con una gr\u00e1fica vibrante y visualmente atractiva, as\u00ed como una f\u00f3rmula de juego atemporal, Mycred Pacman presenta una v\u00eda distintiva e incomparable para que las personas acumulen recompensas de una manera deliciosamente entretenida.<\/p>\n","protected":false},"featured_media":166858,"comment_status":"open","ping_status":"open","template":"","meta":[],"product_brand":[2503],"product_cat":[1214,1206,1211],"product_tag":[2187],"class_list":{"0":"post-116090","1":"product","2":"type-product","3":"status-publish","4":"has-post-thumbnail","6":"product_brand-mycred","7":"product_cat-personalizacion","8":"product_cat-plugins","9":"product_cat-wordpress-plugins","10":"product_tag-mycred","11":"member-discount","12":"discount-restricted","14":"first","15":"instock","16":"sale","17":"downloadable","18":"virtual","19":"sold-individually","20":"purchasable","21":"product-type-simple"},"_links":{"self":[{"href":"https:\/\/gpl-love.com\/es\/wp-json\/wp\/v2\/product\/116090","targetHints":{"allow":["GET"]}}],"collection":[{"href":"https:\/\/gpl-love.com\/es\/wp-json\/wp\/v2\/product"}],"about":[{"href":"https:\/\/gpl-love.com\/es\/wp-json\/wp\/v2\/types\/product"}],"replies":[{"embeddable":true,"href":"https:\/\/gpl-love.com\/es\/wp-json\/wp\/v2\/comments?post=116090"}],"wp:featuredmedia":[{"embeddable":true,"href":"https:\/\/gpl-love.com\/es\/wp-json\/wp\/v2\/media\/166858"}],"wp:attachment":[{"href":"https:\/\/gpl-love.com\/es\/wp-json\/wp\/v2\/media?parent=116090"}],"wp:term":[{"taxonomy":"product_brand","embeddable":true,"href":"https:\/\/gpl-love.com\/es\/wp-json\/wp\/v2\/product_brand?post=116090"},{"taxonomy":"product_cat","embeddable":true,"href":"https:\/\/gpl-love.com\/es\/wp-json\/wp\/v2\/product_cat?post=116090"},{"taxonomy":"product_tag","embeddable":true,"href":"https:\/\/gpl-love.com\/es\/wp-json\/wp\/v2\/product_tag?post=116090"}],"curies":[{"name":"wp","href":"https:\/\/api.w.org\/{rel}","templated":true}]}}