{"id":116088,"date":"2024-10-21T00:00:00","date_gmt":"2024-10-21T05:00:00","guid":{"rendered":"http:\/\/gpl-love.com\/es\/?post_type=product&#038;p=116088"},"modified":"2026-03-09T07:52:47","modified_gmt":"2026-03-09T12:52:47","slug":"mycred-transfer-plus","status":"publish","type":"product","link":"https:\/\/gpl-love.com\/es\/producto\/mycred-transfer-plus\/","title":{"rendered":"myCred Transfer Plus 1.4.2"},"content":{"rendered":"<h3>myCred Transfer Plus Caracteristicas<\/h3>\n<p>MyCred Transfer Plus, una herramienta incre\u00edblemente robusta y avanzada, ha sido meticulosamente elaborada para optimizar y simplificar el intrincado proceso de transferencia de puntos MyCred entre los usuarios en los sitios web de WordPress. Este complemento revolucionario ha sido dise\u00f1ado ingeniosamente para capacitar a los propietarios de sitios web, otorg\u00e1ndoles una facilidad sin igual para administrar y rastrear meticulosamente las transferencias de puntos, lo que garantiza un proceso de transacci\u00f3n impecablemente sin problemas e inquebrantable. Adem\u00e1s, esta herramienta incomparable va m\u00e1s all\u00e1 al dotar a los usuarios con una extensa gama de opciones cuando se trata de administrar transferencias. Estas opciones notables incluyen la capacidad de establecer l\u00edmites de transferencia m\u00ednimos y m\u00e1ximos, as\u00ed como la opci\u00f3n de implementar tarifas de transferencia. Por lo tanto, ya sea que se encuentre al tim\u00f3n de un sitio de membres\u00eda de vanguardia, una plataforma din\u00e1mica de aprendizaje electr\u00f3nico o una tienda innovadora en l\u00ednea, MyCred Transfer Plus es un complemento absolutamente indispensable que optimizar\u00e1 sin esfuerzo y eficientemente su proceso de transferencia de puntos MICRED, Elevando su sitio web a alturas sin precedentes de eficiencia y eficacia.<\/p>\n<ul>\n<li>Transferir de forma segura los puntos MyCred entre usuarios y cuentas<\/li>\n<li>Liberar puntos que ya no se necesitar\u00e1n para que un usuario los use para otro prop\u00f3sito<\/li>\n<li>Administrar y rastrear f\u00e1cilmente las transferencias de punto dentro de su sistema MyCred<\/li>\n<li>Elimina la necesidad de transferencias o ajustes de puntos manuales<\/li>\n<li>Se puede utilizar para una variedad de escenarios del programa de recompensa y fidelizaci\u00f3n<\/li>\n<li>Compatible con sitios web de WordPress e integra con MyCred Plugin<\/li>\n<li>Proporciona una mayor flexibilidad y opciones de personalizaci\u00f3n para la gesti\u00f3n de puntos MyCred<\/li>\n<li>Ahorra tiempo y reduce los errores a trav\u00e9s de transferencias de puntos automatizadas<\/li>\n<li>Mejora la participaci\u00f3n del usuario y la satisfacci\u00f3n con su programa de fidelizaci\u00f3n<\/li>\n<li>Soporte y documentaci\u00f3n disponibles para una f\u00e1cil implementaci\u00f3n y uso.<\/li>\n<\/ul>\n","protected":false},"excerpt":{"rendered":"<p>MyCred Transfer Plus, un complemento de WordPress altamente robusto, presenta una capacidad excepcional al permitir la transferencia sin esfuerzo de puntos MyCred entre los usuarios. Este ingenioso complemento facilita el movimiento r\u00e1pido y sin problemas de los puntos de un usuario a otro, lo que lo convierte en una opci\u00f3n \u00f3ptima para administrar de manera competente recompensas o incentivos dentro de su comunidad digital o sistema de comercio electr\u00f3nico. Con su facilidad de uso innato, este complemento ofrece opciones de personalizaci\u00f3n completas y una variedad de caracter\u00edsticas avanzadas, que abarca el soporte m\u00faltiple, registros de transacciones meticulosas y una variedad de funcionalidades adicionales. Como resultado, MyCred Transfer Plus emerge como la soluci\u00f3n definitiva, que atiende a los diversos requisitos de cualquier sitio web que aspire a incorporar recompensas de gamificaci\u00f3n cautivadores.<\/p>\n","protected":false},"featured_media":166868,"comment_status":"open","ping_status":"open","template":"","meta":[],"product_brand":[2503],"product_cat":[1214,1206,1211],"product_tag":[2187],"class_list":{"0":"post-116088","1":"product","2":"type-product","3":"status-publish","4":"has-post-thumbnail","6":"product_brand-mycred","7":"product_cat-personalizacion","8":"product_cat-plugins","9":"product_cat-wordpress-plugins","10":"product_tag-mycred","11":"member-discount","12":"discount-restricted","14":"first","15":"instock","16":"sale","17":"downloadable","18":"virtual","19":"sold-individually","20":"purchasable","21":"product-type-simple"},"_links":{"self":[{"href":"https:\/\/gpl-love.com\/es\/wp-json\/wp\/v2\/product\/116088","targetHints":{"allow":["GET"]}}],"collection":[{"href":"https:\/\/gpl-love.com\/es\/wp-json\/wp\/v2\/product"}],"about":[{"href":"https:\/\/gpl-love.com\/es\/wp-json\/wp\/v2\/types\/product"}],"replies":[{"embeddable":true,"href":"https:\/\/gpl-love.com\/es\/wp-json\/wp\/v2\/comments?post=116088"}],"wp:featuredmedia":[{"embeddable":true,"href":"https:\/\/gpl-love.com\/es\/wp-json\/wp\/v2\/media\/166868"}],"wp:attachment":[{"href":"https:\/\/gpl-love.com\/es\/wp-json\/wp\/v2\/media?parent=116088"}],"wp:term":[{"taxonomy":"product_brand","embeddable":true,"href":"https:\/\/gpl-love.com\/es\/wp-json\/wp\/v2\/product_brand?post=116088"},{"taxonomy":"product_cat","embeddable":true,"href":"https:\/\/gpl-love.com\/es\/wp-json\/wp\/v2\/product_cat?post=116088"},{"taxonomy":"product_tag","embeddable":true,"href":"https:\/\/gpl-love.com\/es\/wp-json\/wp\/v2\/product_tag?post=116088"}],"curies":[{"name":"wp","href":"https:\/\/api.w.org\/{rel}","templated":true}]}}