{"id":116086,"date":"2024-02-08T00:00:00","date_gmt":"2024-02-08T05:00:00","guid":{"rendered":"http:\/\/gpl-love.com\/es\/?post_type=product&#038;p=116086"},"modified":"2026-04-10T11:17:40","modified_gmt":"2026-04-10T16:17:40","slug":"mycred-spin-wheel","status":"publish","type":"product","link":"https:\/\/gpl-love.com\/es\/producto\/mycred-spin-wheel\/","title":{"rendered":"myCred Wheel of Fortune 1.5.7"},"content":{"rendered":"<h3>myCred Wheel of Fortune Caracteristicas<\/h3>\n<p>La rueda giratoria MyCred sirve como una herramienta interactiva para fines de gamificaci\u00f3n, lo que permite a los propietarios de sitios web involucrar efectivamente a sus usuarios y otorgarles puntos o premios como una forma de recompensa. Este notable complemento contribuye con un medio encantador y estimulante para que los usuarios acumulen puntos a trav\u00e9s de la simple acci\u00f3n de girar una rueda. Cada segmento distinto de la rueda puede personalizarse y adaptarse para presentar valores de puntos diversos o recompensas atractivas, proporcionando as\u00ed a los usuarios un motivo convincente para regresar y participar repetidamente en esta actividad atractiva. Adem\u00e1s, la MyCred Spin Wheel ofrece opciones de personalizaci\u00f3n completas, lo que permite a los usuarios seleccionar entre una amplia gama de temas y colores que se alinean perfectamente con la est\u00e9tica de su sitio web, lo que lo convierte en un complemento ideal para cualquier sitio web que busque amplificar la participaci\u00f3n del usuario y fomentar la lealtad. Con una interfaz intuitiva y una integraci\u00f3n perfecta con MyCred, la rueda giratoria mejora sin esfuerzo la experiencia general del usuario, lo que lo convierte en un activo indispensable para cualquier propietario del sitio web que se esfuerce por optimizar su plataforma.<\/p>\n<ul>\n<li>Forma gamificada de recompensar a los usuarios con puntos MyCred<\/li>\n<li>Dise\u00f1o de ruedas personalizable y opciones de premios<\/li>\n<li>Opci\u00f3n para establecer l\u00edmites de giro por usuario<\/li>\n<li>Se integra a la perfecci\u00f3n con MyCred Plugin<\/li>\n<li>Ayuda a aumentar el compromiso e incentivar la participaci\u00f3n del usuario<\/li>\n<li>Se puede utilizar para varios tipos de recompensas o promociones.<\/li>\n<li>Genera informes y an\u00e1lisis para rastrear el comportamiento del usuario y la distribuci\u00f3n de puntos<\/li>\n<li>Incluye un brevemente para incrustar f\u00e1cilmente en cualquier p\u00e1gina o publicaci\u00f3n<\/li>\n<li>Dise\u00f1os cl\u00e1sicos y modernos de ruedas giratorias disponibles<\/li>\n<li>Compatible con WordPress -0 y superior<\/li>\n<\/ul>\n","protected":false},"excerpt":{"rendered":"<p>La rueda giratoria MyCred se erige como un medio agradable e interactivo para otorgar recompensas a sus estimados usuarios dentro de los l\u00edmites de su estimado sitio web de WordPress. Este complemento ejemplar le permite fabricar una rueda giratoria intrincadamente personalizada, que sus estimados usuarios pueden girar felices y repetidamente para asegurar una variedad de puntos altamente codiciados o incluso premios tangibles. Equipado con una variedad de opciones de personalizaci\u00f3n vers\u00e1tiles, esta herramienta formidable le permite adaptar sin esfuerzo la rueda de spinning para armonizarse sin problemas con la marca general y los elementos tem\u00e1ticos de su sitio web. La capacidad de ofrecer a sus apreciados usuarios la tentadora perspectiva de triunfante emergente en su b\u00fasqueda de recompensas deseables sirve como un incentivo incomparable para que se involucren activamente y se sumergen cada vez m\u00e1s profundamente dentro de las profundidades cautivadoras de su dominio digital estimado. A la luz de estos innumerables beneficios, es l\u00f3gico que la integraci\u00f3n de este complemento exquisitamente elaborado en el tejido de su ilustre sitio web de WordPress represente un curso de acci\u00f3n verdaderamente juicioso y auspicioso.<\/p>\n","protected":false},"featured_media":166867,"comment_status":"open","ping_status":"open","template":"","meta":[],"product_brand":[2503],"product_cat":[1214,1206,1211],"product_tag":[2187],"class_list":{"0":"post-116086","1":"product","2":"type-product","3":"status-publish","4":"has-post-thumbnail","6":"product_brand-mycred","7":"product_cat-personalizacion","8":"product_cat-plugins","9":"product_cat-wordpress-plugins","10":"product_tag-mycred","11":"member-discount","12":"discount-restricted","14":"first","15":"instock","16":"sale","17":"downloadable","18":"virtual","19":"sold-individually","20":"purchasable","21":"product-type-simple"},"_links":{"self":[{"href":"https:\/\/gpl-love.com\/es\/wp-json\/wp\/v2\/product\/116086","targetHints":{"allow":["GET"]}}],"collection":[{"href":"https:\/\/gpl-love.com\/es\/wp-json\/wp\/v2\/product"}],"about":[{"href":"https:\/\/gpl-love.com\/es\/wp-json\/wp\/v2\/types\/product"}],"replies":[{"embeddable":true,"href":"https:\/\/gpl-love.com\/es\/wp-json\/wp\/v2\/comments?post=116086"}],"wp:featuredmedia":[{"embeddable":true,"href":"https:\/\/gpl-love.com\/es\/wp-json\/wp\/v2\/media\/166867"}],"wp:attachment":[{"href":"https:\/\/gpl-love.com\/es\/wp-json\/wp\/v2\/media?parent=116086"}],"wp:term":[{"taxonomy":"product_brand","embeddable":true,"href":"https:\/\/gpl-love.com\/es\/wp-json\/wp\/v2\/product_brand?post=116086"},{"taxonomy":"product_cat","embeddable":true,"href":"https:\/\/gpl-love.com\/es\/wp-json\/wp\/v2\/product_cat?post=116086"},{"taxonomy":"product_tag","embeddable":true,"href":"https:\/\/gpl-love.com\/es\/wp-json\/wp\/v2\/product_tag?post=116086"}],"curies":[{"name":"wp","href":"https:\/\/api.w.org\/{rel}","templated":true}]}}