{"id":116084,"date":"2026-01-24T00:00:00","date_gmt":"2026-01-24T05:00:00","guid":{"rendered":"http:\/\/gpl-love.com\/es\/?post_type=product&#038;p=116084"},"modified":"2026-04-10T11:17:27","modified_gmt":"2026-04-10T16:17:27","slug":"mycred-dokan","status":"publish","type":"product","link":"https:\/\/gpl-love.com\/es\/producto\/mycred-dokan\/","title":{"rendered":"myCred Dokan 1.1.4.1"},"content":{"rendered":"<h3>myCred Dokan Caracteristicas<\/h3>\n<p>Mycred Dokan es un complemento extremadamente robusto que le ofrece la capacidad de proporcionar a sus proveedores puntos e insignias como un medio para reconocer sus ventas y logros. Este complemento en particular se ha adaptado espec\u00edficamente para la utilizaci\u00f3n dentro del mercado de m\u00faltiples proveedores de Dokan, mejorando y enriqueciendo as\u00ed la experiencia general del proveedor al hacerlo m\u00e1s cautivador y gratificante. Con la utilizaci\u00f3n de MyCred Dokan, el establecimiento de sistemas de puntos se facilita sin problemas, lo que le permite personalizar sin esfuerzo los nombres y valores asociados con estos puntos, as\u00ed como la asignaci\u00f3n de insignias a proveedores individuales en funci\u00f3n de sus respectivas actuaciones. Adem\u00e1s, este complemento tambi\u00e9n abarca una amplia gama de caracter\u00edsticas que incluyen, entre otros, la expiraci\u00f3n de puntos, las transferencias de puntos y los reembolsos de puntos, todos los cuales contribuyen eficazmente a la gesti\u00f3n eficiente de su sistema de recompensas. Ya sea que busque motivar a sus proveedores a vender m\u00e1s productos o simplemente aspirar a crear una experiencia de mercado considerablemente m\u00e1s agradable e inmersiva, MyCred Dokan demuestra inequ\u00edvocamente la herramienta por excelencia para cumplir con estos objetivos.<\/p>\n<ul>\n<li>Permite la integraci\u00f3n de Dokan Marketplace con el sistema de recompensas MyCred<\/li>\n<li>Ofrece una experiencia perfecta para que los proveedores y los clientes ganen y redimen los puntos<\/li>\n<li>Permite a los proveedores ofrecer recompensas exclusivas a sus clientes<\/li>\n<li>Proporciona flexibilidad en la configuraci\u00f3n de valores de puntos y reglas de canje<\/li>\n<li>Permite a los proveedores incentivar acciones espec\u00edficas, como revisiones de productos o promoci\u00f3n de redes sociales<\/li>\n<li>Ofrece un tablero f\u00e1cil de usar para una f\u00e1cil gesti\u00f3n de puntos y recompensas<\/li>\n<li>Compatible con varias pasarelas de pago y m\u00e9todos de env\u00edo respaldados por Dokan Marketplace<\/li>\n<li>Proporciona informes detallados y an\u00e1lisis para rastrear las recompensas y los niveles de compromiso.<\/li>\n<\/ul>\n","protected":false},"excerpt":{"rendered":"<p>Mycred Dokan, un complemento muy robusto, le permite otorgar recompensas a sus valiosos clientes, fomentando as\u00ed una sensaci\u00f3n de agradecimiento por cada compra en su mercado en l\u00ednea, que funciona con la estimada plataforma Dokan. En particular, este complemento excepcional le brinda la ventaja incomparable de personalizar las recompensas y los puntos que se extiende a sus apreciados clientes, lo que le endurece la mayor flexibilidad de atraer y retener una base de clientes a\u00fan m\u00e1s grande. Al aprovechar el poder de MyCred Dokan, usted establece sin esfuerzo un programa de lealtad integral, dise\u00f1ado ingeniosamente para incentivar las compras frecuentes y, en consecuencia, impulsar el crecimiento de sus ventas, reforzando en gran medida la prosperidad de su empresa. Lo m\u00e1s importante, es esencial mencionar que este complemento es incre\u00edblemente f\u00e1cil de usar, con el testimonio de su notable facilidad de instalaci\u00f3n e integraci\u00f3n perfecta con la plataforma Dokan. Por lo tanto, le instamos sinceramente a aprovechar esta oportunidad y embarcarnos en un viaje de satisfacci\u00f3n incomparable del cliente e ingresos comerciales exponenciales al desplegar MyCred Dokan sin demora.<\/p>\n","protected":false},"featured_media":166849,"comment_status":"open","ping_status":"open","template":"","meta":[],"product_brand":[2503],"product_cat":[1214,1206,1211],"product_tag":[2187],"class_list":{"0":"post-116084","1":"product","2":"type-product","3":"status-publish","4":"has-post-thumbnail","6":"product_brand-mycred","7":"product_cat-personalizacion","8":"product_cat-plugins","9":"product_cat-wordpress-plugins","10":"product_tag-mycred","11":"member-discount","12":"discount-restricted","14":"first","15":"instock","16":"sale","17":"downloadable","18":"virtual","19":"sold-individually","20":"purchasable","21":"product-type-simple"},"_links":{"self":[{"href":"https:\/\/gpl-love.com\/es\/wp-json\/wp\/v2\/product\/116084","targetHints":{"allow":["GET"]}}],"collection":[{"href":"https:\/\/gpl-love.com\/es\/wp-json\/wp\/v2\/product"}],"about":[{"href":"https:\/\/gpl-love.com\/es\/wp-json\/wp\/v2\/types\/product"}],"replies":[{"embeddable":true,"href":"https:\/\/gpl-love.com\/es\/wp-json\/wp\/v2\/comments?post=116084"}],"wp:featuredmedia":[{"embeddable":true,"href":"https:\/\/gpl-love.com\/es\/wp-json\/wp\/v2\/media\/166849"}],"wp:attachment":[{"href":"https:\/\/gpl-love.com\/es\/wp-json\/wp\/v2\/media?parent=116084"}],"wp:term":[{"taxonomy":"product_brand","embeddable":true,"href":"https:\/\/gpl-love.com\/es\/wp-json\/wp\/v2\/product_brand?post=116084"},{"taxonomy":"product_cat","embeddable":true,"href":"https:\/\/gpl-love.com\/es\/wp-json\/wp\/v2\/product_cat?post=116084"},{"taxonomy":"product_tag","embeddable":true,"href":"https:\/\/gpl-love.com\/es\/wp-json\/wp\/v2\/product_tag?post=116084"}],"curies":[{"name":"wp","href":"https:\/\/api.w.org\/{rel}","templated":true}]}}